{"id":523759,"date":"2025-07-30T09:31:20","date_gmt":"2025-07-30T07:31:20","guid":{"rendered":"https:\/\/lucacastelli.com\/prodotto\/stihl-zaino-refrigerato-timbersports-2\/"},"modified":"2025-07-30T09:31:25","modified_gmt":"2025-07-30T07:31:25","slug":"stihl-zaino-refrigerato-timbersports-2","status":"publish","type":"product","link":"https:\/\/lucacastelli.com\/fr\/produit\/stihl-zaino-refrigerato-timbersports-2\/","title":{"rendered":"STIHL Zaino refrigerato TIMBERSPORTS"},"content":{"rendered":"<p>Envie d&#8217;un pique-nique estival agr\u00e9able ? Avec le sac \u00e0 dos r\u00e9frig\u00e9rant TIMBERSPORTS\u00ae, les aliments et les boissons restent au frais m\u00eame \u00e0 des temp\u00e9ratures \u00e9lev\u00e9es. Le sac \u00e0 dos a un design sportif. Il est d\u00e9cor\u00e9 de haches typiques de TIMBERSPORTS\u00ae et du logo TIMBERSPORTS\u00ae et comporte des fermetures \u00e0 glissi\u00e8re avec un design STIHL starter grip. Le sac \u00e0 dos isotherme est fabriqu\u00e9 en mat\u00e9riau hydrofuge. Il est facile \u00e0 nettoyer.<\/p>\n<p>B\u00e2che, isolation en mousse de 5 mm pour un refroidissement prolong\u00e9, int\u00e9rieur rev\u00eatu d&#8217;aluminium.<\/p>\n<p>Couleur Noir \/ Blanc \/ Orange<br \/>\nDimensions approx. 45 x 30 x 15 cm<\/p>\n","protected":false},"excerpt":{"rendered":"<p>Envie d&#8217;un pique-nique estival agr\u00e9able ? Avec le sac \u00e0 dos r\u00e9frig\u00e9rant TIMBERSPORTS\u00ae, les aliments et les boissons restent au<\/p>\n","protected":false},"featured_media":523752,"template":"","meta":{"_seopress_robots_primary_cat":"","_seopress_titles_title":"","_seopress_titles_desc":"","_seopress_robots_index":""},"product_brand":[3555],"product_cat":[1477],"product_tag":[],"class_list":{"0":"post-523759","1":"product","2":"type-product","3":"status-publish","4":"has-post-thumbnail","6":"product_brand-stihl-fr","7":"product_cat-shop-fr","9":"first","10":"instock","11":"shipping-taxable","12":"purchasable","13":"product-type-simple"},"_links":{"self":[{"href":"https:\/\/lucacastelli.com\/fr\/wp-json\/wp\/v2\/product\/523759","targetHints":{"allow":["GET"]}}],"collection":[{"href":"https:\/\/lucacastelli.com\/fr\/wp-json\/wp\/v2\/product"}],"about":[{"href":"https:\/\/lucacastelli.com\/fr\/wp-json\/wp\/v2\/types\/product"}],"wp:featuredmedia":[{"embeddable":true,"href":"https:\/\/lucacastelli.com\/fr\/wp-json\/wp\/v2\/media\/523752"}],"wp:attachment":[{"href":"https:\/\/lucacastelli.com\/fr\/wp-json\/wp\/v2\/media?parent=523759"}],"wp:term":[{"taxonomy":"product_brand","embeddable":true,"href":"https:\/\/lucacastelli.com\/fr\/wp-json\/wp\/v2\/product_brand?post=523759"},{"taxonomy":"product_cat","embeddable":true,"href":"https:\/\/lucacastelli.com\/fr\/wp-json\/wp\/v2\/product_cat?post=523759"},{"taxonomy":"product_tag","embeddable":true,"href":"https:\/\/lucacastelli.com\/fr\/wp-json\/wp\/v2\/product_tag?post=523759"}],"curies":[{"name":"wp","href":"https:\/\/api.w.org\/{rel}","templated":true}]}}