{"id":523684,"date":"2025-07-30T08:36:10","date_gmt":"2025-07-30T06:36:10","guid":{"rendered":"https:\/\/lucacastelli.com\/prodotto\/stihl-lamiera-raccogli-erba-2\/"},"modified":"2026-03-02T09:30:21","modified_gmt":"2026-03-02T08:30:21","slug":"stihl-lamiera-raccogli-erba-2","status":"publish","type":"product","link":"https:\/\/lucacastelli.com\/fr\/produit\/stihl-lamiera-raccogli-erba-2\/","title":{"rendered":"STIHL T\u00f4le ramasse-herbe"},"content":{"rendered":"<p>Pour la collecte et l&#8217;\u00e9limination du mat\u00e9riel coup\u00e9.<br \/>\nPeut \u00eatre mont\u00e9 des deux c\u00f4t\u00e9s sans outil.<\/p>\n","protected":false},"excerpt":{"rendered":"<p>Pour la collecte et l&#8217;\u00e9limination du mat\u00e9riel coup\u00e9. Peut \u00eatre mont\u00e9 des deux c\u00f4t\u00e9s sans outil.<\/p>\n","protected":false},"featured_media":523679,"template":"","meta":{"_seopress_robots_primary_cat":"","_seopress_titles_title":"","_seopress_titles_desc":"","_seopress_robots_index":""},"product_brand":[3366],"product_cat":[29],"product_tag":[],"class_list":{"0":"post-523684","1":"product","2":"type-product","3":"status-publish","4":"has-post-thumbnail","6":"product_brand-stihl","7":"product_cat-macchinari","8":"sws-gruppo-abb-libero-fr","9":"sws-conto-ricavi-merci-rivendita-macchinari-fr","10":"sws-gruppo-iva-iva81-fr","12":"first","13":"onbackorder","14":"shipping-taxable","15":"purchasable","16":"product-type-variable"},"_links":{"self":[{"href":"https:\/\/lucacastelli.com\/fr\/wp-json\/wp\/v2\/product\/523684","targetHints":{"allow":["GET"]}}],"collection":[{"href":"https:\/\/lucacastelli.com\/fr\/wp-json\/wp\/v2\/product"}],"about":[{"href":"https:\/\/lucacastelli.com\/fr\/wp-json\/wp\/v2\/types\/product"}],"wp:featuredmedia":[{"embeddable":true,"href":"https:\/\/lucacastelli.com\/fr\/wp-json\/wp\/v2\/media\/523679"}],"wp:attachment":[{"href":"https:\/\/lucacastelli.com\/fr\/wp-json\/wp\/v2\/media?parent=523684"}],"wp:term":[{"taxonomy":"product_brand","embeddable":true,"href":"https:\/\/lucacastelli.com\/fr\/wp-json\/wp\/v2\/product_brand?post=523684"},{"taxonomy":"product_cat","embeddable":true,"href":"https:\/\/lucacastelli.com\/fr\/wp-json\/wp\/v2\/product_cat?post=523684"},{"taxonomy":"product_tag","embeddable":true,"href":"https:\/\/lucacastelli.com\/fr\/wp-json\/wp\/v2\/product_tag?post=523684"}],"curies":[{"name":"wp","href":"https:\/\/api.w.org\/{rel}","templated":true}]}}