{"id":523664,"date":"2025-07-30T08:24:41","date_gmt":"2025-07-30T06:24:41","guid":{"rendered":"https:\/\/lucacastelli.com\/prodotto\/stihl-cappellino-contra-59-2\/"},"modified":"2025-10-11T18:29:37","modified_gmt":"2025-10-11T16:29:37","slug":"stihl-cappellino-contra-59-2","status":"publish","type":"product","link":"https:\/\/lucacastelli.com\/fr\/produit\/stihl-cappellino-contra-59-2\/","title":{"rendered":"Capuchon STIHL CONTRA 59"},"content":{"rendered":"<p>Toujours bien vue : la casquette \u00e0 5 panneaux en gris\/beige. La fermeture \u00e0 bouton-pression permet d&#8217;ajuster individuellement la taille de la casquette. L&#8217;insigne brod\u00e9 repr\u00e9sente la l\u00e9gendaire STIHL Contra. Le motif est entour\u00e9 de l&#8217;inscription &#8220;ONE MAN POWER CHAINSAW&#8221;.   <\/p>\n<p>100 % coton<br \/>\nCOULEUR : Gris\/Beige<br \/>\nTAILLE UNIQUE  <\/p>\n","protected":false},"excerpt":{"rendered":"<p>Toujours bien vue : la casquette \u00e0 5 panneaux en gris\/beige. La fermeture \u00e0 bouton-pression permet d&#8217;ajuster individuellement la taille<\/p>\n","protected":false},"featured_media":523659,"template":"","meta":{"_seopress_robots_primary_cat":"","_seopress_titles_title":"","_seopress_titles_desc":"","_seopress_robots_index":""},"product_brand":[3366],"product_cat":[21,186],"product_tag":[],"class_list":{"0":"post-523664","1":"product","2":"type-product","3":"status-publish","4":"has-post-thumbnail","6":"product_brand-stihl","7":"product_cat-abbigliamento","8":"product_cat-accessori-per-labbigliamento","9":"sws-gruppo-abb-libero-fr","10":"sws-conto-ricavi-merci-rivendita-abbigliamento-fr","11":"sws-gruppo-iva-iva81-fr","13":"first","14":"onbackorder","15":"shipping-taxable","16":"purchasable","17":"product-type-simple"},"_links":{"self":[{"href":"https:\/\/lucacastelli.com\/fr\/wp-json\/wp\/v2\/product\/523664","targetHints":{"allow":["GET"]}}],"collection":[{"href":"https:\/\/lucacastelli.com\/fr\/wp-json\/wp\/v2\/product"}],"about":[{"href":"https:\/\/lucacastelli.com\/fr\/wp-json\/wp\/v2\/types\/product"}],"wp:featuredmedia":[{"embeddable":true,"href":"https:\/\/lucacastelli.com\/fr\/wp-json\/wp\/v2\/media\/523659"}],"wp:attachment":[{"href":"https:\/\/lucacastelli.com\/fr\/wp-json\/wp\/v2\/media?parent=523664"}],"wp:term":[{"taxonomy":"product_brand","embeddable":true,"href":"https:\/\/lucacastelli.com\/fr\/wp-json\/wp\/v2\/product_brand?post=523664"},{"taxonomy":"product_cat","embeddable":true,"href":"https:\/\/lucacastelli.com\/fr\/wp-json\/wp\/v2\/product_cat?post=523664"},{"taxonomy":"product_tag","embeddable":true,"href":"https:\/\/lucacastelli.com\/fr\/wp-json\/wp\/v2\/product_tag?post=523664"}],"curies":[{"name":"wp","href":"https:\/\/api.w.org\/{rel}","templated":true}]}}