{"id":523656,"date":"2025-07-30T08:24:30","date_gmt":"2025-07-30T06:24:30","guid":{"rendered":"https:\/\/lucacastelli.com\/prodotto\/stihl-base-di-ricarica-organizer-icon-2\/"},"modified":"2025-07-30T08:42:30","modified_gmt":"2025-07-30T06:42:30","slug":"stihl-base-di-ricarica-organizer-icon-2","status":"publish","type":"product","link":"https:\/\/lucacastelli.com\/fr\/produit\/stihl-base-di-ricarica-organizer-icon-2\/","title":{"rendered":"Organisateur de base de charge STIHL ICON"},"content":{"rendered":"<p>Un maximum de praticit\u00e9. Cette station de recharge 3-en-1, fabriqu\u00e9e en ch\u00eane de haute qualit\u00e9, est parfaite pour le bureau ou la maison et offre de l&#8217;espace pour les stylos et les accessoires. Elle vous permet de charger des appareils mobiles, des \u00e9couteurs et des montres intelligentes. Plusieurs c\u00e2bles sont fournis directement, de sorte que la station de charge est compatible avec diff\u00e9rents fabricants (notamment Apple et Samsung). La montre intelligente est recharg\u00e9e avec son propre c\u00e2ble de charge et n&#8217;est pas incluse dans la livraison ; cependant, plusieurs adaptateurs pour utiliser diff\u00e9rents chargeurs sont inclus. Avec cet outil pratique au quotidien, les chargeurs perdus et les c\u00e2bles emm\u00eal\u00e9s ne seront plus qu&#8217;un mauvais souvenir.     <\/p>\n<p>Sp\u00e9cifications : charge du t\u00e9l\u00e9phone 5 V, 2,4 A ; montre 5 V, 0,5 A ; casque<br \/>\nTWS 5 V, 0,5 A ; total 3,4 A ; sortie 17 W ; mat\u00e9riau : bois de ch\u00eane, feutre<\/p>\n","protected":false},"excerpt":{"rendered":"<p>Un maximum de praticit\u00e9. Cette station de recharge 3-en-1, fabriqu\u00e9e en ch\u00eane de haute qualit\u00e9, est parfaite pour le bureau<\/p>\n","protected":false},"featured_media":523651,"template":"","meta":{"_seopress_robots_primary_cat":"","_seopress_titles_title":"","_seopress_titles_desc":"","_seopress_robots_index":""},"product_brand":[3555],"product_cat":[1477],"product_tag":[],"class_list":{"0":"post-523656","1":"product","2":"type-product","3":"status-publish","4":"has-post-thumbnail","6":"product_brand-stihl-fr","7":"product_cat-shop-fr","8":"sws-gruppo-abb-libero-fr","9":"sws-conto-ricavi-merci-rivendita-abbigliamento-fr","10":"sws-gruppo-iva-iva81-fr","12":"first","13":"instock","14":"shipping-taxable","15":"purchasable","16":"product-type-simple"},"_links":{"self":[{"href":"https:\/\/lucacastelli.com\/fr\/wp-json\/wp\/v2\/product\/523656","targetHints":{"allow":["GET"]}}],"collection":[{"href":"https:\/\/lucacastelli.com\/fr\/wp-json\/wp\/v2\/product"}],"about":[{"href":"https:\/\/lucacastelli.com\/fr\/wp-json\/wp\/v2\/types\/product"}],"wp:featuredmedia":[{"embeddable":true,"href":"https:\/\/lucacastelli.com\/fr\/wp-json\/wp\/v2\/media\/523651"}],"wp:attachment":[{"href":"https:\/\/lucacastelli.com\/fr\/wp-json\/wp\/v2\/media?parent=523656"}],"wp:term":[{"taxonomy":"product_brand","embeddable":true,"href":"https:\/\/lucacastelli.com\/fr\/wp-json\/wp\/v2\/product_brand?post=523656"},{"taxonomy":"product_cat","embeddable":true,"href":"https:\/\/lucacastelli.com\/fr\/wp-json\/wp\/v2\/product_cat?post=523656"},{"taxonomy":"product_tag","embeddable":true,"href":"https:\/\/lucacastelli.com\/fr\/wp-json\/wp\/v2\/product_tag?post=523656"}],"curies":[{"name":"wp","href":"https:\/\/api.w.org\/{rel}","templated":true}]}}