{"id":523648,"date":"2025-07-30T08:24:15","date_gmt":"2025-07-30T06:24:15","guid":{"rendered":"https:\/\/lucacastelli.com\/prodotto\/stihl-modellini-storici-di-motoseghe-2\/"},"modified":"2026-03-02T09:30:14","modified_gmt":"2026-03-02T08:30:14","slug":"stihl-modellini-storici-di-motoseghe-2","status":"publish","type":"product","link":"https:\/\/lucacastelli.com\/fr\/produit\/stihl-modellini-storici-di-motoseghe-2\/","title":{"rendered":"Mod\u00e8les historiques de tron\u00e7onneuses STIHL"},"content":{"rendered":"<p>Ces objets de collection font battre le c\u0153ur de tout passionn\u00e9. Le mod\u00e8le en zinc moul\u00e9 sous pression \u00e0 l\u2019\u00e9chelle 1 : 12 de Schuco, peint dans la couleur d\u2019origine, plonge les collectionneurs dans un voyage dans le temps aux d\u00e9buts de STIHL. <\/p>\n","protected":false},"excerpt":{"rendered":"<p>Ces objets de collection font battre le c\u0153ur de tout passionn\u00e9. Le mod\u00e8le en zinc moul\u00e9 sous pression \u00e0 l\u2019\u00e9chelle<\/p>\n","protected":false},"featured_media":523607,"template":"","meta":{"_seopress_robots_primary_cat":"","_seopress_titles_title":"","_seopress_titles_desc":"","_seopress_robots_index":""},"product_brand":[3555],"product_cat":[1477],"product_tag":[],"class_list":{"0":"post-523648","1":"product","2":"type-product","3":"status-publish","4":"has-post-thumbnail","6":"product_brand-stihl-fr","7":"product_cat-shop-fr","8":"sws-gruppo-abb-libero-fr","9":"sws-conto-ricavi-merci-rivendita-abbigliamento-fr","10":"sws-gruppo-iva-iva81-fr","12":"first","13":"outofstock","14":"shipping-taxable","15":"product-type-variable"},"_links":{"self":[{"href":"https:\/\/lucacastelli.com\/fr\/wp-json\/wp\/v2\/product\/523648","targetHints":{"allow":["GET"]}}],"collection":[{"href":"https:\/\/lucacastelli.com\/fr\/wp-json\/wp\/v2\/product"}],"about":[{"href":"https:\/\/lucacastelli.com\/fr\/wp-json\/wp\/v2\/types\/product"}],"wp:featuredmedia":[{"embeddable":true,"href":"https:\/\/lucacastelli.com\/fr\/wp-json\/wp\/v2\/media\/523607"}],"wp:attachment":[{"href":"https:\/\/lucacastelli.com\/fr\/wp-json\/wp\/v2\/media?parent=523648"}],"wp:term":[{"taxonomy":"product_brand","embeddable":true,"href":"https:\/\/lucacastelli.com\/fr\/wp-json\/wp\/v2\/product_brand?post=523648"},{"taxonomy":"product_cat","embeddable":true,"href":"https:\/\/lucacastelli.com\/fr\/wp-json\/wp\/v2\/product_cat?post=523648"},{"taxonomy":"product_tag","embeddable":true,"href":"https:\/\/lucacastelli.com\/fr\/wp-json\/wp\/v2\/product_tag?post=523648"}],"curies":[{"name":"wp","href":"https:\/\/api.w.org\/{rel}","templated":true}]}}