{"id":523597,"date":"2025-07-30T08:13:05","date_gmt":"2025-07-30T06:13:05","guid":{"rendered":"https:\/\/lucacastelli.com\/prodotto\/stihl-cap-reflective-kids-2\/"},"modified":"2025-07-30T08:43:41","modified_gmt":"2025-07-30T06:43:41","slug":"stihl-cap-reflective-kids-2","status":"publish","type":"product","link":"https:\/\/lucacastelli.com\/fr\/produit\/stihl-cap-reflective-kids-2\/","title":{"rendered":"Casquette STIHL REFLECTIVE Kids"},"content":{"rendered":"<p>Ce bonnet STIHL vert avec le &#8216;S&#8217; r\u00e9fl\u00e9chissant compl\u00e8te chaque tenue et se distingue, en ville comme dans la nature. Gr\u00e2ce \u00e0 la fermeture \u00e0 bouton-pression r\u00e9glable, il s&#8217;adapte \u00e0 toutes les t\u00eates et le tissu polyester au toucher coton donne \u00e0 ce bonnet le confort dont il a besoin. <\/p>\n<p>100&nbsp;% polyester<\/p>\n","protected":false},"excerpt":{"rendered":"<p>Ce bonnet STIHL vert avec le &#8216;S&#8217; r\u00e9fl\u00e9chissant compl\u00e8te chaque tenue et se distingue, en ville comme dans la nature.<\/p>\n","protected":false},"featured_media":523592,"template":"","meta":{"_seopress_robots_primary_cat":"","_seopress_titles_title":"","_seopress_titles_desc":"","_seopress_robots_index":""},"product_brand":[3555],"product_cat":[81,1384,1390],"product_tag":[],"class_list":{"0":"post-523597","1":"product","2":"type-product","3":"status-publish","4":"has-post-thumbnail","6":"product_brand-stihl-fr","7":"product_cat-vetements","8":"product_cat-vetements-pour-enfants","9":"product_cat-accessoires-dhabillement","10":"sws-gruppo-abb-libero-fr","11":"sws-conto-ricavi-merci-rivendita-abbigliamento-fr","12":"sws-gruppo-iva-iva81-fr","14":"first","15":"instock","16":"shipping-taxable","17":"purchasable","18":"product-type-simple"},"_links":{"self":[{"href":"https:\/\/lucacastelli.com\/fr\/wp-json\/wp\/v2\/product\/523597","targetHints":{"allow":["GET"]}}],"collection":[{"href":"https:\/\/lucacastelli.com\/fr\/wp-json\/wp\/v2\/product"}],"about":[{"href":"https:\/\/lucacastelli.com\/fr\/wp-json\/wp\/v2\/types\/product"}],"wp:featuredmedia":[{"embeddable":true,"href":"https:\/\/lucacastelli.com\/fr\/wp-json\/wp\/v2\/media\/523592"}],"wp:attachment":[{"href":"https:\/\/lucacastelli.com\/fr\/wp-json\/wp\/v2\/media?parent=523597"}],"wp:term":[{"taxonomy":"product_brand","embeddable":true,"href":"https:\/\/lucacastelli.com\/fr\/wp-json\/wp\/v2\/product_brand?post=523597"},{"taxonomy":"product_cat","embeddable":true,"href":"https:\/\/lucacastelli.com\/fr\/wp-json\/wp\/v2\/product_cat?post=523597"},{"taxonomy":"product_tag","embeddable":true,"href":"https:\/\/lucacastelli.com\/fr\/wp-json\/wp\/v2\/product_tag?post=523597"}],"curies":[{"name":"wp","href":"https:\/\/api.w.org\/{rel}","templated":true}]}}