{"id":523581,"date":"2025-07-30T08:12:33","date_gmt":"2025-07-30T06:12:33","guid":{"rendered":"https:\/\/lucacastelli.com\/prodotto\/stihl-hoodie-timbersports-2\/"},"modified":"2025-07-30T08:42:42","modified_gmt":"2025-07-30T06:42:42","slug":"stihl-hoodie-timbersports-2","status":"publish","type":"product","link":"https:\/\/lucacastelli.com\/fr\/produit\/stihl-hoodie-timbersports-2\/","title":{"rendered":"Sweat \u00e0 capuche STIHL TIMBERSPORTS"},"content":{"rendered":"<p>Le noir est beau&#8221; &#8211; et ce sweat \u00e0 capuche le prouve. \u00c0 l&#8217;exception du bord int\u00e9rieur orange du col et du logo &#8220;STIHL TIMBERSPORTS\u00ae&#8221; sur la poitrine, ce sweat \u00e0 capuche en pur coton est enti\u00e8rement noir &#8211; une couleur qui ne se d\u00e9mode jamais. <\/p>\n<p>Unisexe<\/p>\n<p>100 % coton<\/p>\n","protected":false},"excerpt":{"rendered":"<p>Le noir est beau&#8221; &#8211; et ce sweat \u00e0 capuche le prouve. \u00c0 l&#8217;exception du bord int\u00e9rieur orange du col<\/p>\n","protected":false},"featured_media":523576,"template":"","meta":{"_seopress_robots_primary_cat":"","_seopress_titles_title":"","_seopress_titles_desc":"","_seopress_robots_index":""},"product_brand":[3555],"product_cat":[81,981,982],"product_tag":[],"class_list":{"0":"post-523581","1":"product","2":"type-product","3":"status-publish","4":"has-post-thumbnail","6":"product_brand-stihl-fr","7":"product_cat-vetements","8":"product_cat-vetements-de-loisirs","9":"product_cat-vetements-pour-hommes","10":"sws-gruppo-abb-libero-fr","11":"sws-conto-ricavi-merci-rivendita-abbigliamento-fr","12":"sws-gruppo-iva-iva81-fr","14":"first","15":"instock","16":"shipping-taxable","17":"purchasable","18":"product-type-variable"},"_links":{"self":[{"href":"https:\/\/lucacastelli.com\/fr\/wp-json\/wp\/v2\/product\/523581","targetHints":{"allow":["GET"]}}],"collection":[{"href":"https:\/\/lucacastelli.com\/fr\/wp-json\/wp\/v2\/product"}],"about":[{"href":"https:\/\/lucacastelli.com\/fr\/wp-json\/wp\/v2\/types\/product"}],"wp:featuredmedia":[{"embeddable":true,"href":"https:\/\/lucacastelli.com\/fr\/wp-json\/wp\/v2\/media\/523576"}],"wp:attachment":[{"href":"https:\/\/lucacastelli.com\/fr\/wp-json\/wp\/v2\/media?parent=523581"}],"wp:term":[{"taxonomy":"product_brand","embeddable":true,"href":"https:\/\/lucacastelli.com\/fr\/wp-json\/wp\/v2\/product_brand?post=523581"},{"taxonomy":"product_cat","embeddable":true,"href":"https:\/\/lucacastelli.com\/fr\/wp-json\/wp\/v2\/product_cat?post=523581"},{"taxonomy":"product_tag","embeddable":true,"href":"https:\/\/lucacastelli.com\/fr\/wp-json\/wp\/v2\/product_tag?post=523581"}],"curies":[{"name":"wp","href":"https:\/\/api.w.org\/{rel}","templated":true}]}}