{"id":523570,"date":"2025-07-30T08:01:05","date_gmt":"2025-07-30T06:01:05","guid":{"rendered":"https:\/\/lucacastelli.com\/prodotto\/stihl-hoodiejacke-gr-xl-damen-icon-2\/"},"modified":"2025-07-30T08:42:23","modified_gmt":"2025-07-30T06:42:23","slug":"stihl-hoodiejacke-gr-xl-damen-icon-2","status":"publish","type":"product","link":"https:\/\/lucacastelli.com\/fr\/produit\/stihl-hoodiejacke-gr-xl-damen-icon-2\/","title":{"rendered":"Veste \u00e0 capuche STIHL GR. XL &#8211; DAMEN ICON"},"content":{"rendered":"<p>Cardigan tendance pour femmes, l\u00e9g\u00e8rement plus court, avec fermeture \u00e9clair sur toute la longueur, \u00e9cusson en li\u00e8ge dans le dos, capuche et cordon de serrage au niveau du cou et de la taille. L&#8217;embl\u00e8me gris avec motif Tron\u00e7onneuses \u00e0 hauteur de la poitrine attire tous les regards.<\/p>\n","protected":false},"excerpt":{"rendered":"<p>Cardigan tendance pour femmes, l\u00e9g\u00e8rement plus court, avec fermeture \u00e9clair sur toute la longueur, \u00e9cusson en li\u00e8ge dans le dos,<\/p>\n","protected":false},"featured_media":523564,"template":"","meta":{"_seopress_robots_primary_cat":"","_seopress_titles_title":"","_seopress_titles_desc":"","_seopress_robots_index":""},"product_brand":[3555],"product_cat":[81,981,1387],"product_tag":[],"class_list":{"0":"post-523570","1":"product","2":"type-product","3":"status-publish","4":"has-post-thumbnail","6":"product_brand-stihl-fr","7":"product_cat-vetements","8":"product_cat-vetements-de-loisirs","9":"product_cat-vetements-pour-femmes","10":"sws-gruppo-abb-libero-fr","11":"sws-conto-ricavi-merci-rivendita-abbigliamento-fr","12":"sws-gruppo-iva-iva81-fr","14":"first","15":"instock","16":"sale","17":"shipping-taxable","18":"purchasable","19":"product-type-simple"},"_links":{"self":[{"href":"https:\/\/lucacastelli.com\/fr\/wp-json\/wp\/v2\/product\/523570","targetHints":{"allow":["GET"]}}],"collection":[{"href":"https:\/\/lucacastelli.com\/fr\/wp-json\/wp\/v2\/product"}],"about":[{"href":"https:\/\/lucacastelli.com\/fr\/wp-json\/wp\/v2\/types\/product"}],"wp:featuredmedia":[{"embeddable":true,"href":"https:\/\/lucacastelli.com\/fr\/wp-json\/wp\/v2\/media\/523564"}],"wp:attachment":[{"href":"https:\/\/lucacastelli.com\/fr\/wp-json\/wp\/v2\/media?parent=523570"}],"wp:term":[{"taxonomy":"product_brand","embeddable":true,"href":"https:\/\/lucacastelli.com\/fr\/wp-json\/wp\/v2\/product_brand?post=523570"},{"taxonomy":"product_cat","embeddable":true,"href":"https:\/\/lucacastelli.com\/fr\/wp-json\/wp\/v2\/product_cat?post=523570"},{"taxonomy":"product_tag","embeddable":true,"href":"https:\/\/lucacastelli.com\/fr\/wp-json\/wp\/v2\/product_tag?post=523570"}],"curies":[{"name":"wp","href":"https:\/\/api.w.org\/{rel}","templated":true}]}}