{"id":523554,"date":"2025-07-30T08:00:41","date_gmt":"2025-07-30T06:00:41","guid":{"rendered":"https:\/\/lucacastelli.com\/prodotto\/stihl-langarmshirt-madchen-rot-2\/"},"modified":"2025-07-30T08:43:33","modified_gmt":"2025-07-30T06:43:33","slug":"stihl-langarmshirt-madchen-rot-2","status":"publish","type":"product","link":"https:\/\/lucacastelli.com\/fr\/produit\/stihl-langarmshirt-madchen-rot-2\/","title":{"rendered":"STIHL Langarmshirt M\u00e4dchen Rot (Chemise \u00e0 manches longues)"},"content":{"rendered":"<p>Coloris \u00e0 carreaux rouges et noirs, 100 % coton, divers embl\u00e8mes de style bande dessin\u00e9e, col rond avec c\u00f4te \u00e9troite ins\u00e9r\u00e9e.<\/p>\n","protected":false},"excerpt":{"rendered":"<p>Coloris \u00e0 carreaux rouges et noirs, 100 % coton, divers embl\u00e8mes de style bande dessin\u00e9e, col rond avec c\u00f4te \u00e9troite<\/p>\n","protected":false},"featured_media":523549,"template":"","meta":{"_seopress_robots_primary_cat":"","_seopress_titles_title":"","_seopress_titles_desc":"","_seopress_robots_index":""},"product_brand":[3555],"product_cat":[81,981,1384],"product_tag":[],"class_list":{"0":"post-523554","1":"product","2":"type-product","3":"status-publish","4":"has-post-thumbnail","6":"product_brand-stihl-fr","7":"product_cat-vetements","8":"product_cat-vetements-de-loisirs","9":"product_cat-vetements-pour-enfants","10":"sws-gruppo-abb-libero-fr","11":"sws-conto-ricavi-merci-rivendita-abbigliamento-fr","12":"sws-gruppo-iva-iva81-fr","14":"first","15":"instock","16":"shipping-taxable","17":"purchasable","18":"product-type-variable"},"_links":{"self":[{"href":"https:\/\/lucacastelli.com\/fr\/wp-json\/wp\/v2\/product\/523554","targetHints":{"allow":["GET"]}}],"collection":[{"href":"https:\/\/lucacastelli.com\/fr\/wp-json\/wp\/v2\/product"}],"about":[{"href":"https:\/\/lucacastelli.com\/fr\/wp-json\/wp\/v2\/types\/product"}],"wp:featuredmedia":[{"embeddable":true,"href":"https:\/\/lucacastelli.com\/fr\/wp-json\/wp\/v2\/media\/523549"}],"wp:attachment":[{"href":"https:\/\/lucacastelli.com\/fr\/wp-json\/wp\/v2\/media?parent=523554"}],"wp:term":[{"taxonomy":"product_brand","embeddable":true,"href":"https:\/\/lucacastelli.com\/fr\/wp-json\/wp\/v2\/product_brand?post=523554"},{"taxonomy":"product_cat","embeddable":true,"href":"https:\/\/lucacastelli.com\/fr\/wp-json\/wp\/v2\/product_cat?post=523554"},{"taxonomy":"product_tag","embeddable":true,"href":"https:\/\/lucacastelli.com\/fr\/wp-json\/wp\/v2\/product_tag?post=523554"}],"curies":[{"name":"wp","href":"https:\/\/api.w.org\/{rel}","templated":true}]}}