{"id":523546,"date":"2025-07-30T08:00:20","date_gmt":"2025-07-30T06:00:20","guid":{"rendered":"https:\/\/lucacastelli.com\/prodotto\/stihl-portachiavi-apribottiglia-2\/"},"modified":"2025-07-30T08:43:38","modified_gmt":"2025-07-30T06:43:38","slug":"stihl-portachiavi-apribottiglia-2","status":"publish","type":"product","link":"https:\/\/lucacastelli.com\/fr\/produit\/stihl-portachiavi-apribottiglia-2\/","title":{"rendered":"Porte-cl\u00e9s STIHL Ouvre-bouteille"},"content":{"rendered":"<p>Vous vous retrouvez sans d\u00e9capsuleur : ce temps est r\u00e9volu gr\u00e2ce au porte-cl\u00e9s d\u00e9capsuleur STIHL au look du MS 500i. Il s&#8217;adapte \u00e0 tous les trousseaux de cl\u00e9s gr\u00e2ce \u00e0 son fermoir en forme de homard. Non seulement pratique, mais aussi belle : la petite Tron\u00e7onneuses est fabriqu\u00e9e en alliage de zinc avec un rev\u00eatement en nickel mat.<\/p>\n<p>Mat\u00e9riau : alliage de zinc avec rev\u00eatement en nickel mat<br \/>\nLongueur : 9 cm<br \/>\n\u00c9paisseur : 4-5 mm, avec fermoir mousqueton<\/p>\n","protected":false},"excerpt":{"rendered":"<p>Vous vous retrouvez sans d\u00e9capsuleur : ce temps est r\u00e9volu gr\u00e2ce au porte-cl\u00e9s d\u00e9capsuleur STIHL au look du MS 500i.<\/p>\n","protected":false},"featured_media":523541,"template":"","meta":{"_seopress_robots_primary_cat":"","_seopress_titles_title":"","_seopress_titles_desc":"","_seopress_robots_index":""},"product_brand":[3555],"product_cat":[1477],"product_tag":[],"class_list":{"0":"post-523546","1":"product","2":"type-product","3":"status-publish","4":"has-post-thumbnail","6":"product_brand-stihl-fr","7":"product_cat-shop-fr","8":"sws-gruppo-abb-libero-fr","9":"sws-conto-ricavi-merci-rivendita-abbigliamento-fr","10":"sws-gruppo-iva-iva81-fr","12":"first","13":"onbackorder","14":"shipping-taxable","15":"purchasable","16":"product-type-simple"},"_links":{"self":[{"href":"https:\/\/lucacastelli.com\/fr\/wp-json\/wp\/v2\/product\/523546","targetHints":{"allow":["GET"]}}],"collection":[{"href":"https:\/\/lucacastelli.com\/fr\/wp-json\/wp\/v2\/product"}],"about":[{"href":"https:\/\/lucacastelli.com\/fr\/wp-json\/wp\/v2\/types\/product"}],"wp:featuredmedia":[{"embeddable":true,"href":"https:\/\/lucacastelli.com\/fr\/wp-json\/wp\/v2\/media\/523541"}],"wp:attachment":[{"href":"https:\/\/lucacastelli.com\/fr\/wp-json\/wp\/v2\/media?parent=523546"}],"wp:term":[{"taxonomy":"product_brand","embeddable":true,"href":"https:\/\/lucacastelli.com\/fr\/wp-json\/wp\/v2\/product_brand?post=523546"},{"taxonomy":"product_cat","embeddable":true,"href":"https:\/\/lucacastelli.com\/fr\/wp-json\/wp\/v2\/product_cat?post=523546"},{"taxonomy":"product_tag","embeddable":true,"href":"https:\/\/lucacastelli.com\/fr\/wp-json\/wp\/v2\/product_tag?post=523546"}],"curies":[{"name":"wp","href":"https:\/\/api.w.org\/{rel}","templated":true}]}}