{"id":523538,"date":"2025-07-30T08:00:09","date_gmt":"2025-07-30T06:00:09","guid":{"rendered":"https:\/\/lucacastelli.com\/prodotto\/stihl-cappellino-logo-mesh-2\/"},"modified":"2025-07-30T08:42:25","modified_gmt":"2025-07-30T06:42:25","slug":"stihl-cappellino-logo-mesh-2","status":"publish","type":"product","link":"https:\/\/lucacastelli.com\/fr\/produit\/stihl-cappellino-logo-mesh-2\/","title":{"rendered":"Casquette STIHL LOGO MESH"},"content":{"rendered":"<p>La casquette trucker pour les vrais fans de STIHL ! Casquette noire avec un profil plat et une visi\u00e8re l\u00e9g\u00e8rement pr\u00e9-courb\u00e9e. Des accents en orange typique de STIHL cr\u00e9ent un contraste et font de la casquette un v\u00e9ritable accroche-regard. Un bouton-pression en plastique permet d&#8217;ajuster individuellement la taille de la casquette trucker. Le logo circulaire de STIHL est appliqu\u00e9 comme un drapeau \u00e0 l&#8217;arri\u00e8re.    <\/p>\n<p>Panneau avant : 100 % coton &#8211; Filet : 100 % polyester<br \/>\nCOULEUR : Noir<br \/>\nTAILLE UNIQUE  <\/p>\n","protected":false},"excerpt":{"rendered":"<p>La casquette trucker pour les vrais fans de STIHL ! Casquette noire avec un profil plat et une visi\u00e8re l\u00e9g\u00e8rement<\/p>\n","protected":false},"featured_media":523533,"template":"","meta":{"_seopress_robots_primary_cat":"","_seopress_titles_title":"","_seopress_titles_desc":"","_seopress_robots_index":""},"product_brand":[3366],"product_cat":[21,186],"product_tag":[],"class_list":{"0":"post-523538","1":"product","2":"type-product","3":"status-publish","4":"has-post-thumbnail","6":"product_brand-stihl","7":"product_cat-abbigliamento","8":"product_cat-accessori-per-labbigliamento","9":"sws-gruppo-abb-libero-fr","10":"sws-conto-ricavi-merci-rivendita-abbigliamento-fr","11":"sws-gruppo-iva-iva81-fr","13":"first","14":"instock","15":"shipping-taxable","16":"purchasable","17":"product-type-simple"},"_links":{"self":[{"href":"https:\/\/lucacastelli.com\/fr\/wp-json\/wp\/v2\/product\/523538","targetHints":{"allow":["GET"]}}],"collection":[{"href":"https:\/\/lucacastelli.com\/fr\/wp-json\/wp\/v2\/product"}],"about":[{"href":"https:\/\/lucacastelli.com\/fr\/wp-json\/wp\/v2\/types\/product"}],"wp:featuredmedia":[{"embeddable":true,"href":"https:\/\/lucacastelli.com\/fr\/wp-json\/wp\/v2\/media\/523533"}],"wp:attachment":[{"href":"https:\/\/lucacastelli.com\/fr\/wp-json\/wp\/v2\/media?parent=523538"}],"wp:term":[{"taxonomy":"product_brand","embeddable":true,"href":"https:\/\/lucacastelli.com\/fr\/wp-json\/wp\/v2\/product_brand?post=523538"},{"taxonomy":"product_cat","embeddable":true,"href":"https:\/\/lucacastelli.com\/fr\/wp-json\/wp\/v2\/product_cat?post=523538"},{"taxonomy":"product_tag","embeddable":true,"href":"https:\/\/lucacastelli.com\/fr\/wp-json\/wp\/v2\/product_tag?post=523538"}],"curies":[{"name":"wp","href":"https:\/\/api.w.org\/{rel}","templated":true}]}}