{"id":523529,"date":"2025-07-30T07:49:20","date_gmt":"2025-07-30T05:49:20","guid":{"rendered":"https:\/\/lucacastelli.com\/prodotto\/stihl-connettore-per-filo-2\/"},"modified":"2025-07-30T08:43:16","modified_gmt":"2025-07-30T06:43:16","slug":"stihl-connettore-per-filo-2","status":"publish","type":"product","link":"https:\/\/lucacastelli.com\/fr\/produit\/stihl-connettore-per-filo-2\/","title":{"rendered":"Connecteur de fil STIHL"},"content":{"rendered":"<p>Pour une connexion stable du c\u00e2ble p\u00e9riph\u00e9rique et du c\u00e2ble guide. Les connecteurs de c\u00e2ble sont d\u00e9j\u00e0 inclus dans la livraison des kits d&#8217;installation (robot de jardin). <\/p>\n","protected":false},"excerpt":{"rendered":"<p>Pour une connexion stable du c\u00e2ble p\u00e9riph\u00e9rique et du c\u00e2ble guide. Les connecteurs de c\u00e2ble sont d\u00e9j\u00e0 inclus dans la<\/p>\n","protected":false},"featured_media":523524,"template":"","meta":{"_seopress_robots_primary_cat":"","_seopress_titles_title":"","_seopress_titles_desc":"","_seopress_robots_index":""},"product_brand":[3555],"product_cat":[1660,167,1657],"product_tag":[],"class_list":{"0":"post-523529","1":"product","2":"type-product","3":"status-publish","4":"has-post-thumbnail","6":"product_brand-stihl-fr","7":"product_cat-accessoires-et-consommables-fr-7","8":"product_cat-machines","9":"product_cat-tondeuses-et-robots","10":"sws-gruppo-abb-libero-fr","11":"sws-conto-ricavi-merci-rivendita-abbigliamento-fr","12":"sws-gruppo-iva-iva81-fr","14":"first","15":"instock","16":"shipping-taxable","17":"purchasable","18":"product-type-simple"},"_links":{"self":[{"href":"https:\/\/lucacastelli.com\/fr\/wp-json\/wp\/v2\/product\/523529","targetHints":{"allow":["GET"]}}],"collection":[{"href":"https:\/\/lucacastelli.com\/fr\/wp-json\/wp\/v2\/product"}],"about":[{"href":"https:\/\/lucacastelli.com\/fr\/wp-json\/wp\/v2\/types\/product"}],"wp:featuredmedia":[{"embeddable":true,"href":"https:\/\/lucacastelli.com\/fr\/wp-json\/wp\/v2\/media\/523524"}],"wp:attachment":[{"href":"https:\/\/lucacastelli.com\/fr\/wp-json\/wp\/v2\/media?parent=523529"}],"wp:term":[{"taxonomy":"product_brand","embeddable":true,"href":"https:\/\/lucacastelli.com\/fr\/wp-json\/wp\/v2\/product_brand?post=523529"},{"taxonomy":"product_cat","embeddable":true,"href":"https:\/\/lucacastelli.com\/fr\/wp-json\/wp\/v2\/product_cat?post=523529"},{"taxonomy":"product_tag","embeddable":true,"href":"https:\/\/lucacastelli.com\/fr\/wp-json\/wp\/v2\/product_tag?post=523529"}],"curies":[{"name":"wp","href":"https:\/\/api.w.org\/{rel}","templated":true}]}}