{"id":523514,"date":"2025-07-30T07:26:55","date_gmt":"2025-07-30T05:26:55","guid":{"rendered":"https:\/\/lucacastelli.com\/prodotto\/stihl-batteria-ak-30-s-2\/"},"modified":"2025-12-18T18:26:01","modified_gmt":"2025-12-18T17:26:01","slug":"stihl-batteria-ak-30-s-2","status":"publish","type":"product","link":"https:\/\/lucacastelli.com\/fr\/produit\/stihl-batteria-ak-30-s-2\/","title":{"rendered":"Batterie STIHL AK 30 S"},"content":{"rendered":"<p>BATTERIE AK 30 S : BATTERIE L\u00c9G\u00c8RE AU LITHIUM-ION<br \/>\nCompatible avec le syst\u00e8me AK de STIHL. Batteries lithium-ion l\u00e9g\u00e8res avec indicateur d&#8217;\u00e9tat de charge (quatre LED). Disponibles avec diff\u00e9rents niveaux d&#8217;\u00e9nergie.  <\/p>\n<table data-test-id=\"pdp-spec-tech-table\">\n<tbody>\n<tr>\n<td>Poids de la batterie<\/td>\n<td>1,2 kg <\/td>\n<\/tr>\n<tr>\n<td>Tension nominale<\/td>\n<td>36 V <\/td>\n<\/tr>\n<tr>\n<td>Contenu \u00e9nerg\u00e9tique<\/td>\n<td>180 Wh <\/td>\n<\/tr>\n<tr>\n<td>Capacit\u00e9 nominale selon IEC 61960<\/td>\n<td>5 Ah <\/td>\n<\/tr>\n<tr>\n<td>Capacit\u00e9 nominale des cellules (selon les donn\u00e9es du fabricant)<\/td>\n<td>2,5 Ah <\/td>\n<\/tr>\n<\/tbody>\n<\/table>\n","protected":false},"excerpt":{"rendered":"<p>BATTERIE AK 30 S : BATTERIE L\u00c9G\u00c8RE AU LITHIUM-ION Compatible avec le syst\u00e8me AK de STIHL. Batteries lithium-ion l\u00e9g\u00e8res avec<\/p>\n","protected":false},"featured_media":523509,"template":"","meta":{"_seopress_robots_primary_cat":"","_seopress_titles_title":"","_seopress_titles_desc":"","_seopress_robots_index":""},"product_brand":[3555],"product_cat":[167,1450],"product_tag":[],"class_list":{"0":"post-523514","1":"product","2":"type-product","3":"status-publish","4":"has-post-thumbnail","6":"product_brand-stihl-fr","7":"product_cat-machines","8":"product_cat-systemes-de-batteries-accessoires","9":"sws-gruppo-abb-libero-fr","10":"sws-conto-ricavi-merci-rivendita-macchinari-fr","11":"sws-gruppo-iva-iva81-fr","13":"first","14":"instock","15":"shipping-taxable","16":"purchasable","17":"product-type-simple"},"_links":{"self":[{"href":"https:\/\/lucacastelli.com\/fr\/wp-json\/wp\/v2\/product\/523514","targetHints":{"allow":["GET"]}}],"collection":[{"href":"https:\/\/lucacastelli.com\/fr\/wp-json\/wp\/v2\/product"}],"about":[{"href":"https:\/\/lucacastelli.com\/fr\/wp-json\/wp\/v2\/types\/product"}],"wp:featuredmedia":[{"embeddable":true,"href":"https:\/\/lucacastelli.com\/fr\/wp-json\/wp\/v2\/media\/523509"}],"wp:attachment":[{"href":"https:\/\/lucacastelli.com\/fr\/wp-json\/wp\/v2\/media?parent=523514"}],"wp:term":[{"taxonomy":"product_brand","embeddable":true,"href":"https:\/\/lucacastelli.com\/fr\/wp-json\/wp\/v2\/product_brand?post=523514"},{"taxonomy":"product_cat","embeddable":true,"href":"https:\/\/lucacastelli.com\/fr\/wp-json\/wp\/v2\/product_cat?post=523514"},{"taxonomy":"product_tag","embeddable":true,"href":"https:\/\/lucacastelli.com\/fr\/wp-json\/wp\/v2\/product_tag?post=523514"}],"curies":[{"name":"wp","href":"https:\/\/api.w.org\/{rel}","templated":true}]}}