{"id":523470,"date":"2025-07-30T07:25:17","date_gmt":"2025-07-30T05:25:17","guid":{"rendered":"https:\/\/lucacastelli.com\/prodotto\/stihl-langarmshirt-jungen-2\/"},"modified":"2025-07-30T08:42:11","modified_gmt":"2025-07-30T06:42:11","slug":"stihl-langarmshirt-jungen-2","status":"publish","type":"product","link":"https:\/\/lucacastelli.com\/fr\/produit\/stihl-langarmshirt-jungen-2\/","title":{"rendered":"Chemise \u00e0 manches longues STIHL Jungen"},"content":{"rendered":"<p>Couleur gris m\u00e9lang\u00e9, 60 % coton, 40 % polyester, col montant avec patte de boutonnage contrast\u00e9e, divers \u00e9cussons de style bande dessin\u00e9e, manches avec poignets.<\/p>\n","protected":false},"excerpt":{"rendered":"<p>Couleur gris m\u00e9lang\u00e9, 60 % coton, 40 % polyester, col montant avec patte de boutonnage contrast\u00e9e, divers \u00e9cussons de style<\/p>\n","protected":false},"featured_media":523465,"template":"","meta":{"_seopress_robots_primary_cat":"","_seopress_titles_title":"","_seopress_titles_desc":"","_seopress_robots_index":""},"product_brand":[3555],"product_cat":[81,981,1384],"product_tag":[],"class_list":{"0":"post-523470","1":"product","2":"type-product","3":"status-publish","4":"has-post-thumbnail","6":"product_brand-stihl-fr","7":"product_cat-vetements","8":"product_cat-vetements-de-loisirs","9":"product_cat-vetements-pour-enfants","10":"sws-gruppo-abb-libero-fr","11":"sws-conto-ricavi-merci-rivendita-abbigliamento-fr","12":"sws-gruppo-iva-iva81-fr","14":"first","15":"instock","16":"shipping-taxable","17":"purchasable","18":"product-type-variable"},"_links":{"self":[{"href":"https:\/\/lucacastelli.com\/fr\/wp-json\/wp\/v2\/product\/523470","targetHints":{"allow":["GET"]}}],"collection":[{"href":"https:\/\/lucacastelli.com\/fr\/wp-json\/wp\/v2\/product"}],"about":[{"href":"https:\/\/lucacastelli.com\/fr\/wp-json\/wp\/v2\/types\/product"}],"wp:featuredmedia":[{"embeddable":true,"href":"https:\/\/lucacastelli.com\/fr\/wp-json\/wp\/v2\/media\/523465"}],"wp:attachment":[{"href":"https:\/\/lucacastelli.com\/fr\/wp-json\/wp\/v2\/media?parent=523470"}],"wp:term":[{"taxonomy":"product_brand","embeddable":true,"href":"https:\/\/lucacastelli.com\/fr\/wp-json\/wp\/v2\/product_brand?post=523470"},{"taxonomy":"product_cat","embeddable":true,"href":"https:\/\/lucacastelli.com\/fr\/wp-json\/wp\/v2\/product_cat?post=523470"},{"taxonomy":"product_tag","embeddable":true,"href":"https:\/\/lucacastelli.com\/fr\/wp-json\/wp\/v2\/product_tag?post=523470"}],"curies":[{"name":"wp","href":"https:\/\/api.w.org\/{rel}","templated":true}]}}