{"id":523429,"date":"2025-07-30T07:23:44","date_gmt":"2025-07-30T05:23:44","guid":{"rendered":"https:\/\/lucacastelli.com\/prodotto\/stihl-badehose-orange-2\/"},"modified":"2025-07-30T08:42:13","modified_gmt":"2025-07-30T06:42:13","slug":"stihl-badehose-orange-2","status":"publish","type":"product","link":"https:\/\/lucacastelli.com\/fr\/produit\/stihl-badehose-orange-2\/","title":{"rendered":"TUYAU D&#8217;ARROSAGE STIHL ORANGE"},"content":{"rendered":"<p>Pr\u00e9parez vos maillots de bain ! La saison des baignades en plein air peut commencer avec ces maillots de bain pour hommes dans la couleur orange classique de STIHL. Les d\u00e9tails : deux poches lat\u00e9rales, une poche arri\u00e8re, un short en maille int\u00e9rieure et un grand imprim\u00e9 STIHL ton sur ton sur la jambe gauche.<\/p>\n","protected":false},"excerpt":{"rendered":"<p>Pr\u00e9parez vos maillots de bain ! La saison des baignades en plein air peut commencer avec ces maillots de bain<\/p>\n","protected":false},"featured_media":523422,"template":"","meta":{"_seopress_robots_primary_cat":"","_seopress_titles_title":"","_seopress_titles_desc":"","_seopress_robots_index":""},"product_brand":[3555],"product_cat":[81,981,982],"product_tag":[],"class_list":{"0":"post-523429","1":"product","2":"type-product","3":"status-publish","4":"has-post-thumbnail","6":"product_brand-stihl-fr","7":"product_cat-vetements","8":"product_cat-vetements-de-loisirs","9":"product_cat-vetements-pour-hommes","10":"sws-gruppo-abb-libero-fr","11":"sws-conto-ricavi-merci-rivendita-abbigliamento-fr","12":"sws-gruppo-iva-iva81-fr","14":"first","15":"instock","16":"sale","17":"shipping-taxable","18":"purchasable","19":"product-type-variable"},"_links":{"self":[{"href":"https:\/\/lucacastelli.com\/fr\/wp-json\/wp\/v2\/product\/523429","targetHints":{"allow":["GET"]}}],"collection":[{"href":"https:\/\/lucacastelli.com\/fr\/wp-json\/wp\/v2\/product"}],"about":[{"href":"https:\/\/lucacastelli.com\/fr\/wp-json\/wp\/v2\/types\/product"}],"wp:featuredmedia":[{"embeddable":true,"href":"https:\/\/lucacastelli.com\/fr\/wp-json\/wp\/v2\/media\/523422"}],"wp:attachment":[{"href":"https:\/\/lucacastelli.com\/fr\/wp-json\/wp\/v2\/media?parent=523429"}],"wp:term":[{"taxonomy":"product_brand","embeddable":true,"href":"https:\/\/lucacastelli.com\/fr\/wp-json\/wp\/v2\/product_brand?post=523429"},{"taxonomy":"product_cat","embeddable":true,"href":"https:\/\/lucacastelli.com\/fr\/wp-json\/wp\/v2\/product_cat?post=523429"},{"taxonomy":"product_tag","embeddable":true,"href":"https:\/\/lucacastelli.com\/fr\/wp-json\/wp\/v2\/product_tag?post=523429"}],"curies":[{"name":"wp","href":"https:\/\/api.w.org\/{rel}","templated":true}]}}