{"id":519586,"date":"2025-07-29T21:49:16","date_gmt":"2025-07-29T19:49:16","guid":{"rendered":"https:\/\/lucacastelli.com\/prodotto\/stihl-polo-iclon-orange-2\/"},"modified":"2025-08-01T13:11:15","modified_gmt":"2025-08-01T11:11:15","slug":"stihl-polo-iclon-orange-2","status":"publish","type":"product","link":"https:\/\/lucacastelli.com\/fr\/produit\/stihl-polo-iclon-orange-2\/","title":{"rendered":"STIHL POLO ICLON ORANGE"},"content":{"rendered":"<p>Polo pour homme en 60% coton et 40% polyester. Le col est \u00e9troit et sportif et se termine par une patte de boutonnage \u00e0 trois boutons sur le devant. L&#8217;ic\u00f4ne d&#8217;une Tron\u00e7onneuses STIHL attire l&#8217;attention gr\u00e2ce \u00e0 une impression 3D l\u00e9g\u00e8rement en relief. Une petite \u00e9tiquette tiss\u00e9e &#8220;LEGENDARY PERFORMANCE&#8221; est appos\u00e9e en bas \u00e0 droite du dos.<\/p>\n","protected":false},"excerpt":{"rendered":"<p>Polo pour homme en 60% coton et 40% polyester. Le col est \u00e9troit et sportif et se termine par une<\/p>\n","protected":false},"featured_media":519581,"template":"","meta":{"_seopress_robots_primary_cat":"","_seopress_titles_title":"","_seopress_titles_desc":"","_seopress_robots_index":""},"product_brand":[3366],"product_cat":[21,189,190],"product_tag":[],"class_list":{"0":"post-519586","1":"product","2":"type-product","3":"status-publish","4":"has-post-thumbnail","6":"product_brand-stihl","7":"product_cat-abbigliamento","8":"product_cat-abbigliamento-per-il-tempo-libero","9":"product_cat-abbigliamento-da-uomo","10":"sws-gruppo-abb-libero-fr","11":"sws-conto-ricavi-merci-rivendita-abbigliamento-fr","12":"sws-gruppo-iva-iva81-fr","14":"first","15":"instock","16":"sale","17":"shipping-taxable","18":"purchasable","19":"product-type-variable"},"_links":{"self":[{"href":"https:\/\/lucacastelli.com\/fr\/wp-json\/wp\/v2\/product\/519586","targetHints":{"allow":["GET"]}}],"collection":[{"href":"https:\/\/lucacastelli.com\/fr\/wp-json\/wp\/v2\/product"}],"about":[{"href":"https:\/\/lucacastelli.com\/fr\/wp-json\/wp\/v2\/types\/product"}],"wp:featuredmedia":[{"embeddable":true,"href":"https:\/\/lucacastelli.com\/fr\/wp-json\/wp\/v2\/media\/519581"}],"wp:attachment":[{"href":"https:\/\/lucacastelli.com\/fr\/wp-json\/wp\/v2\/media?parent=519586"}],"wp:term":[{"taxonomy":"product_brand","embeddable":true,"href":"https:\/\/lucacastelli.com\/fr\/wp-json\/wp\/v2\/product_brand?post=519586"},{"taxonomy":"product_cat","embeddable":true,"href":"https:\/\/lucacastelli.com\/fr\/wp-json\/wp\/v2\/product_cat?post=519586"},{"taxonomy":"product_tag","embeddable":true,"href":"https:\/\/lucacastelli.com\/fr\/wp-json\/wp\/v2\/product_tag?post=519586"}],"curies":[{"name":"wp","href":"https:\/\/api.w.org\/{rel}","templated":true}]}}