{"id":519574,"date":"2025-07-29T21:38:05","date_gmt":"2025-07-29T19:38:05","guid":{"rendered":"https:\/\/lucacastelli.com\/prodotto\/stihl-ms-162-con-35-cm-2\/"},"modified":"2026-03-09T13:29:14","modified_gmt":"2026-03-09T12:29:14","slug":"stihl-ms-162-con-35-cm-2","status":"publish","type":"product","link":"https:\/\/lucacastelli.com\/fr\/produit\/stihl-ms-162-con-35-cm-2\/","title":{"rendered":"STIHL MS 162 avec 35 cm"},"content":{"rendered":"<p>TRON\u00c7ONNEUSE \u00c0 ESSENCE MS 162 : MOD\u00c8LE D&#8217;ENTR\u00c9E DE GAMME POUR UN LARGE \u00c9VENTAIL DE TRAVAUX<\/p>\n<p>La tron\u00e7onneuse thermique STIHL MS 162 est un outil de base fiable pour l&#8217;entretien des espaces verts priv\u00e9s. Qu&#8217;il s&#8217;agisse de couper du bois de chauffage ou de tailler des arbres fruitiers, la tron\u00e7onneuse STIHL MS 162, l\u00e9g\u00e8re et robuste, convient \u00e0 une utilisation occasionnelle dans un large \u00e9ventail d&#8217;applications. Cette tron\u00e7onneuse fiable permet m\u00eame d&#8217;abattre les plus petits arbres.  <\/p>\n<p>Le syst\u00e8me global optimis\u00e9 de la STIHL MS 162 comprend le puissant moteur STIHL 2-MIX. Il garantit de bonnes performances de coupe avec une consommation r\u00e9duite. Vous obtenez ainsi des coupes pr\u00e9cises de mani\u00e8re fiable, avec le soutien de la cha\u00eene standard 3\/8 &#8220;P \u00e0 coupe \u00e9troite. La tron\u00e7onneuse fonctionne de mani\u00e8re fluide et silencieuse : le syst\u00e8me anti-vibrations STIHL r\u00e9duit la transmission des vibrations \u00e0 la poign\u00e9e, soulageant ainsi les muscles et les articulations.   <\/p>\n<p>Particuli\u00e8rement pratique : gr\u00e2ce \u00e0 la commande \u00e0 un seul levier, vous contr\u00f4lez toutes les fonctions comme le d\u00e9marrage, la marche et l&#8217;arr\u00eat d&#8217;une seule main. Et le red\u00e9marrage apr\u00e8s les interruptions de travail est facile car le levier combin\u00e9 avec fonction d&#8217;arr\u00eat revient automatiquement en position de travail. Autre caract\u00e9ristique pratique : la s\u00e9curit\u00e9 et la facilit\u00e9 de retension de la cha\u00eene, o\u00f9 le tendeur de cha\u00eene lat\u00e9ral s&#8217;av\u00e8re particuli\u00e8rement pratique.  <\/p>\n<p>Tron\u00e7onneuse thermique pour la coupe de bois de chauffage et l&#8217;entretien des espaces verts<br \/>\nPour travaux en milieu priv\u00e9<br \/>\nManiabilit\u00e9 gr\u00e2ce \u00e0 la commande \u00e0 un seul levier et au levier combin\u00e9 avec fonction d&#8217;arr\u00eat<br \/>\nTension lat\u00e9rale de la cha\u00eene<br \/>\nConfortable m\u00eame lors d&#8217;op\u00e9rations prolong\u00e9es gr\u00e2ce au syst\u00e8me anti-vibrations STIHL<\/p>\n<p>D\u00c9TAILS TECHNIQUES<br \/>\nCylindr\u00e9e 30,1 cm\u00b3<br \/>\nLongueur de guide 30 cm<br \/>\nPuissance 1,2\/1,6 kW\/ch<br \/>\nPoids 4,5 kg 1)<br \/>\nRapport puissance\/poids 3,8 kg\/kW<br \/>\nNiveau de pression acoustique 100 dB(A) 2)<br \/>\nNiveau de puissance acoustique 113 dB(A) 2)<br \/>\nValeur de vibration gauche\/droite 3,2\/3 m\/s\u00b2 3)<br \/>\nCO2 894 g\/kWh<br \/>\nPas de cha\u00eene de scie 3\/8 &#8221; P<\/p>\n<p>1)Sans carburant, sans guide-cha\u00eene et cha\u00eene de coupe<br \/>\n2)Valeur K selon directive 2006\/42\/CE = 2,0 dB(A)<br \/>\n3)Valeur K selon directive 2006\/42\/CE = 2 m\/s\u00b2<\/p>\n","protected":false},"excerpt":{"rendered":"<p>TRON\u00c7ONNEUSE \u00c0 ESSENCE MS 162 : MOD\u00c8LE D&#8217;ENTR\u00c9E DE GAMME POUR UN LARGE \u00c9VENTAIL DE TRAVAUX La tron\u00e7onneuse thermique STIHL<\/p>\n","protected":false},"featured_media":519569,"template":"","meta":{"_seopress_robots_primary_cat":"none","_seopress_titles_title":"","_seopress_titles_desc":"","_seopress_robots_index":""},"product_brand":[3366],"product_cat":[29,268,494],"product_tag":[],"class_list":{"0":"post-519574","1":"product","2":"type-product","3":"status-publish","4":"has-post-thumbnail","6":"product_brand-stihl","7":"product_cat-macchinari","8":"product_cat-motoseghe","9":"product_cat-motoseghe-a-motore","10":"sws-gruppo-abb-libero-fr","11":"sws-conto-ricavi-merci-rivendita-macchinari-fr","12":"sws-gruppo-iva-iva81-fr","14":"first","15":"instock","16":"shipping-taxable","17":"purchasable","18":"product-type-simple"},"_links":{"self":[{"href":"https:\/\/lucacastelli.com\/fr\/wp-json\/wp\/v2\/product\/519574","targetHints":{"allow":["GET"]}}],"collection":[{"href":"https:\/\/lucacastelli.com\/fr\/wp-json\/wp\/v2\/product"}],"about":[{"href":"https:\/\/lucacastelli.com\/fr\/wp-json\/wp\/v2\/types\/product"}],"wp:featuredmedia":[{"embeddable":true,"href":"https:\/\/lucacastelli.com\/fr\/wp-json\/wp\/v2\/media\/519569"}],"wp:attachment":[{"href":"https:\/\/lucacastelli.com\/fr\/wp-json\/wp\/v2\/media?parent=519574"}],"wp:term":[{"taxonomy":"product_brand","embeddable":true,"href":"https:\/\/lucacastelli.com\/fr\/wp-json\/wp\/v2\/product_brand?post=519574"},{"taxonomy":"product_cat","embeddable":true,"href":"https:\/\/lucacastelli.com\/fr\/wp-json\/wp\/v2\/product_cat?post=519574"},{"taxonomy":"product_tag","embeddable":true,"href":"https:\/\/lucacastelli.com\/fr\/wp-json\/wp\/v2\/product_tag?post=519574"}],"curies":[{"name":"wp","href":"https:\/\/api.w.org\/{rel}","templated":true}]}}