{"id":519566,"date":"2025-07-29T21:37:55","date_gmt":"2025-07-29T19:37:55","guid":{"rendered":"https:\/\/lucacastelli.com\/prodotto\/stihl-sporttasche-timbersports-2\/"},"modified":"2025-08-01T13:11:15","modified_gmt":"2025-08-01T11:11:15","slug":"stihl-sporttasche-timbersports-2","status":"publish","type":"product","link":"https:\/\/lucacastelli.com\/fr\/produit\/stihl-sporttasche-timbersports-2\/","title":{"rendered":"STIHL Sporttasche TIMBERSPORTS\u00ae (en anglais seulement)"},"content":{"rendered":"<p>Sac de sport TIMBERSPORTS<br \/>\nPour les sportifs passionn\u00e9s : le sac de sport TIMBERSPORTS\u00ae dans les couleurs originales noir, blanc et orange. D&#8217;une taille d&#8217;environ 80 \u00d7 30 \u00d7 40 cm, ce sac offre suffisamment de place pour les v\u00eatements, les serviettes, les chaussures de sport et bien plus encore. Id\u00e9al pour tous les sportifs et pour transporter une quantit\u00e9 suffisante d&#8217;\u00e9quipement &#8211; dans le beau look TIMBERSPORTS\u00ae.  <\/p>\n","protected":false},"excerpt":{"rendered":"<p>Sac de sport TIMBERSPORTS Pour les sportifs passionn\u00e9s : le sac de sport TIMBERSPORTS\u00ae dans les couleurs originales noir, blanc<\/p>\n","protected":false},"featured_media":519561,"template":"","meta":{"_seopress_robots_primary_cat":"","_seopress_titles_title":"","_seopress_titles_desc":"","_seopress_robots_index":""},"product_brand":[3555],"product_cat":[1477],"product_tag":[],"class_list":{"0":"post-519566","1":"product","2":"type-product","3":"status-publish","4":"has-post-thumbnail","6":"product_brand-stihl-fr","7":"product_cat-shop-fr","8":"sws-gruppo-abb-libero-fr","9":"sws-conto-ricavi-merci-rivendita-abbigliamento-fr","10":"sws-gruppo-iva-iva81-fr","12":"first","13":"onbackorder","14":"shipping-taxable","15":"purchasable","16":"product-type-simple"},"_links":{"self":[{"href":"https:\/\/lucacastelli.com\/fr\/wp-json\/wp\/v2\/product\/519566","targetHints":{"allow":["GET"]}}],"collection":[{"href":"https:\/\/lucacastelli.com\/fr\/wp-json\/wp\/v2\/product"}],"about":[{"href":"https:\/\/lucacastelli.com\/fr\/wp-json\/wp\/v2\/types\/product"}],"wp:featuredmedia":[{"embeddable":true,"href":"https:\/\/lucacastelli.com\/fr\/wp-json\/wp\/v2\/media\/519561"}],"wp:attachment":[{"href":"https:\/\/lucacastelli.com\/fr\/wp-json\/wp\/v2\/media?parent=519566"}],"wp:term":[{"taxonomy":"product_brand","embeddable":true,"href":"https:\/\/lucacastelli.com\/fr\/wp-json\/wp\/v2\/product_brand?post=519566"},{"taxonomy":"product_cat","embeddable":true,"href":"https:\/\/lucacastelli.com\/fr\/wp-json\/wp\/v2\/product_cat?post=519566"},{"taxonomy":"product_tag","embeddable":true,"href":"https:\/\/lucacastelli.com\/fr\/wp-json\/wp\/v2\/product_tag?post=519566"}],"curies":[{"name":"wp","href":"https:\/\/api.w.org\/{rel}","templated":true}]}}