{"id":519550,"date":"2025-07-29T21:37:34","date_gmt":"2025-07-29T19:37:34","guid":{"rendered":"https:\/\/lucacastelli.com\/prodotto\/stihl-schneidebrett-2in1-timbersports-edition-2\/"},"modified":"2025-08-01T13:14:31","modified_gmt":"2025-08-01T11:14:31","slug":"stihl-schneidebrett-2in1-timbersports-edition-2","status":"publish","type":"product","link":"https:\/\/lucacastelli.com\/fr\/produit\/stihl-schneidebrett-2in1-timbersports-edition-2\/","title":{"rendered":"STIHL Schneidebrett 2in1 TIMBERSPORTS\u00ae Edition"},"content":{"rendered":"<p>Le set de cuisine pour tous les fans de TIMBERSPORTS\u00ae et les amateurs de plein air ! Cette planche \u00e0 d\u00e9couper pr\u00e9sente les axes transversaux typiques de<br \/>\nTIMBERSPORTS\u00ae qui sont frais\u00e9s dans cette planche \u00e0 d\u00e9couper. Il est livr\u00e9 avec le couteau de cuisine au look TIMBERSPORTS\u00ae (rev\u00eatement PTFE noir avec gravure laser), un sac de rangement pratique et un chiffon de nettoyage. Le couteau de cuisine peut \u00eatre fix\u00e9 \u00e0 la planche \u00e0 d\u00e9couper \u00e0 l&#8217;aide d&#8217;un aimant. Tout est donc toujours r\u00e9uni. Pour que cet ensemble se distingue imm\u00e9diatement, la planche \u00e0 d\u00e9couper est munie d&#8217;un trou pour la suspendre \u00e0 votre place pr\u00e9f\u00e9r\u00e9e dans la cuisine ou le camping-car.<\/p>\n","protected":false},"excerpt":{"rendered":"<p>Le set de cuisine pour tous les fans de TIMBERSPORTS\u00ae et les amateurs de plein air ! Cette planche \u00e0<\/p>\n","protected":false},"featured_media":519545,"template":"","meta":{"_seopress_robots_primary_cat":"","_seopress_titles_title":"","_seopress_titles_desc":"","_seopress_robots_index":""},"product_brand":[3366],"product_cat":[1103],"product_tag":[],"class_list":{"0":"post-519550","1":"product","2":"type-product","3":"status-publish","4":"has-post-thumbnail","6":"product_brand-stihl","7":"product_cat-shops","8":"sws-gruppo-abb-libero-fr","9":"sws-conto-ricavi-merci-rivendita-abbigliamento-fr","10":"sws-gruppo-iva-iva81-fr","12":"first","13":"instock","14":"shipping-taxable","15":"purchasable","16":"product-type-simple"},"_links":{"self":[{"href":"https:\/\/lucacastelli.com\/fr\/wp-json\/wp\/v2\/product\/519550","targetHints":{"allow":["GET"]}}],"collection":[{"href":"https:\/\/lucacastelli.com\/fr\/wp-json\/wp\/v2\/product"}],"about":[{"href":"https:\/\/lucacastelli.com\/fr\/wp-json\/wp\/v2\/types\/product"}],"wp:featuredmedia":[{"embeddable":true,"href":"https:\/\/lucacastelli.com\/fr\/wp-json\/wp\/v2\/media\/519545"}],"wp:attachment":[{"href":"https:\/\/lucacastelli.com\/fr\/wp-json\/wp\/v2\/media?parent=519550"}],"wp:term":[{"taxonomy":"product_brand","embeddable":true,"href":"https:\/\/lucacastelli.com\/fr\/wp-json\/wp\/v2\/product_brand?post=519550"},{"taxonomy":"product_cat","embeddable":true,"href":"https:\/\/lucacastelli.com\/fr\/wp-json\/wp\/v2\/product_cat?post=519550"},{"taxonomy":"product_tag","embeddable":true,"href":"https:\/\/lucacastelli.com\/fr\/wp-json\/wp\/v2\/product_tag?post=519550"}],"curies":[{"name":"wp","href":"https:\/\/api.w.org\/{rel}","templated":true}]}}