{"id":519522,"date":"2025-07-29T21:36:34","date_gmt":"2025-07-29T19:36:34","guid":{"rendered":"https:\/\/lucacastelli.com\/prodotto\/3er-set-stihl-polo-iclon-grey-orange-blue-2\/"},"modified":"2025-08-13T10:38:48","modified_gmt":"2025-08-13T08:38:48","slug":"3er-set-stihl-polo-iclon-grey-orange-blue-2","status":"publish","type":"product","link":"https:\/\/lucacastelli.com\/fr\/produit\/3er-set-stihl-polo-iclon-grey-orange-blue-2\/","title":{"rendered":"3er SET STIHL POLO ICLON (GRIS, ORANGE, BLEU)"},"content":{"rendered":"<p>Polo pour homme en 60% coton et 40% polyester. Le col est \u00e9troit et sportif et se termine par une patte de boutonnage \u00e0 trois boutons sur le devant. L&#8217;ic\u00f4ne d&#8217;une Tron\u00e7onneuses STIHL attire l&#8217;attention gr\u00e2ce \u00e0 une impression 3D l\u00e9g\u00e8rement en relief. Une petite \u00e9tiquette tiss\u00e9e &#8220;LEGENDARY PERFORMANCE&#8221; est appos\u00e9e en bas \u00e0 droite du dos.<\/p>\n<p>Ensemble compos\u00e9 de :<\/p>\n<p>1 pc Polo Orange<br \/>\n1 pc Polo Bleu<br \/>\n1 pc Polo Gris<\/p>\n","protected":false},"excerpt":{"rendered":"<p>Polo pour homme en 60% coton et 40% polyester. Le col est \u00e9troit et sportif et se termine par une<\/p>\n","protected":false},"featured_media":519517,"template":"","meta":{"_seopress_robots_primary_cat":"none","_seopress_titles_title":"","_seopress_titles_desc":"","_seopress_robots_index":""},"product_brand":[3555],"product_cat":[81,981,982],"product_tag":[],"class_list":{"0":"post-519522","1":"product","2":"type-product","3":"status-publish","4":"has-post-thumbnail","6":"product_brand-stihl-fr","7":"product_cat-vetements","8":"product_cat-vetements-de-loisirs","9":"product_cat-vetements-pour-hommes","10":"sws-gruppo-abb-libero-fr","11":"sws-conto-ricavi-merci-rivendita-abbigliamento-fr","12":"sws-gruppo-iva-iva81-fr","14":"first","15":"instock","16":"sale","17":"shipping-taxable","18":"purchasable","19":"product-type-variable"},"_links":{"self":[{"href":"https:\/\/lucacastelli.com\/fr\/wp-json\/wp\/v2\/product\/519522","targetHints":{"allow":["GET"]}}],"collection":[{"href":"https:\/\/lucacastelli.com\/fr\/wp-json\/wp\/v2\/product"}],"about":[{"href":"https:\/\/lucacastelli.com\/fr\/wp-json\/wp\/v2\/types\/product"}],"wp:featuredmedia":[{"embeddable":true,"href":"https:\/\/lucacastelli.com\/fr\/wp-json\/wp\/v2\/media\/519517"}],"wp:attachment":[{"href":"https:\/\/lucacastelli.com\/fr\/wp-json\/wp\/v2\/media?parent=519522"}],"wp:term":[{"taxonomy":"product_brand","embeddable":true,"href":"https:\/\/lucacastelli.com\/fr\/wp-json\/wp\/v2\/product_brand?post=519522"},{"taxonomy":"product_cat","embeddable":true,"href":"https:\/\/lucacastelli.com\/fr\/wp-json\/wp\/v2\/product_cat?post=519522"},{"taxonomy":"product_tag","embeddable":true,"href":"https:\/\/lucacastelli.com\/fr\/wp-json\/wp\/v2\/product_tag?post=519522"}],"curies":[{"name":"wp","href":"https:\/\/api.w.org\/{rel}","templated":true}]}}