{"id":519514,"date":"2025-07-29T21:36:19","date_gmt":"2025-07-29T19:36:19","guid":{"rendered":"https:\/\/lucacastelli.com\/prodotto\/stihl-sport-sonnenbrille-stihl-timbersports-2\/"},"modified":"2025-08-01T13:13:12","modified_gmt":"2025-08-01T11:13:12","slug":"stihl-sport-sonnenbrille-stihl-timbersports-2","status":"publish","type":"product","link":"https:\/\/lucacastelli.com\/fr\/produit\/stihl-sport-sonnenbrille-stihl-timbersports-2\/","title":{"rendered":"STIHL Sport-Sonnenbrille STIHL TIMBERSPORTS\u00ae"},"content":{"rendered":"<p>Lunettes de sport TIMBERSPORTS\u00ae de STIHL<br \/>\nParfaites pour le v\u00e9lo, le ski et tous les sports de plein air ou simplement comme accessoire \u00e9l\u00e9gant pour aller \u00e0 une course &#8211; les lunettes de sport TIMBERSPORTS\u00ae en noir avec une visi\u00e8re teint\u00e9e en &#8220;Mirror Orange&#8221;. Ces lunettes de soleil se distinguent par une protection \u00e0 100 % contre les rayons UV-A, UV-B et UV-C, des branches souples et des plaquettes de nez r\u00e9glables. Pour garantir la haute qualit\u00e9 habituelle de STIHL, ces lunettes de soleil ont \u00e9t\u00e9 d\u00e9velopp\u00e9es en coop\u00e9ration avec le fabricant haut de gamme UVEX. Deux axes crois\u00e9s \u00e0 l&#8217;ext\u00e9rieur de chaque branche rendent ces lunettes de soleil TIMBERSPORTS\u00ae incomparables ! Largeur des verres : 147 mm, Largeur des lentilles : 147 mm, Longueur de la branche : 113 mm, Hauteur des lentilles : 54 mm, Largeur du pont de nez : 20 mm    <\/p>\n","protected":false},"excerpt":{"rendered":"<p>Lunettes de sport TIMBERSPORTS\u00ae de STIHL Parfaites pour le v\u00e9lo, le ski et tous les sports de plein air ou<\/p>\n","protected":false},"featured_media":519509,"template":"","meta":{"_seopress_robots_primary_cat":"","_seopress_titles_title":"","_seopress_titles_desc":"","_seopress_robots_index":""},"product_brand":[3555],"product_cat":[144,1412,1477],"product_tag":[],"class_list":{"0":"post-519514","1":"product","2":"type-product","3":"status-publish","4":"has-post-thumbnail","6":"product_brand-stihl-fr","7":"product_cat-equipement","8":"product_cat-visieres-et-lunettes","9":"product_cat-shop-fr","10":"sws-gruppo-abb-libero-fr","11":"sws-conto-ricavi-merci-rivendita-abbigliamento-fr","12":"sws-gruppo-iva-iva81-fr","14":"first","15":"onbackorder","16":"shipping-taxable","17":"purchasable","18":"product-type-simple"},"_links":{"self":[{"href":"https:\/\/lucacastelli.com\/fr\/wp-json\/wp\/v2\/product\/519514","targetHints":{"allow":["GET"]}}],"collection":[{"href":"https:\/\/lucacastelli.com\/fr\/wp-json\/wp\/v2\/product"}],"about":[{"href":"https:\/\/lucacastelli.com\/fr\/wp-json\/wp\/v2\/types\/product"}],"wp:featuredmedia":[{"embeddable":true,"href":"https:\/\/lucacastelli.com\/fr\/wp-json\/wp\/v2\/media\/519509"}],"wp:attachment":[{"href":"https:\/\/lucacastelli.com\/fr\/wp-json\/wp\/v2\/media?parent=519514"}],"wp:term":[{"taxonomy":"product_brand","embeddable":true,"href":"https:\/\/lucacastelli.com\/fr\/wp-json\/wp\/v2\/product_brand?post=519514"},{"taxonomy":"product_cat","embeddable":true,"href":"https:\/\/lucacastelli.com\/fr\/wp-json\/wp\/v2\/product_cat?post=519514"},{"taxonomy":"product_tag","embeddable":true,"href":"https:\/\/lucacastelli.com\/fr\/wp-json\/wp\/v2\/product_tag?post=519514"}],"curies":[{"name":"wp","href":"https:\/\/api.w.org\/{rel}","templated":true}]}}