{"id":519504,"date":"2025-07-29T21:25:34","date_gmt":"2025-07-29T19:25:34","guid":{"rendered":"https:\/\/lucacastelli.com\/prodotto\/stihl-fahrwagen-mit-wassertank-2\/"},"modified":"2025-08-01T13:14:30","modified_gmt":"2025-08-01T11:14:30","slug":"stihl-fahrwagen-mit-wassertank-2","status":"publish","type":"product","link":"https:\/\/lucacastelli.com\/fr\/produit\/stihl-fahrwagen-mit-wassertank-2\/","title":{"rendered":"STIHL Fahrwagen avec r\u00e9servoir d&#8217;eau"},"content":{"rendered":"<p>Chariot \u00e0 r\u00e9servoir d&#8217;eau : pour l&#8217;utilisation mobile des nettoyeurs haute pression \u00e0 batterie<br \/>\nLe chariot \u00e0 r\u00e9servoir d&#8217;eau permet une utilisation rapide et autonome des nettoyeurs haute pression \u00e0 batterie STIHL REA 60 PLUS et STIHL REA 100 PLUS sans raccordement \u00e0 l&#8217;eau ou \u00e0 l&#8217;\u00e9lectricit\u00e9, ainsi qu&#8217;un transport pratique de l&#8217;appareil et du r\u00e9servoir d&#8217;eau.<\/p>\n<p>Gr\u00e2ce au ch\u00e2ssis robuste en acier tubulaire, l&#8217;appareil de nettoyage et le r\u00e9servoir d&#8217;eau de 20 litres avec bouchon peuvent \u00eatre d\u00e9plac\u00e9s facilement et en toute s\u00e9curit\u00e9. Le tuyau d&#8217;aspiration de 0,5 m fourni est \u00e9quip\u00e9 d&#8217;un filtre \u00e0 eau int\u00e9gr\u00e9 et prot\u00e8ge l&#8217;appareil des salet\u00e9s pr\u00e9sentes dans l&#8217;eau. <\/p>\n<p>Le chariot offre des possibilit\u00e9s de rangement pratiques pour les accessoires, de sorte que l&#8217;appareil de nettoyage, la lance haute pression, le r\u00e9servoir d&#8217;eau et les accessoires sont toujours \u00e0 port\u00e9e de main, au m\u00eame endroit. Le chariot peut \u00eatre pli\u00e9 en quelques \u00e9tapes simples pour \u00eatre rang\u00e9 et gagner de la place entre deux utilisations. <\/p>\n<p>D\u00e9tails du produit<br \/>\nChariot robuste avec ch\u00e2ssis en acier tubulaire<br \/>\nR\u00e9servoir d&#8217;eau amovible de 20 litres pour l&#8217;approvisionnement mobile en eau<br \/>\nPliable pour un stockage et un transport compacts<br \/>\nRangement pratique des accessoires et de la lance haute pression<br \/>\nAvec tuyau d&#8217;aspiration de 0,5 m<\/p>\n","protected":false},"excerpt":{"rendered":"<p>Chariot \u00e0 r\u00e9servoir d&#8217;eau : pour l&#8217;utilisation mobile des nettoyeurs haute pression \u00e0 batterie Le chariot \u00e0 r\u00e9servoir d&#8217;eau permet<\/p>\n","protected":false},"featured_media":519499,"template":"","meta":{"_seopress_robots_primary_cat":"","_seopress_titles_title":"","_seopress_titles_desc":"","_seopress_robots_index":""},"product_brand":[3366],"product_cat":[29,514,519],"product_tag":[],"class_list":{"0":"post-519504","1":"product","2":"type-product","3":"status-publish","4":"has-post-thumbnail","6":"product_brand-stihl","7":"product_cat-macchinari","8":"product_cat-altri-dispositivi","9":"product_cat-idropulitrici","10":"sws-gruppo-abb-libero-fr","11":"sws-conto-ricavi-merci-rivendita-abbigliamento-fr","12":"sws-gruppo-iva-iva81-fr","14":"first","15":"onbackorder","16":"shipping-taxable","17":"purchasable","18":"product-type-simple"},"_links":{"self":[{"href":"https:\/\/lucacastelli.com\/fr\/wp-json\/wp\/v2\/product\/519504","targetHints":{"allow":["GET"]}}],"collection":[{"href":"https:\/\/lucacastelli.com\/fr\/wp-json\/wp\/v2\/product"}],"about":[{"href":"https:\/\/lucacastelli.com\/fr\/wp-json\/wp\/v2\/types\/product"}],"wp:featuredmedia":[{"embeddable":true,"href":"https:\/\/lucacastelli.com\/fr\/wp-json\/wp\/v2\/media\/519499"}],"wp:attachment":[{"href":"https:\/\/lucacastelli.com\/fr\/wp-json\/wp\/v2\/media?parent=519504"}],"wp:term":[{"taxonomy":"product_brand","embeddable":true,"href":"https:\/\/lucacastelli.com\/fr\/wp-json\/wp\/v2\/product_brand?post=519504"},{"taxonomy":"product_cat","embeddable":true,"href":"https:\/\/lucacastelli.com\/fr\/wp-json\/wp\/v2\/product_cat?post=519504"},{"taxonomy":"product_tag","embeddable":true,"href":"https:\/\/lucacastelli.com\/fr\/wp-json\/wp\/v2\/product_tag?post=519504"}],"curies":[{"name":"wp","href":"https:\/\/api.w.org\/{rel}","templated":true}]}}