{"id":519496,"date":"2025-07-29T21:25:22","date_gmt":"2025-07-29T19:25:22","guid":{"rendered":"https:\/\/lucacastelli.com\/prodotto\/stihl-tubo-flessibile-di-aspirazione-2\/"},"modified":"2025-08-11T19:37:28","modified_gmt":"2025-08-11T17:37:28","slug":"stihl-tubo-flessibile-di-aspirazione-2","status":"publish","type":"product","link":"https:\/\/lucacastelli.com\/fr\/produit\/stihl-tubo-flessibile-di-aspirazione-2\/","title":{"rendered":"STIHL Tuyau d&#8217;aspiration"},"content":{"rendered":"<p>Tuyau d&#8217;aspiration : alimentation en eau ind\u00e9pendante pour les nettoyeurs haute pression \u00e0 batterie<br \/>\nLe tuyau d&#8217;aspiration STIHL vous permet d&#8217;utiliser de l&#8217;eau provenant de diff\u00e9rentes sources, telles que des collecteurs d&#8217;eau de pluie ou des citernes, pour les travaux de nettoyage avec votre nettoyeur haute pression \u00e0 batterie STIHL. Un tuyau robuste de 5 m\u00e8tres de long aspire l&#8217;eau sans pression directement dans votre nettoyeur haute pression STIHL. Pour \u00e9viter que des salet\u00e9s ne p\u00e9n\u00e8trent dans votre nettoyeur haute pression sans fil, le tuyau est \u00e9quip\u00e9 d&#8217;un filtre \u00e0 eau int\u00e9gr\u00e9.<br \/>\nLe tuyau d&#8217;aspiration est compatible avec les nettoyeurs haute pression sans fil STIHL REA 60 PLUS et STIHL REA 100 PLUS.  <\/p>\n","protected":false},"excerpt":{"rendered":"<p>Tuyau d&#8217;aspiration : alimentation en eau ind\u00e9pendante pour les nettoyeurs haute pression \u00e0 batterie Le tuyau d&#8217;aspiration STIHL vous permet<\/p>\n","protected":false},"featured_media":519491,"template":"","meta":{"_seopress_robots_primary_cat":"","_seopress_titles_title":"","_seopress_titles_desc":"","_seopress_robots_index":""},"product_brand":[3555],"product_cat":[1453,167,1513],"product_tag":[],"class_list":{"0":"post-519496","1":"product","2":"type-product","3":"status-publish","4":"has-post-thumbnail","6":"product_brand-stihl-fr","7":"product_cat-autres-appareils","8":"product_cat-machines","9":"product_cat-nettoyeurs-haute-pression","10":"sws-gruppo-abb-libero-fr","11":"sws-conto-ricavi-merci-rivendita-macchinari-fr","12":"sws-gruppo-iva-iva81-fr","14":"first","15":"onbackorder","16":"shipping-taxable","17":"purchasable","18":"product-type-simple"},"_links":{"self":[{"href":"https:\/\/lucacastelli.com\/fr\/wp-json\/wp\/v2\/product\/519496","targetHints":{"allow":["GET"]}}],"collection":[{"href":"https:\/\/lucacastelli.com\/fr\/wp-json\/wp\/v2\/product"}],"about":[{"href":"https:\/\/lucacastelli.com\/fr\/wp-json\/wp\/v2\/types\/product"}],"wp:featuredmedia":[{"embeddable":true,"href":"https:\/\/lucacastelli.com\/fr\/wp-json\/wp\/v2\/media\/519491"}],"wp:attachment":[{"href":"https:\/\/lucacastelli.com\/fr\/wp-json\/wp\/v2\/media?parent=519496"}],"wp:term":[{"taxonomy":"product_brand","embeddable":true,"href":"https:\/\/lucacastelli.com\/fr\/wp-json\/wp\/v2\/product_brand?post=519496"},{"taxonomy":"product_cat","embeddable":true,"href":"https:\/\/lucacastelli.com\/fr\/wp-json\/wp\/v2\/product_cat?post=519496"},{"taxonomy":"product_tag","embeddable":true,"href":"https:\/\/lucacastelli.com\/fr\/wp-json\/wp\/v2\/product_tag?post=519496"}],"curies":[{"name":"wp","href":"https:\/\/api.w.org\/{rel}","templated":true}]}}