{"id":519488,"date":"2025-07-29T21:25:11","date_gmt":"2025-07-29T19:25:11","guid":{"rendered":"https:\/\/lucacastelli.com\/prodotto\/stihl-spazzola-di-lavaggio-rotante-2\/"},"modified":"2025-08-01T13:14:07","modified_gmt":"2025-08-01T11:14:07","slug":"stihl-spazzola-di-lavaggio-rotante-2","status":"publish","type":"product","link":"https:\/\/lucacastelli.com\/fr\/produit\/stihl-spazzola-di-lavaggio-rotante-2\/","title":{"rendered":"STIHL Brosse de lavage rotative"},"content":{"rendered":"<p>Brosse rotative STIHL RCA 20 : Nettoyez les surfaces sensibles efficacement et en douceur.<br \/>\nLa brosse rotative STIHL, compatible avec votre nettoyeur haute pression \u00e0 batterie STIHL RCA 20, vous permet d&#8217;effectuer divers travaux de nettoyage sur des surfaces lisses, de mani\u00e8re efficace et en douceur. Elle est destin\u00e9e exclusivement \u00e0 un usage priv\u00e9. La brosse STIHL a un diam\u00e8tre de 155 mm et est \u00e9quip\u00e9e d&#8217;une couronne rotative pour un travail particuli\u00e8rement efficace. L&#8217;angle de travail est \u00e9galement facilement r\u00e9glable, de sorte que m\u00eame les surfaces l\u00e9g\u00e8rement inclin\u00e9es peuvent \u00eatre nettoy\u00e9es sans probl\u00e8me.   <\/p>\n<p>La brosse rotative est compatible avec le nettoyeur haute pression \u00e0 batterie STIHL RCA 20.<\/p>\n<p>A retenir<br \/>\nPour tous les petits travaux de nettoyage dans la maison et le jardin.<br \/>\nPour un nettoyage efficace et en douceur des surfaces sensibles.<br \/>\nTravail efficace gr\u00e2ce \u00e0 la brosse rotative et \u00e0 l&#8217;angle de travail r\u00e9glable.<br \/>\nBrosse rotative pour nettoyeurs haute pression. Convient au nettoyage des surfaces sensibles <\/p>\n","protected":false},"excerpt":{"rendered":"<p>Brosse rotative STIHL RCA 20 : Nettoyez les surfaces sensibles efficacement et en douceur. La brosse rotative STIHL, compatible avec<\/p>\n","protected":false},"featured_media":519483,"template":"","meta":{"_seopress_robots_primary_cat":"","_seopress_titles_title":"","_seopress_titles_desc":"","_seopress_robots_index":""},"product_brand":[3366],"product_cat":[29,514,519],"product_tag":[],"class_list":{"0":"post-519488","1":"product","2":"type-product","3":"status-publish","4":"has-post-thumbnail","6":"product_brand-stihl","7":"product_cat-macchinari","8":"product_cat-altri-dispositivi","9":"product_cat-idropulitrici","10":"sws-gruppo-abb-libero-fr","11":"sws-conto-ricavi-merci-rivendita-macchinari-fr","12":"sws-gruppo-iva-iva81-fr","14":"first","15":"instock","16":"shipping-taxable","17":"purchasable","18":"product-type-simple"},"_links":{"self":[{"href":"https:\/\/lucacastelli.com\/fr\/wp-json\/wp\/v2\/product\/519488","targetHints":{"allow":["GET"]}}],"collection":[{"href":"https:\/\/lucacastelli.com\/fr\/wp-json\/wp\/v2\/product"}],"about":[{"href":"https:\/\/lucacastelli.com\/fr\/wp-json\/wp\/v2\/types\/product"}],"wp:featuredmedia":[{"embeddable":true,"href":"https:\/\/lucacastelli.com\/fr\/wp-json\/wp\/v2\/media\/519483"}],"wp:attachment":[{"href":"https:\/\/lucacastelli.com\/fr\/wp-json\/wp\/v2\/media?parent=519488"}],"wp:term":[{"taxonomy":"product_brand","embeddable":true,"href":"https:\/\/lucacastelli.com\/fr\/wp-json\/wp\/v2\/product_brand?post=519488"},{"taxonomy":"product_cat","embeddable":true,"href":"https:\/\/lucacastelli.com\/fr\/wp-json\/wp\/v2\/product_cat?post=519488"},{"taxonomy":"product_tag","embeddable":true,"href":"https:\/\/lucacastelli.com\/fr\/wp-json\/wp\/v2\/product_tag?post=519488"}],"curies":[{"name":"wp","href":"https:\/\/api.w.org\/{rel}","templated":true}]}}