{"id":519480,"date":"2025-07-29T21:14:09","date_gmt":"2025-07-29T19:14:09","guid":{"rendered":"https:\/\/lucacastelli.com\/prodotto\/stihl-fss-km-2\/"},"modified":"2026-03-02T09:31:29","modified_gmt":"2026-03-02T08:31:29","slug":"stihl-fss-km-2","status":"publish","type":"product","link":"https:\/\/lucacastelli.com\/fr\/produit\/stihl-fss-km-2\/","title":{"rendered":"STIHL FSS-KM"},"content":{"rendered":"<p>Faux CombiTool FSS-KM avec cercle de fauchage de 450 mm : Pour une progression rapide des travaux dans l&#8217;entretien professionnel des espaces verts<br \/>\nL&#8217;outil combin\u00e9 STIHL FSS-KM avec un cercle de coupe de 450 mm et la t\u00eate de fauchage STIHL AutoCut C 27-2 est particuli\u00e8rement adapt\u00e9 \u00e0 l&#8217;entretien professionnel des espaces verts, \u00e0 l&#8217;entretien des jardins et paysages ou aux travaux de fauchage priv\u00e9s exigeants. Il s&#8217;agit par exemple du nettoyage de murs, cl\u00f4tures, haies et bordures de chemins, ainsi que de travaux de fauchage \u00e0 grande \u00e9chelle sur des terrains difficiles d&#8217;acc\u00e8s ou en pente.<br \/>\nEn option, vous pouvez utiliser la faux STIHL FSS-KM avec la t\u00eate de fauchage AutoCut 26-2, disponible comme accessoire. Cela permet d&#8217;effectuer diff\u00e9rents travaux de fauchage de mani\u00e8re particuli\u00e8rement efficace. Le large cercle de coupe de 450 mm contribue \u00e9galement \u00e0 une plus grande efficacit\u00e9 et \u00e0 une progression rapide du travail. L&#8217;\u00e9cran de protection au-dessus des fils rotatifs augmente la s\u00e9curit\u00e9 en emp\u00eachant la projection de pierres et de parties de plantes. Le pratique syst\u00e8me STIHL KombiSystem permet de monter et de remplacer le KombiTool de mani\u00e8re simple et rapide.<br \/>\nL&#8217;outil combin\u00e9 STIHL FSS-KM Sense est compatible avec les KombiMotors STIHL suivants :<br \/>\nMoteur combin\u00e9 \u00e0 batterie STIHL KMA 200 R<br \/>\nMoteur combin\u00e9 \u00e0 essence STIHL KM 131 R<br \/>\nMoteur combin\u00e9 \u00e0 essence STIHL KM 235 (plus disponible)     <\/p>\n","protected":false},"excerpt":{"rendered":"<p>Faux CombiTool FSS-KM avec cercle de fauchage de 450 mm : Pour une progression rapide des travaux dans l&#8217;entretien professionnel<\/p>\n","protected":false},"featured_media":519475,"template":"","meta":{"_seopress_robots_primary_cat":"none","_seopress_titles_title":"","_seopress_titles_desc":"","_seopress_robots_index":""},"product_brand":[3366],"product_cat":[29,296],"product_tag":[],"class_list":{"0":"post-519480","1":"product","2":"type-product","3":"status-publish","4":"has-post-thumbnail","6":"product_brand-stihl","7":"product_cat-macchinari","8":"product_cat-sistemi-kombi-e-multi","9":"sws-gruppo-abb-libero-fr","10":"sws-conto-ricavi-merci-rivendita-macchinari-fr","11":"sws-gruppo-iva-iva81-fr","13":"first","14":"onbackorder","15":"sale","16":"shipping-taxable","17":"purchasable","18":"product-type-simple"},"_links":{"self":[{"href":"https:\/\/lucacastelli.com\/fr\/wp-json\/wp\/v2\/product\/519480","targetHints":{"allow":["GET"]}}],"collection":[{"href":"https:\/\/lucacastelli.com\/fr\/wp-json\/wp\/v2\/product"}],"about":[{"href":"https:\/\/lucacastelli.com\/fr\/wp-json\/wp\/v2\/types\/product"}],"wp:featuredmedia":[{"embeddable":true,"href":"https:\/\/lucacastelli.com\/fr\/wp-json\/wp\/v2\/media\/519475"}],"wp:attachment":[{"href":"https:\/\/lucacastelli.com\/fr\/wp-json\/wp\/v2\/media?parent=519480"}],"wp:term":[{"taxonomy":"product_brand","embeddable":true,"href":"https:\/\/lucacastelli.com\/fr\/wp-json\/wp\/v2\/product_brand?post=519480"},{"taxonomy":"product_cat","embeddable":true,"href":"https:\/\/lucacastelli.com\/fr\/wp-json\/wp\/v2\/product_cat?post=519480"},{"taxonomy":"product_tag","embeddable":true,"href":"https:\/\/lucacastelli.com\/fr\/wp-json\/wp\/v2\/product_tag?post=519480"}],"curies":[{"name":"wp","href":"https:\/\/api.w.org\/{rel}","templated":true}]}}