{"id":518767,"date":"2025-07-23T12:26:38","date_gmt":"2025-07-23T10:26:38","guid":{"rendered":"https:\/\/lucacastelli.com\/prodotto\/pfanner-ventilation-pantalon-de-protection-bleu-roi\/"},"modified":"2026-04-16T01:22:11","modified_gmt":"2026-04-15T23:22:11","slug":"pfanner-ventilation-pantalon-de-protection-bleu-roi","status":"publish","type":"product","link":"https:\/\/lucacastelli.com\/fr\/produit\/pfanner-ventilation-pantalon-de-protection-bleu-roi\/","title":{"rendered":"PFANNER Ventilation pantalon de protection bleu roi"},"content":{"rendered":"<p>Le pantalon anti-coupure l\u00e9ger avec ventilation de type A est id\u00e9al pour les conditions climatiques allant de humides et froides \u00e0 s\u00e8ches et chaudes gr\u00e2ce au r\u00e9gulateur KlimaAIR\u00ae. Avec la protection anti-coupure Avertic Engtex Pro classe 1 (20 m\/s), vous b\u00e9n\u00e9ficiez d\u2019une s\u00e9curit\u00e9 maximale et d\u2019un confort optimal. Le tissu ext\u00e9rieur Gladiator\u00ae ind\u00e9chirable sur le devant et le bas garantit la long\u00e9vit\u00e9 du pantalon Ventilation. La version orange est \u00e9galement conforme \u00e0 la classe de visibilit\u00e9 EN 20471 classe 2.   <\/p>\n<p>-Le mod\u00e8le l\u00e9ger pour chaque utilisation<br \/>\n-Thermor\u00e9gulateur KlimaAIR\u00ae \u00e0 la taille<br \/>\n-Technologie StretchAIR\u00ae<br \/>\n-Gu\u00eatres amovibles<br \/>\n-Tissu ext\u00e9rieur Gladiator\u00ae ind\u00e9chirable<br \/>\n-Renfort pr\u00e9form\u00e9 aux genoux<br \/>\n-Doublure interne en fibre fonctionnelle<br \/>\n-Protection anti-coupure Dyneema classe 1<br \/>\n-Bandes r\u00e9fl\u00e9chissantes<br \/>\n-Version orange : EN 20471 classe 2<\/p>\n<p>&nbsp;<\/p>\n<p>&nbsp;<\/p>\n<p>Mat\u00e9riau :<br \/>\nAvant : 100 % polyamide Gladiator\u00ae<br \/>\nTissu extensible : 92 % polyamide, 8 % \u00e9lasthanne<br \/>\nTissu extensible orange : 83 % EME-Lycra, 17 % polyester T-400<br \/>\nDoublure : 100 % polyester Cocona<br \/>\nProtection anti-coupure : Avertic Engtex Pro (classe 1, 20 m\/s)<br \/>\nNormes :<br \/>\nEN 381-5 classe 1 \/ type A<br \/>\nEN 20471 classe 2 (uniquement version orange)<\/p>\n<p>&nbsp;<\/p>\n<p>&nbsp;<\/p>\n<p>&nbsp;<\/p>\n","protected":false},"excerpt":{"rendered":"<p>Le pantalon anti-coupure l\u00e9ger avec ventilation de type A est id\u00e9al pour les conditions climatiques allant de humides et froides<\/p>\n","protected":false},"featured_media":509010,"template":"","meta":{"_seopress_robots_primary_cat":"none","_seopress_titles_title":"","_seopress_titles_desc":"","_seopress_robots_index":""},"product_brand":[3458],"product_cat":[21,284],"product_tag":[],"class_list":{"0":"post-518767","1":"product","2":"type-product","3":"status-publish","4":"has-post-thumbnail","6":"product_brand-pfanner","7":"product_cat-abbigliamento","8":"product_cat-abbigliamento-da-lavoro","9":"sws-gruppo-no-gruppo-fr","10":"sws-conto-ricavi-merci-rivendita-abbigliamento-fr","11":"sws-gruppo-iva-iva81-fr","13":"first","14":"instock","15":"shipping-taxable","16":"purchasable","17":"product-type-variable","18":"has-default-attributes"},"_links":{"self":[{"href":"https:\/\/lucacastelli.com\/fr\/wp-json\/wp\/v2\/product\/518767","targetHints":{"allow":["GET"]}}],"collection":[{"href":"https:\/\/lucacastelli.com\/fr\/wp-json\/wp\/v2\/product"}],"about":[{"href":"https:\/\/lucacastelli.com\/fr\/wp-json\/wp\/v2\/types\/product"}],"wp:featuredmedia":[{"embeddable":true,"href":"https:\/\/lucacastelli.com\/fr\/wp-json\/wp\/v2\/media\/509010"}],"wp:attachment":[{"href":"https:\/\/lucacastelli.com\/fr\/wp-json\/wp\/v2\/media?parent=518767"}],"wp:term":[{"taxonomy":"product_brand","embeddable":true,"href":"https:\/\/lucacastelli.com\/fr\/wp-json\/wp\/v2\/product_brand?post=518767"},{"taxonomy":"product_cat","embeddable":true,"href":"https:\/\/lucacastelli.com\/fr\/wp-json\/wp\/v2\/product_cat?post=518767"},{"taxonomy":"product_tag","embeddable":true,"href":"https:\/\/lucacastelli.com\/fr\/wp-json\/wp\/v2\/product_tag?post=518767"}],"curies":[{"name":"wp","href":"https:\/\/api.w.org\/{rel}","templated":true}]}}