{"id":518675,"date":"2022-06-13T15:17:30","date_gmt":"2022-06-13T13:17:30","guid":{"rendered":"https:\/\/lucacastelli.com\/prodotto\/beretta-veste-polaire-kolyma\/"},"modified":"2022-06-13T15:17:30","modified_gmt":"2022-06-13T13:17:30","slug":"beretta-veste-polaire-kolyma","status":"publish","type":"product","link":"https:\/\/lucacastelli.com\/fr\/produit\/beretta-veste-polaire-kolyma\/","title":{"rendered":"BERETTA Veste polaire Kolyma"},"content":{"rendered":"<p>Veste thermique Kolyma pour homme en polaire coupe-vent durable.<\/p>\n<p>La veste peut \u00eatre utilis\u00e9e comme couche thermique en combinaison avec la couche ext\u00e9rieure.  <\/p>\n<p>Caract\u00e9ristiques :<\/p>\n<p>Fermeture \u00e9clair centrale YKK en vislon<br \/>\nGrande poche frontale avec fermeture \u00e9clair YKK<br \/>\nPoches lat\u00e9rales avec fermeture \u00e9clair YKK<br \/>\nSyst\u00e8me de fermeture pour les vestes ext\u00e9rieures<br \/>\nAjustement velcro au poignet<br \/>\nCordon de serrage \u00e0 l&#8217;ourlet<br \/>\nLogo Beretta caoutchout\u00e9 sur la manche gauche<br \/>\nCoupe : coupe r\u00e9guli\u00e8re  <\/p>\n<p>Polaire active<\/p>\n<p>Diff\u00e9rents poids et diff\u00e9rentes technologies pour la ligne Beretta fleece, d\u00e9velopp\u00e9e pour donner un maximum de confort au chasseur et le prot\u00e9ger dans diff\u00e9rentes conditions m\u00e9t\u00e9orologiques.<\/p>\n","protected":false},"excerpt":{"rendered":"<p>Veste thermique Kolyma pour homme en polaire coupe-vent durable. La veste peut \u00eatre utilis\u00e9e comme couche thermique en combinaison avec<\/p>\n","protected":false},"featured_media":67919,"template":"","meta":{"_seopress_robots_primary_cat":"","_seopress_titles_title":"","_seopress_titles_desc":"","_seopress_robots_index":""},"product_brand":[4673],"product_cat":[1393,81,981],"product_tag":[],"class_list":{"0":"post-518675","1":"product","2":"type-product","3":"status-publish","4":"has-post-thumbnail","6":"product_brand-beretta-fr","7":"product_cat-autres-vetements-de-loisirs","8":"product_cat-vetements","9":"product_cat-vetements-de-loisirs","10":"sws-gruppo-macchinari-fr","11":"sws-conto-ricavi-merci-rivendita-macchinari-fr","12":"sws-gruppo-iva-iva81-fr","14":"first","15":"instock","16":"shipping-taxable","17":"purchasable","18":"product-type-variable"},"_links":{"self":[{"href":"https:\/\/lucacastelli.com\/fr\/wp-json\/wp\/v2\/product\/518675","targetHints":{"allow":["GET"]}}],"collection":[{"href":"https:\/\/lucacastelli.com\/fr\/wp-json\/wp\/v2\/product"}],"about":[{"href":"https:\/\/lucacastelli.com\/fr\/wp-json\/wp\/v2\/types\/product"}],"wp:featuredmedia":[{"embeddable":true,"href":"https:\/\/lucacastelli.com\/fr\/wp-json\/wp\/v2\/media\/67919"}],"wp:attachment":[{"href":"https:\/\/lucacastelli.com\/fr\/wp-json\/wp\/v2\/media?parent=518675"}],"wp:term":[{"taxonomy":"product_brand","embeddable":true,"href":"https:\/\/lucacastelli.com\/fr\/wp-json\/wp\/v2\/product_brand?post=518675"},{"taxonomy":"product_cat","embeddable":true,"href":"https:\/\/lucacastelli.com\/fr\/wp-json\/wp\/v2\/product_cat?post=518675"},{"taxonomy":"product_tag","embeddable":true,"href":"https:\/\/lucacastelli.com\/fr\/wp-json\/wp\/v2\/product_tag?post=518675"}],"curies":[{"name":"wp","href":"https:\/\/api.w.org\/{rel}","templated":true}]}}