{"id":518663,"date":"2022-08-18T07:36:06","date_gmt":"2022-08-18T05:36:06","guid":{"rendered":"https:\/\/lucacastelli.com\/prodotto\/gants-a-surface-dure-beretta\/"},"modified":"2022-08-18T07:36:06","modified_gmt":"2022-08-18T05:36:06","slug":"gants-a-surface-dure-beretta","status":"publish","type":"product","link":"https:\/\/lucacastelli.com\/fr\/produit\/gants-a-surface-dure-beretta\/","title":{"rendered":"Gants \u00e0 surface dure BERETTA"},"content":{"rendered":"<p>Gants Hardface pour homme en Polartec\u00ae Hardface\u00ae.<\/p>\n<p>Polartec\u00ae Hardface\u00ae est un traitement polym\u00e8re brevet\u00e9 appliqu\u00e9 \u00e0 la laine polaire pour en augmenter la r\u00e9sistance. <\/p>\n<p>Caract\u00e9ristiques :<\/p>\n<p>Insertion d&#8217;un \u00e9cran tactile sur l&#8217;index<br \/>\nInsertion antid\u00e9rapante sur la paume<br \/>\nLogo Beretta imprim\u00e9<br \/>\nConvient pour des temp\u00e9ratures de 0 \u00b0C \u00e0 10 \u00b0C<\/p>\n","protected":false},"excerpt":{"rendered":"<p>Gants Hardface pour homme en Polartec\u00ae Hardface\u00ae. Polartec\u00ae Hardface\u00ae est un traitement polym\u00e8re brevet\u00e9 appliqu\u00e9 \u00e0 la laine polaire pour<\/p>\n","protected":false},"featured_media":80546,"template":"","meta":{"_seopress_robots_primary_cat":"","_seopress_titles_title":"","_seopress_titles_desc":"","_seopress_robots_index":""},"product_brand":[4673],"product_cat":[1393,81,981],"product_tag":[],"class_list":{"0":"post-518663","1":"product","2":"type-product","3":"status-publish","4":"has-post-thumbnail","6":"product_brand-beretta-fr","7":"product_cat-autres-vetements-de-loisirs","8":"product_cat-vetements","9":"product_cat-vetements-de-loisirs","10":"sws-gruppo-macchinari-fr","11":"sws-conto-ricavi-merci-rivendita-macchinari-fr","12":"sws-gruppo-iva-iva81-fr","14":"first","15":"instock","16":"shipping-taxable","17":"purchasable","18":"product-type-variable"},"_links":{"self":[{"href":"https:\/\/lucacastelli.com\/fr\/wp-json\/wp\/v2\/product\/518663","targetHints":{"allow":["GET"]}}],"collection":[{"href":"https:\/\/lucacastelli.com\/fr\/wp-json\/wp\/v2\/product"}],"about":[{"href":"https:\/\/lucacastelli.com\/fr\/wp-json\/wp\/v2\/types\/product"}],"wp:featuredmedia":[{"embeddable":true,"href":"https:\/\/lucacastelli.com\/fr\/wp-json\/wp\/v2\/media\/80546"}],"wp:attachment":[{"href":"https:\/\/lucacastelli.com\/fr\/wp-json\/wp\/v2\/media?parent=518663"}],"wp:term":[{"taxonomy":"product_brand","embeddable":true,"href":"https:\/\/lucacastelli.com\/fr\/wp-json\/wp\/v2\/product_brand?post=518663"},{"taxonomy":"product_cat","embeddable":true,"href":"https:\/\/lucacastelli.com\/fr\/wp-json\/wp\/v2\/product_cat?post=518663"},{"taxonomy":"product_tag","embeddable":true,"href":"https:\/\/lucacastelli.com\/fr\/wp-json\/wp\/v2\/product_tag?post=518663"}],"curies":[{"name":"wp","href":"https:\/\/api.w.org\/{rel}","templated":true}]}}