{"id":518659,"date":"2022-08-02T15:33:17","date_gmt":"2022-08-02T13:33:17","guid":{"rendered":"https:\/\/lucacastelli.com\/prodotto\/beretta-body-mapping-3d\/"},"modified":"2022-08-02T15:33:17","modified_gmt":"2022-08-02T13:33:17","slug":"beretta-body-mapping-3d","status":"publish","type":"product","link":"https:\/\/lucacastelli.com\/fr\/produit\/beretta-body-mapping-3d\/","title":{"rendered":"BERETTA Body Mapping 3D"},"content":{"rendered":"<p>Sous-v\u00eatement unisexe \u00e0 manches longues Body Mapping 3D hautement \u00e9lastique avec des zones de compression \u00e0 densit\u00e9 diff\u00e9renci\u00e9e pour un confort maximal.<\/p>\n<p>Fabriqu\u00e9 avec la technologie sans couture \u00e0 partir de polypropyl\u00e8ne souple et de polyamide extensible. Les propri\u00e9t\u00e9s respirantes du tissu assurent une excellente gestion de la temp\u00e9rature et maintiennent le corps constamment au sec. La chemise peut \u00eatre combin\u00e9e avec le pantalon Body Mapping 3D.  <\/p>\n<p>Caract\u00e9ristiques :<\/p>\n<p>Zones de compression diff\u00e9renci\u00e9es<br \/>\nCoutures plates de couleur contrast\u00e9e<br \/>\nLogo Beretta jacquard \u00e0 l&#8217;avant et \u00e0 l&#8217;arri\u00e8re<br \/>\nForme : slim fit hautement \u00e9lastique<br \/>\nConvient pour des temp\u00e9ratures de 0 \u00b0C \u00e0 10 \u00b0C<\/p>\n<p>Ligne Body Mapping<\/p>\n<p>En partant du concept que notre corps est divis\u00e9 en diff\u00e9rentes zones climatiques, nous avons cr\u00e9\u00e9 Body Mapping, une ligne de sous-v\u00eatements en Dryarn, une microfibre innovante en polypropyl\u00e8ne durable, l\u00e9g\u00e8re, isolante et respirante qui garantit un haut niveau de confort et la capacit\u00e9 de maintenir une temp\u00e9rature corporelle optimale de mani\u00e8re naturelle.<\/p>\n","protected":false},"excerpt":{"rendered":"<p>Sous-v\u00eatement unisexe \u00e0 manches longues Body Mapping 3D hautement \u00e9lastique avec des zones de compression \u00e0 densit\u00e9 diff\u00e9renci\u00e9e pour un<\/p>\n","protected":false},"featured_media":78978,"template":"","meta":{"_seopress_robots_primary_cat":"","_seopress_titles_title":"","_seopress_titles_desc":"","_seopress_robots_index":""},"product_brand":[4673],"product_cat":[1393,81,981],"product_tag":[],"class_list":{"0":"post-518659","1":"product","2":"type-product","3":"status-publish","4":"has-post-thumbnail","6":"product_brand-beretta-fr","7":"product_cat-autres-vetements-de-loisirs","8":"product_cat-vetements","9":"product_cat-vetements-de-loisirs","10":"sws-gruppo-macchinari","11":"sws-conto-ricavi-merci-rivendita-macchinari","12":"sws-gruppo-iva-iva81","14":"first","15":"instock","16":"shipping-taxable","17":"purchasable","18":"product-type-variable"},"_links":{"self":[{"href":"https:\/\/lucacastelli.com\/fr\/wp-json\/wp\/v2\/product\/518659","targetHints":{"allow":["GET"]}}],"collection":[{"href":"https:\/\/lucacastelli.com\/fr\/wp-json\/wp\/v2\/product"}],"about":[{"href":"https:\/\/lucacastelli.com\/fr\/wp-json\/wp\/v2\/types\/product"}],"wp:featuredmedia":[{"embeddable":true,"href":"https:\/\/lucacastelli.com\/fr\/wp-json\/wp\/v2\/media\/78978"}],"wp:attachment":[{"href":"https:\/\/lucacastelli.com\/fr\/wp-json\/wp\/v2\/media?parent=518659"}],"wp:term":[{"taxonomy":"product_brand","embeddable":true,"href":"https:\/\/lucacastelli.com\/fr\/wp-json\/wp\/v2\/product_brand?post=518659"},{"taxonomy":"product_cat","embeddable":true,"href":"https:\/\/lucacastelli.com\/fr\/wp-json\/wp\/v2\/product_cat?post=518659"},{"taxonomy":"product_tag","embeddable":true,"href":"https:\/\/lucacastelli.com\/fr\/wp-json\/wp\/v2\/product_tag?post=518659"}],"curies":[{"name":"wp","href":"https:\/\/api.w.org\/{rel}","templated":true}]}}