{"id":518653,"date":"2022-06-13T14:40:10","date_gmt":"2022-06-13T12:40:10","guid":{"rendered":"https:\/\/lucacastelli.com\/prodotto\/beretta-4-way-stretch-evo\/"},"modified":"2022-06-13T14:40:10","modified_gmt":"2022-06-13T12:40:10","slug":"beretta-4-way-stretch-evo","status":"publish","type":"product","link":"https:\/\/lucacastelli.com\/fr\/produit\/beretta-4-way-stretch-evo\/","title":{"rendered":"BERETTA 4 Way Stretch EVO"},"content":{"rendered":"<p>Pantalon de chasse EVO 4 Way Stretch pour homme, adapt\u00e9 aux activit\u00e9s de plein air en automne\/hiver. Le pantalon est extr\u00eamement extensible et comporte des inserts anti-abrasion aux endroits strat\u00e9giques. <\/p>\n<p>La mati\u00e8re est extensible dans les 4 sens et offre une bonne r\u00e9sistance \u00e0 l&#8217;abrasion gr\u00e2ce \u00e0 des inserts de protection sur les genoux et l&#8217;assise. Le pantalon est dot\u00e9 d&#8217;une Ceinture ergonomique avec un soutien lombaire \u00e9lev\u00e9 pour un maximum de confort. Le pantalon peut \u00eatre combin\u00e9 avec toutes les vestes de la collection.  <\/p>\n<p>Caract\u00e9ristiques :<\/p>\n<p>Ceinture \u00e9lastique<br \/>\nPassants de ceinture<br \/>\nFermeture \u00e0 glissi\u00e8re YKK et boutons-pression<br \/>\nBoutons internes pour les bretelles<br \/>\nPoches lat\u00e9rales avec fermeture \u00e0 glissi\u00e8re YKK<br \/>\nSupport lombaire de haute protection en micropolaire doux<br \/>\nPoches arri\u00e8re avec fermeture \u00e0 glissi\u00e8re YKK<br \/>\nAjustement \u00e9lastique au bas des jambes<br \/>\nLogo Beretta caoutchout\u00e9 au dos<br \/>\nCoupe : slim fit<\/p>\n<p>Montagne<\/p>\n<p>La montagne, avec ses amplitudes thermiques, ses changements de v\u00e9g\u00e9tation et de terrain entre roche, glace et for\u00eat : c&#8217;est le monde de Mountain.<br \/>\nElasticit\u00e9, silence et respirabilit\u00e9 sont les \u00e9l\u00e9ments cl\u00e9s qui garantissent une performance maximale du v\u00eatement.<\/p>\n","protected":false},"excerpt":{"rendered":"<p>Pantalon de chasse EVO 4 Way Stretch pour homme, adapt\u00e9 aux activit\u00e9s de plein air en automne\/hiver. Le pantalon est<\/p>\n","protected":false},"featured_media":67881,"template":"","meta":{"_seopress_robots_primary_cat":"","_seopress_titles_title":"","_seopress_titles_desc":"","_seopress_robots_index":""},"product_brand":[4420],"product_cat":[21,189,716],"product_tag":[],"class_list":{"0":"post-518653","1":"product","2":"type-product","3":"status-publish","4":"has-post-thumbnail","6":"product_brand-beretta","7":"product_cat-abbigliamento","8":"product_cat-abbigliamento-per-il-tempo-libero","9":"product_cat-altro-abbigliamento-per-il-tempo-libero","10":"sws-gruppo-macchinari-fr","11":"sws-categoria-altro-fr","12":"sws-sottocategoria-altro-fr","13":"sws-marca-beretta-s-p-a","14":"sws-conto-ricavi-merci-rivendita-macchinari-fr","15":"sws-gruppo-iva-iva81-fr","17":"first","18":"instock","19":"shipping-taxable","20":"purchasable","21":"product-type-variable"},"_links":{"self":[{"href":"https:\/\/lucacastelli.com\/fr\/wp-json\/wp\/v2\/product\/518653","targetHints":{"allow":["GET"]}}],"collection":[{"href":"https:\/\/lucacastelli.com\/fr\/wp-json\/wp\/v2\/product"}],"about":[{"href":"https:\/\/lucacastelli.com\/fr\/wp-json\/wp\/v2\/types\/product"}],"wp:featuredmedia":[{"embeddable":true,"href":"https:\/\/lucacastelli.com\/fr\/wp-json\/wp\/v2\/media\/67881"}],"wp:attachment":[{"href":"https:\/\/lucacastelli.com\/fr\/wp-json\/wp\/v2\/media?parent=518653"}],"wp:term":[{"taxonomy":"product_brand","embeddable":true,"href":"https:\/\/lucacastelli.com\/fr\/wp-json\/wp\/v2\/product_brand?post=518653"},{"taxonomy":"product_cat","embeddable":true,"href":"https:\/\/lucacastelli.com\/fr\/wp-json\/wp\/v2\/product_cat?post=518653"},{"taxonomy":"product_tag","embeddable":true,"href":"https:\/\/lucacastelli.com\/fr\/wp-json\/wp\/v2\/product_tag?post=518653"}],"curies":[{"name":"wp","href":"https:\/\/api.w.org\/{rel}","templated":true}]}}