{"id":518636,"date":"2022-06-10T05:01:04","date_gmt":"2022-06-10T03:01:04","guid":{"rendered":"https:\/\/lucacastelli.com\/prodotto\/beretta-butte-softshell-jacket\/"},"modified":"2022-06-10T05:01:04","modified_gmt":"2022-06-10T03:01:04","slug":"beretta-butte-softshell-jacket","status":"publish","type":"product","link":"https:\/\/lucacastelli.com\/fr\/produit\/beretta-butte-softshell-jacket\/","title":{"rendered":"BERETTA Butte Softshell Jacket"},"content":{"rendered":"<p>Veste de chasse Butte Softshell pour homme, l\u00e9g\u00e8re, extensible et respirante, adapt\u00e9e aux activit\u00e9s de plein air. La veste est r\u00e9sistante au vent et \u00e0 l&#8217;eau, avec des inserts r\u00e9sistants \u00e0 l&#8217;abrasion aux endroits strat\u00e9giques. <\/p>\n<p>Coupe-vent, r\u00e9sistant \u00e0 l&#8217;eau et respirant gr\u00e2ce \u00e0 la membrane BWR &#8211; Beretta Wind Resistant &#8211; coupl\u00e9e \u00e0 un int\u00e9rieur en micropolaire doux. Le mat\u00e9riau est trait\u00e9 \u00e0 l&#8217;ext\u00e9rieur avec une finition d\u00e9perlante DWR &#8211; &#8220;Durable Water Repellent&#8221;. Inserts r\u00e9sistants \u00e0 l&#8217;abrasion sur les avant-bras. La veste peut \u00eatre combin\u00e9e avec le pantalon 4 Way Stretch EVO, le pantalon 4 Way Stretch Pro ou le pantalon Bymark.   <\/p>\n<p>Caract\u00e9ristiques :  <\/p>\n<p>Col en micropolaire<br \/>\nFermeture \u00e0 glissi\u00e8re YKK<br \/>\nPoche radio avec trou d&#8217;antenne<br \/>\nPoches lat\u00e9rales avec fermeture \u00e0 glissi\u00e8re YKK<br \/>\nPoignets \u00e9lastiques<br \/>\nCordon de serrage \u00e0 l&#8217;ourlet<br \/>\nPoches int\u00e9rieures avec fermeture \u00e0 glissi\u00e8re et velcro<br \/>\nLogo Beretta caoutchout\u00e9 sur la manche gauche<br \/>\nCoupe : Coupe r\u00e9guli\u00e8re<\/p>\n","protected":false},"excerpt":{"rendered":"<p>Veste de chasse Butte Softshell pour homme, l\u00e9g\u00e8re, extensible et respirante, adapt\u00e9e aux activit\u00e9s de plein air. La veste est<\/p>\n","protected":false},"featured_media":64063,"template":"","meta":{"_seopress_robots_primary_cat":"","_seopress_titles_title":"","_seopress_titles_desc":"","_seopress_robots_index":""},"product_brand":[4673],"product_cat":[1393,81,981],"product_tag":[],"class_list":{"0":"post-518636","1":"product","2":"type-product","3":"status-publish","4":"has-post-thumbnail","6":"product_brand-beretta-fr","7":"product_cat-autres-vetements-de-loisirs","8":"product_cat-vetements","9":"product_cat-vetements-de-loisirs","10":"sws-gruppo-macchinari-fr","11":"sws-conto-ricavi-merci-rivendita-macchinari-fr","12":"sws-gruppo-iva-iva81-fr","14":"first","15":"instock","16":"shipping-taxable","17":"purchasable","18":"product-type-variable"},"_links":{"self":[{"href":"https:\/\/lucacastelli.com\/fr\/wp-json\/wp\/v2\/product\/518636","targetHints":{"allow":["GET"]}}],"collection":[{"href":"https:\/\/lucacastelli.com\/fr\/wp-json\/wp\/v2\/product"}],"about":[{"href":"https:\/\/lucacastelli.com\/fr\/wp-json\/wp\/v2\/types\/product"}],"wp:featuredmedia":[{"embeddable":true,"href":"https:\/\/lucacastelli.com\/fr\/wp-json\/wp\/v2\/media\/64063"}],"wp:attachment":[{"href":"https:\/\/lucacastelli.com\/fr\/wp-json\/wp\/v2\/media?parent=518636"}],"wp:term":[{"taxonomy":"product_brand","embeddable":true,"href":"https:\/\/lucacastelli.com\/fr\/wp-json\/wp\/v2\/product_brand?post=518636"},{"taxonomy":"product_cat","embeddable":true,"href":"https:\/\/lucacastelli.com\/fr\/wp-json\/wp\/v2\/product_cat?post=518636"},{"taxonomy":"product_tag","embeddable":true,"href":"https:\/\/lucacastelli.com\/fr\/wp-json\/wp\/v2\/product_tag?post=518636"}],"curies":[{"name":"wp","href":"https:\/\/api.w.org\/{rel}","templated":true}]}}