{"id":518432,"date":"2025-07-29T12:47:24","date_gmt":"2025-07-29T10:47:24","guid":{"rendered":"https:\/\/lucacastelli.com\/prodotto\/ortovox-berrino-pants-m-3\/"},"modified":"2026-04-16T01:02:46","modified_gmt":"2026-04-15T23:02:46","slug":"ortovox-berrino-pants-m-3","status":"publish","type":"product","link":"https:\/\/lucacastelli.com\/fr\/produit\/ortovox-berrino-pants-m-3\/","title":{"rendered":"ORTOVOX BERRINO PANT M"},"content":{"rendered":"<p>UN ALLROUNDER DE HAUTE QUALIT\u00c9<br \/>\nPANTALON SOFTSHELL POLYVALENT ET L\u00c9GER AVEC INT\u00c9RIEUR EN M\u00c9RINOS, POUR LE SKI DE RANDONN\u00c9E<br \/>\nPOINTS FORTS<br \/>\nCombinaisons de mat\u00e9riaux \u00e9tudi\u00e9es sp\u00e9cifiquement<br \/>\nDesign fonctionnel et \u00e9pur\u00e9<br \/>\nAjustement confortable gr\u00e2ce aux inserts en mat\u00e9riau stretch<br \/>\nLe BERRINO PANT pour homme est un compagnon fiable et particuli\u00e8rement polyvalent pour les sorties de ski de randonn\u00e9e exigeantes, o\u00f9 l\u2019essentiel contribue \u00e0 une meilleure performance.<\/p>\n<p>La doublure int\u00e9rieure en laine m\u00e9rinos de Tasmanie avec structure en filet garantit une bonne isolation et une sensation agr\u00e9able sur la peau. La surface ext\u00e9rieure est r\u00e9sistante \u00e0 l\u2019abrasion et prot\u00e8ge du vent et des intemp\u00e9ries. Gr\u00e2ce \u00e0 la coupe athletic fit et au mat\u00e9riau stretch bi-\u00e9lastique, ce pantalon softshell ultral\u00e9ger suit tous vos mouvements.<\/p>\n<p>Des d\u00e9tails sophistiqu\u00e9s, tels que la protection contre les carres en mat\u00e9riau SCHOELLER r\u00e9sistant \u00e0 l\u2019abrasion aux points particuli\u00e8rement expos\u00e9s et le bas de jambe r\u00e9glable, conf\u00e8rent \u00e0 ce pantalon softshell ultral\u00e9ger une ligne claire et essentielle.<\/p>\n<p>Le BERRINO PANT pour homme \u00e9pouse parfaitement le corps et constitue un alli\u00e9 fiable pour profiter pleinement du plaisir d\u2019une sortie en ski de randonn\u00e9e.<\/p>\n<p>CARACT\u00c9RISTIQUES<br \/>\n2 poches lat\u00e9rales<br \/>\nProtection contre les carres<br \/>\nRev\u00eatement en silicone \u00e0 l\u2019int\u00e9rieur de l\u2019ourlet<br \/>\nZone genou pr\u00e9form\u00e9e<br \/>\nBas de jambe r\u00e9glable (fermeture \u00e9clair)<br \/>\nR\u00e9glage \u00e9lastique de la taille (cordon de serrage autobloquant)<br \/>\nLaine m\u00e9rinos au contact de la peau<br \/>\nCoupe athl\u00e9tique<br \/>\nCARACT\u00c9RISTIQUES DU MAT\u00c9RIAU<br \/>\nHautement respirant<br \/>\nD\u00e9perlant et coupe-vent<br \/>\nSans PFC : l&#8217;eau et la salet\u00e9 glissent sur la peau<br \/>\nL\u00e9ger<br \/>\nLaine m\u00e9rinos sur la peau<br \/>\nS\u00e9chage rapide<br \/>\nMat\u00e9riau \u00e9lastique dans les deux sens<br \/>\nGrande r\u00e9sistance \u00e0 l&#8217;abrasion<br \/>\nMAT\u00c9RIAU<br \/>\nAu dictionnaire des mat\u00e9riaux<\/p>\n<p>MAT\u00c9RIAU PRINCIPAL : 79 % polyamide + 10 % \u00e9lasthanne + 11 % laine (M\u00c9RINOS)<\/p>\n<p>MERINO INSIDE<br \/>\nNotre LAINE M\u00c9RINOS durable provient d\u2019\u00e9levages contr\u00f4l\u00e9s o\u00f9 les animaux m\u00e8nent une existence heureuse. C\u2019est une laine agr\u00e9ablement douce et facile d\u2019entretien qui, gr\u00e2ce \u00e0 une r\u00e9gulation optimale de la temp\u00e9rature et de l\u2019humidit\u00e9, offre un confort \u00e9lev\u00e9. <\/p>\n","protected":false},"excerpt":{"rendered":"<p>UN ALLROUNDER DE HAUTE QUALIT\u00c9 PANTALON SOFTSHELL POLYVALENT ET L\u00c9GER AVEC INT\u00c9RIEUR EN M\u00c9RINOS, POUR LE SKI DE RANDONN\u00c9E POINTS<\/p>\n","protected":false},"featured_media":518423,"template":"","meta":{"_seopress_robots_primary_cat":"none","_seopress_titles_title":"","_seopress_titles_desc":"","_seopress_robots_index":""},"product_brand":[3664],"product_cat":[81,981,982],"product_tag":[],"class_list":{"0":"post-518432","1":"product","2":"type-product","3":"status-publish","4":"has-post-thumbnail","6":"product_brand-ortovox-fr","7":"product_cat-vetements","8":"product_cat-vetements-de-loisirs","9":"product_cat-vetements-pour-hommes","10":"sws-gruppo-abb-libero-fr","11":"sws-conto-ricavi-merci-rivendita-abbigliamento-fr","12":"sws-gruppo-iva-iva81-fr","14":"first","15":"instock","16":"shipping-taxable","17":"purchasable","18":"product-type-variable"},"_links":{"self":[{"href":"https:\/\/lucacastelli.com\/fr\/wp-json\/wp\/v2\/product\/518432","targetHints":{"allow":["GET"]}}],"collection":[{"href":"https:\/\/lucacastelli.com\/fr\/wp-json\/wp\/v2\/product"}],"about":[{"href":"https:\/\/lucacastelli.com\/fr\/wp-json\/wp\/v2\/types\/product"}],"wp:featuredmedia":[{"embeddable":true,"href":"https:\/\/lucacastelli.com\/fr\/wp-json\/wp\/v2\/media\/518423"}],"wp:attachment":[{"href":"https:\/\/lucacastelli.com\/fr\/wp-json\/wp\/v2\/media?parent=518432"}],"wp:term":[{"taxonomy":"product_brand","embeddable":true,"href":"https:\/\/lucacastelli.com\/fr\/wp-json\/wp\/v2\/product_brand?post=518432"},{"taxonomy":"product_cat","embeddable":true,"href":"https:\/\/lucacastelli.com\/fr\/wp-json\/wp\/v2\/product_cat?post=518432"},{"taxonomy":"product_tag","embeddable":true,"href":"https:\/\/lucacastelli.com\/fr\/wp-json\/wp\/v2\/product_tag?post=518432"}],"curies":[{"name":"wp","href":"https:\/\/api.w.org\/{rel}","templated":true}]}}