{"id":518396,"date":"2025-07-29T12:35:36","date_gmt":"2025-07-29T10:35:36","guid":{"rendered":"https:\/\/lucacastelli.com\/prodotto\/ortovox-150-cool-logo-top-w-2\/"},"modified":"2026-04-16T01:10:53","modified_gmt":"2026-04-15T23:10:53","slug":"ortovox-150-cool-logo-top-w-2","status":"publish","type":"product","link":"https:\/\/lucacastelli.com\/fr\/produit\/ortovox-150-cool-logo-top-w-2\/","title":{"rendered":"ORTOVOX 150 COOL LOGO TOP W"},"content":{"rendered":"<p>FRAIS ET ROBUSTE<\/p>\n<p>TOP EN M\u00c9RINOS CONFORTABLE ET R\u00c9SISTANT AVEC EFFET RAFRA\u00ceCHISSANT POUR LES TOURS ALPINS<\/p>\n<p>LES POINTS FORTS<br \/>\nR\u00e9gulation de la temp\u00e9rature et de l&#8217;humidit\u00e9<br \/>\nEffet rafra\u00eechissant gr\u00e2ce au Tencel\u2122 Lyocell<br \/>\nL\u00e9ger et a\u00e9r\u00e9 avec une coupe souple<\/p>\n<p>Forte, robuste et dot\u00e9e d\u2019une fonction de refroidissement durable : gr\u00e2ce au fil r\u00e9sistant et \u00e0 l\u2019effet naturellement rafra\u00eechissant du Tencel\u2122, la ligne 150 MERINO COOL pour femme est id\u00e9ale pour les chaudes journ\u00e9es d\u2019\u00e9t\u00e9 en montagne.<\/p>\n<p>La technologie BETA-SPUN conf\u00e8re au MERINO COOL LOGO TOP la stabilit\u00e9 n\u00e9cessaire : une gaine protectrice en polyamide rend le tissu r\u00e9sistant \u00e0 l\u2019abrasion et aux d\u00e9chirures. Les fines fibres de laine m\u00e9rinos offrent un confort unique tout en assurant une temp\u00e9rature corporelle optimale, tandis que les fibres Tencel\u2122 rafra\u00eechissent la peau lorsque les temp\u00e9ratures grimpent, gr\u00e2ce \u00e0 leur surface lisse et \u00e0 leur haut pouvoir d\u2019\u00e9vaporation. <\/p>\n<p>Le 150 COOL LOGO TOP pour femme, avec sa coupe ample et d\u00e9contract\u00e9e, est donc le compagnon id\u00e9al pour les chaudes journ\u00e9es d\u2019\u00e9t\u00e9.<\/p>\n","protected":false},"excerpt":{"rendered":"<p>FRAIS ET ROBUSTE TOP EN M\u00c9RINOS CONFORTABLE ET R\u00c9SISTANT AVEC EFFET RAFRA\u00ceCHISSANT POUR LES TOURS ALPINS LES POINTS FORTS R\u00e9gulation<\/p>\n","protected":false},"featured_media":518379,"template":"","meta":{"_seopress_robots_primary_cat":"none","_seopress_titles_title":"","_seopress_titles_desc":"","_seopress_robots_index":""},"product_brand":[3280],"product_cat":[21,189,200],"product_tag":[],"class_list":{"0":"post-518396","1":"product","2":"type-product","3":"status-publish","4":"has-post-thumbnail","6":"product_brand-ortovox","7":"product_cat-abbigliamento","8":"product_cat-abbigliamento-per-il-tempo-libero","9":"product_cat-abbigliamento-da-donna","10":"sws-gruppo-abb-libero-fr","11":"sws-conto-ricavi-merci-rivendita-abbigliamento-fr","12":"sws-gruppo-iva-iva81-fr","14":"first","15":"instock","16":"shipping-taxable","17":"purchasable","18":"product-type-variable"},"_links":{"self":[{"href":"https:\/\/lucacastelli.com\/fr\/wp-json\/wp\/v2\/product\/518396","targetHints":{"allow":["GET"]}}],"collection":[{"href":"https:\/\/lucacastelli.com\/fr\/wp-json\/wp\/v2\/product"}],"about":[{"href":"https:\/\/lucacastelli.com\/fr\/wp-json\/wp\/v2\/types\/product"}],"wp:featuredmedia":[{"embeddable":true,"href":"https:\/\/lucacastelli.com\/fr\/wp-json\/wp\/v2\/media\/518379"}],"wp:attachment":[{"href":"https:\/\/lucacastelli.com\/fr\/wp-json\/wp\/v2\/media?parent=518396"}],"wp:term":[{"taxonomy":"product_brand","embeddable":true,"href":"https:\/\/lucacastelli.com\/fr\/wp-json\/wp\/v2\/product_brand?post=518396"},{"taxonomy":"product_cat","embeddable":true,"href":"https:\/\/lucacastelli.com\/fr\/wp-json\/wp\/v2\/product_cat?post=518396"},{"taxonomy":"product_tag","embeddable":true,"href":"https:\/\/lucacastelli.com\/fr\/wp-json\/wp\/v2\/product_tag?post=518396"}],"curies":[{"name":"wp","href":"https:\/\/api.w.org\/{rel}","templated":true}]}}