{"id":518368,"date":"2025-07-29T12:34:25","date_gmt":"2025-07-29T10:34:25","guid":{"rendered":"https:\/\/lucacastelli.com\/prodotto\/ortovox-berrino-pants-m-2\/"},"modified":"2026-04-16T01:11:13","modified_gmt":"2026-04-15T23:11:13","slug":"ortovox-berrino-pants-m-2","status":"publish","type":"product","link":"https:\/\/lucacastelli.com\/fr\/produit\/ortovox-berrino-pants-m-2\/","title":{"rendered":"ORTOVOX BERRINO PANTS M"},"content":{"rendered":"<p>UN ALLROUNDER DE HAUTE QUALIT\u00c9<\/p>\n<p>PANTALON SOFTSHELL POLYVALENT ET L\u00c9GER AVEC INT\u00c9RIEUR EN M\u00c9RINOS, POUR LE SKI DE RANDONN\u00c9E<\/p>\n<p>POINTS FORTS<\/p>\n<p>combinaisons de mat\u00e9riaux \u00e9tudi\u00e9es sp\u00e9cifiquement<br \/>\ndesign fonctionnel et \u00e9pur\u00e9<br \/>\najustement confortable gr\u00e2ce aux inserts en mat\u00e9riau stretch<\/p>\n<p>Le BERRINO PANTS pour homme est un compagnon fiable et particuli\u00e8rement polyvalent pour les sorties de ski de randonn\u00e9e exigeantes, o\u00f9 l\u2019essentiel contribue \u00e0 une meilleure performance.<\/p>\n<p>La doublure int\u00e9rieure en laine m\u00e9rinos de Tasmanie \u00e0 structure filet garantit une bonne isolation et une sensation agr\u00e9able sur la peau. La surface ext\u00e9rieure est r\u00e9sistante \u00e0 l\u2019abrasion et prot\u00e8ge du vent et des intemp\u00e9ries. Gr\u00e2ce \u00e0 sa coupe athletic fit et \u00e0 son mat\u00e9riau stretch bi-\u00e9lastique, ce pantalon softshell ultral\u00e9ger accompagne chaque mouvement.<\/p>\n<p>Des d\u00e9tails soign\u00e9s, tels que la protection contre les carres en mat\u00e9riau SCHOELLER r\u00e9sistant \u00e0 l\u2019abrasion aux endroits expos\u00e9s et le bas de jambe r\u00e9glable, conf\u00e8rent \u00e0 ce pantalon softshell ultral\u00e9ger une ligne claire et essentielle.<\/p>\n<p>Le BERRINO PANTS pour homme s\u2019ajuste parfaitement au corps et constitue un alli\u00e9 de choix pour profiter pleinement du plaisir d\u2019une sortie en ski de randonn\u00e9e.<\/p>\n","protected":false},"excerpt":{"rendered":"<p>UN ALLROUNDER DE HAUTE QUALIT\u00c9 PANTALON SOFTSHELL POLYVALENT ET L\u00c9GER AVEC INT\u00c9RIEUR EN M\u00c9RINOS, POUR LE SKI DE RANDONN\u00c9E POINTS<\/p>\n","protected":false},"featured_media":518359,"template":"","meta":{"_seopress_robots_primary_cat":"none","_seopress_titles_title":"","_seopress_titles_desc":"","_seopress_robots_index":""},"product_brand":[3280],"product_cat":[21,189,190],"product_tag":[],"class_list":{"0":"post-518368","1":"product","2":"type-product","3":"status-publish","4":"has-post-thumbnail","6":"product_brand-ortovox","7":"product_cat-abbigliamento","8":"product_cat-abbigliamento-per-il-tempo-libero","9":"product_cat-abbigliamento-da-uomo","10":"sws-gruppo-abb-libero-fr","11":"sws-conto-ricavi-merci-rivendita-abbigliamento-fr","12":"sws-gruppo-iva-iva81-fr","14":"first","15":"instock","16":"shipping-taxable","17":"purchasable","18":"product-type-variable"},"_links":{"self":[{"href":"https:\/\/lucacastelli.com\/fr\/wp-json\/wp\/v2\/product\/518368","targetHints":{"allow":["GET"]}}],"collection":[{"href":"https:\/\/lucacastelli.com\/fr\/wp-json\/wp\/v2\/product"}],"about":[{"href":"https:\/\/lucacastelli.com\/fr\/wp-json\/wp\/v2\/types\/product"}],"wp:featuredmedia":[{"embeddable":true,"href":"https:\/\/lucacastelli.com\/fr\/wp-json\/wp\/v2\/media\/518359"}],"wp:attachment":[{"href":"https:\/\/lucacastelli.com\/fr\/wp-json\/wp\/v2\/media?parent=518368"}],"wp:term":[{"taxonomy":"product_brand","embeddable":true,"href":"https:\/\/lucacastelli.com\/fr\/wp-json\/wp\/v2\/product_brand?post=518368"},{"taxonomy":"product_cat","embeddable":true,"href":"https:\/\/lucacastelli.com\/fr\/wp-json\/wp\/v2\/product_cat?post=518368"},{"taxonomy":"product_tag","embeddable":true,"href":"https:\/\/lucacastelli.com\/fr\/wp-json\/wp\/v2\/product_tag?post=518368"}],"curies":[{"name":"wp","href":"https:\/\/api.w.org\/{rel}","templated":true}]}}