{"id":516187,"date":"2025-07-03T15:24:06","date_gmt":"2025-07-03T13:24:06","guid":{"rendered":"https:\/\/lucacastelli.com\/prodotto\/stihl-bottes-en-cuir-function-active-pour-tronconneuses\/"},"modified":"2025-07-03T15:24:06","modified_gmt":"2025-07-03T13:24:06","slug":"stihl-bottes-en-cuir-function-active-pour-tronconneuses","status":"publish","type":"product","link":"https:\/\/lucacastelli.com\/fr\/produit\/stihl-bottes-en-cuir-function-active-pour-tronconneuses\/","title":{"rendered":"STIHL Bottes en cuir, FUNCTION Active, pour Tron\u00e7onneuses"},"content":{"rendered":"<p>Tige en daim de haute qualit\u00e9 combin\u00e9e \u00e0 une membrane imperm\u00e9able et respirante. Des boucles en tissu sur la tige et le col facilitent l&#8217;ajustement. Grand confort de port et de flexion. Robuste et durable gr\u00e2ce \u00e0 la protection des orteils et des bords en PU. Semelle profil\u00e9e antid\u00e9rapante et r\u00e9sistante aux carburants avec semelle interm\u00e9diaire en acier comme protection anti-p\u00e9n\u00e9tration, protection des orteils avec embout en acier. Appui antid\u00e9rapant sur les troncs ou les branches gr\u00e2ce \u00e0 la barre centrale sp\u00e9ciale dans la semelle.     <\/p>\n<p>Classe de protection contre les coupures<br \/>\nClasse de protection EPI S3<\/p>\n","protected":false},"excerpt":{"rendered":"<p>Tige en daim de haute qualit\u00e9 combin\u00e9e \u00e0 une membrane imperm\u00e9able et respirante. Des boucles en tissu sur la tige<\/p>\n","protected":false},"featured_media":437178,"template":"","meta":{"_seopress_robots_primary_cat":"none","_seopress_titles_title":"","_seopress_titles_desc":"","_seopress_robots_index":""},"product_brand":[3555],"product_cat":[173,1423],"product_tag":[3267],"class_list":{"0":"post-516187","1":"product","2":"type-product","3":"status-publish","4":"has-post-thumbnail","6":"product_brand-stihl-fr","7":"product_cat-chaussures","8":"product_cat-chaussures-de-travail","9":"product_tag-import-stihl-fr","10":"sws-gruppo-abb-libero-fr","11":"sws-conto-ricavi-merci-rivendita-calzature-fr","12":"sws-gruppo-iva-iva81-fr","14":"first","15":"instock","16":"sale","17":"shipping-taxable","18":"purchasable","19":"product-type-variable"},"_links":{"self":[{"href":"https:\/\/lucacastelli.com\/fr\/wp-json\/wp\/v2\/product\/516187","targetHints":{"allow":["GET"]}}],"collection":[{"href":"https:\/\/lucacastelli.com\/fr\/wp-json\/wp\/v2\/product"}],"about":[{"href":"https:\/\/lucacastelli.com\/fr\/wp-json\/wp\/v2\/types\/product"}],"wp:featuredmedia":[{"embeddable":true,"href":"https:\/\/lucacastelli.com\/fr\/wp-json\/wp\/v2\/media\/437178"}],"wp:attachment":[{"href":"https:\/\/lucacastelli.com\/fr\/wp-json\/wp\/v2\/media?parent=516187"}],"wp:term":[{"taxonomy":"product_brand","embeddable":true,"href":"https:\/\/lucacastelli.com\/fr\/wp-json\/wp\/v2\/product_brand?post=516187"},{"taxonomy":"product_cat","embeddable":true,"href":"https:\/\/lucacastelli.com\/fr\/wp-json\/wp\/v2\/product_cat?post=516187"},{"taxonomy":"product_tag","embeddable":true,"href":"https:\/\/lucacastelli.com\/fr\/wp-json\/wp\/v2\/product_tag?post=516187"}],"curies":[{"name":"wp","href":"https:\/\/api.w.org\/{rel}","templated":true}]}}