{"id":516186,"date":"2025-07-02T15:55:56","date_gmt":"2025-07-02T13:55:56","guid":{"rendered":"https:\/\/lucacastelli.com\/prodotto\/stihl-bottes-en-cuir-dynamic-s3-pour-tronconneuses\/"},"modified":"2025-07-02T15:55:56","modified_gmt":"2025-07-02T13:55:56","slug":"stihl-bottes-en-cuir-dynamic-s3-pour-tronconneuses","status":"publish","type":"product","link":"https:\/\/lucacastelli.com\/fr\/produit\/stihl-bottes-en-cuir-dynamic-s3-pour-tronconneuses\/","title":{"rendered":"STIHL Bottes en cuir, DYNAMIC S3, pour Tron\u00e7onneuses"},"content":{"rendered":"<p>Doublure en cuir nubuck de haute qualit\u00e9, particuli\u00e8rement hydrofuge. Peut \u00eatre utilis\u00e9 dans toutes les situations, par exemple sur les chantiers de construction, mat\u00e9riau int\u00e9rieur brun particuli\u00e8rement respirant permettant d&#8217;\u00e9vacuer l&#8217;humidit\u00e9 de l&#8217;ext\u00e9rieur, bord sup\u00e9rieur rembourr\u00e9, lacets robustes avec crochets m\u00e9talliques, \u0153illets coulissants, semelle int\u00e9rieure ergonomique amovible, semelle interm\u00e9diaire avec protection anti-perforation et anti-coupure indirecte en acier, embout de protection r\u00e9sistant \u00e0 l&#8217;abrasion et \u00e0 l&#8217;usure, semelle interm\u00e9diaire en PU absorbant les chocs, s\u00e9curit\u00e9 antid\u00e9rapante \u00e9lev\u00e9e assur\u00e9e par une semelle profil\u00e9e antid\u00e9rapante, id\u00e9al pour BGR 191. <\/p>\n<p>Classe de protection contre les coupures<br \/>\nClasse de protection EPI S3<\/p>\n","protected":false},"excerpt":{"rendered":"<p>Doublure en cuir nubuck de haute qualit\u00e9, particuli\u00e8rement hydrofuge. Peut \u00eatre utilis\u00e9 dans toutes les situations, par exemple sur les<\/p>\n","protected":false},"featured_media":438811,"template":"","meta":{"_seopress_robots_primary_cat":"none","_seopress_titles_title":"","_seopress_titles_desc":"","_seopress_robots_index":""},"product_brand":[3555],"product_cat":[173,1423],"product_tag":[3267],"class_list":{"0":"post-516186","1":"product","2":"type-product","3":"status-publish","4":"has-post-thumbnail","6":"product_brand-stihl-fr","7":"product_cat-chaussures","8":"product_cat-chaussures-de-travail","9":"product_tag-import-stihl-fr","10":"sws-conto-ricavi-merci-rivendita-calzature-fr","11":"sws-gruppo-iva-iva81-fr","13":"first","14":"instock","15":"sale","16":"shipping-taxable","17":"purchasable","18":"product-type-variable"},"_links":{"self":[{"href":"https:\/\/lucacastelli.com\/fr\/wp-json\/wp\/v2\/product\/516186","targetHints":{"allow":["GET"]}}],"collection":[{"href":"https:\/\/lucacastelli.com\/fr\/wp-json\/wp\/v2\/product"}],"about":[{"href":"https:\/\/lucacastelli.com\/fr\/wp-json\/wp\/v2\/types\/product"}],"wp:featuredmedia":[{"embeddable":true,"href":"https:\/\/lucacastelli.com\/fr\/wp-json\/wp\/v2\/media\/438811"}],"wp:attachment":[{"href":"https:\/\/lucacastelli.com\/fr\/wp-json\/wp\/v2\/media?parent=516186"}],"wp:term":[{"taxonomy":"product_brand","embeddable":true,"href":"https:\/\/lucacastelli.com\/fr\/wp-json\/wp\/v2\/product_brand?post=516186"},{"taxonomy":"product_cat","embeddable":true,"href":"https:\/\/lucacastelli.com\/fr\/wp-json\/wp\/v2\/product_cat?post=516186"},{"taxonomy":"product_tag","embeddable":true,"href":"https:\/\/lucacastelli.com\/fr\/wp-json\/wp\/v2\/product_tag?post=516186"}],"curies":[{"name":"wp","href":"https:\/\/api.w.org\/{rel}","templated":true}]}}