{"id":516122,"date":"2025-07-02T16:09:20","date_gmt":"2025-07-02T14:09:20","guid":{"rendered":"https:\/\/lucacastelli.com\/prodotto\/chaussures-de-securite-stihl-worker-s2\/"},"modified":"2025-07-02T16:09:20","modified_gmt":"2025-07-02T14:09:20","slug":"chaussures-de-securite-stihl-worker-s2","status":"publish","type":"product","link":"https:\/\/lucacastelli.com\/fr\/produit\/chaussures-de-securite-stihl-worker-s2\/","title":{"rendered":"Chaussures de s\u00e9curit\u00e9 STIHL, Worker S2"},"content":{"rendered":"<p>Tige en excellent cuir de vache. Doublure en tissu respirant qui s\u00e8che rapidement. Bandes r\u00e9fl\u00e9chissantes des deux c\u00f4t\u00e9s. Semelle int\u00e9rieure amovible. Semelle en caoutchouc\/EVA r\u00e9sistante aux huiles et aux carburants, conform\u00e9ment \u00e0 la norme EN ISO 20345.    <\/p>\n<p>&nbsp;<\/p>\n","protected":false},"excerpt":{"rendered":"<p>Tige en excellent cuir de vache. Doublure en tissu respirant qui s\u00e8che rapidement. Bandes r\u00e9fl\u00e9chissantes des deux c\u00f4t\u00e9s. Semelle int\u00e9rieure<\/p>\n","protected":false},"featured_media":438767,"template":"","meta":{"_seopress_robots_primary_cat":"none","_seopress_titles_title":"","_seopress_titles_desc":"","_seopress_robots_index":""},"product_brand":[3555],"product_cat":[173,1423],"product_tag":[3267],"class_list":{"0":"post-516122","1":"product","2":"type-product","3":"status-publish","4":"has-post-thumbnail","6":"product_brand-stihl-fr","7":"product_cat-chaussures","8":"product_cat-chaussures-de-travail","9":"product_tag-import-stihl-fr","10":"sws-conto-ricavi-merci-rivendita-calzature-fr","11":"sws-gruppo-iva-iva81-fr","13":"first","14":"instock","15":"sale","16":"shipping-taxable","17":"purchasable","18":"product-type-variable"},"_links":{"self":[{"href":"https:\/\/lucacastelli.com\/fr\/wp-json\/wp\/v2\/product\/516122","targetHints":{"allow":["GET"]}}],"collection":[{"href":"https:\/\/lucacastelli.com\/fr\/wp-json\/wp\/v2\/product"}],"about":[{"href":"https:\/\/lucacastelli.com\/fr\/wp-json\/wp\/v2\/types\/product"}],"wp:featuredmedia":[{"embeddable":true,"href":"https:\/\/lucacastelli.com\/fr\/wp-json\/wp\/v2\/media\/438767"}],"wp:attachment":[{"href":"https:\/\/lucacastelli.com\/fr\/wp-json\/wp\/v2\/media?parent=516122"}],"wp:term":[{"taxonomy":"product_brand","embeddable":true,"href":"https:\/\/lucacastelli.com\/fr\/wp-json\/wp\/v2\/product_brand?post=516122"},{"taxonomy":"product_cat","embeddable":true,"href":"https:\/\/lucacastelli.com\/fr\/wp-json\/wp\/v2\/product_cat?post=516122"},{"taxonomy":"product_tag","embeddable":true,"href":"https:\/\/lucacastelli.com\/fr\/wp-json\/wp\/v2\/product_tag?post=516122"}],"curies":[{"name":"wp","href":"https:\/\/api.w.org\/{rel}","templated":true}]}}