{"id":516031,"date":"2025-07-02T15:40:25","date_gmt":"2025-07-02T13:40:25","guid":{"rendered":"https:\/\/lucacastelli.com\/prodotto\/stihl-bottes-en-cuir-dynamic-gtx-pour-tronconneuses\/"},"modified":"2025-07-02T15:40:25","modified_gmt":"2025-07-02T13:40:25","slug":"stihl-bottes-en-cuir-dynamic-gtx-pour-tronconneuses","status":"publish","type":"product","link":"https:\/\/lucacastelli.com\/fr\/produit\/stihl-bottes-en-cuir-dynamic-gtx-pour-tronconneuses\/","title":{"rendered":"STIHL Bottes en cuir, Dynamic GTX, pour Tron\u00e7onneuses"},"content":{"rendered":"<p>Tige en cuir hydrofuge combin\u00e9e \u00e0 une membrane GORE-TEX\u00ae Extended Comfort imperm\u00e9able et respirante. Extr\u00eamement confortable gr\u00e2ce \u00e0 une semelle int\u00e9rieure ergonomique et souple, des \u0153illets faciles \u00e0 glisser, une protection des orteils r\u00e9sistante \u00e0 l&#8217;usure et \u00e0 l&#8217;abrasion<br \/>\n, une grande s\u00e9curit\u00e9 de mouvement gr\u00e2ce \u00e0 une semelle profil\u00e9e antid\u00e9rapante, des inserts r\u00e9fl\u00e9chissants pour une s\u00e9curit\u00e9 accrue. <\/p>\n<p>Classe de protection contre les coupures<br \/>\nClasse de protection EPI S2<\/p>\n","protected":false},"excerpt":{"rendered":"<p>Tige en cuir hydrofuge combin\u00e9e \u00e0 une membrane GORE-TEX\u00ae Extended Comfort imperm\u00e9able et respirante. Extr\u00eamement confortable gr\u00e2ce \u00e0 une semelle<\/p>\n","protected":false},"featured_media":438867,"template":"","meta":{"_seopress_robots_primary_cat":"none","_seopress_titles_title":"","_seopress_titles_desc":"","_seopress_robots_index":""},"product_brand":[3555],"product_cat":[173,1423],"product_tag":[3267],"class_list":{"0":"post-516031","1":"product","2":"type-product","3":"status-publish","4":"has-post-thumbnail","6":"product_brand-stihl-fr","7":"product_cat-chaussures","8":"product_cat-chaussures-de-travail","9":"product_tag-import-stihl-fr","10":"sws-conto-ricavi-merci-rivendita-calzature-fr","11":"sws-gruppo-iva-iva81-fr","13":"first","14":"instock","15":"sale","16":"shipping-taxable","17":"purchasable","18":"product-type-variable"},"_links":{"self":[{"href":"https:\/\/lucacastelli.com\/fr\/wp-json\/wp\/v2\/product\/516031","targetHints":{"allow":["GET"]}}],"collection":[{"href":"https:\/\/lucacastelli.com\/fr\/wp-json\/wp\/v2\/product"}],"about":[{"href":"https:\/\/lucacastelli.com\/fr\/wp-json\/wp\/v2\/types\/product"}],"wp:featuredmedia":[{"embeddable":true,"href":"https:\/\/lucacastelli.com\/fr\/wp-json\/wp\/v2\/media\/438867"}],"wp:attachment":[{"href":"https:\/\/lucacastelli.com\/fr\/wp-json\/wp\/v2\/media?parent=516031"}],"wp:term":[{"taxonomy":"product_brand","embeddable":true,"href":"https:\/\/lucacastelli.com\/fr\/wp-json\/wp\/v2\/product_brand?post=516031"},{"taxonomy":"product_cat","embeddable":true,"href":"https:\/\/lucacastelli.com\/fr\/wp-json\/wp\/v2\/product_cat?post=516031"},{"taxonomy":"product_tag","embeddable":true,"href":"https:\/\/lucacastelli.com\/fr\/wp-json\/wp\/v2\/product_tag?post=516031"}],"curies":[{"name":"wp","href":"https:\/\/api.w.org\/{rel}","templated":true}]}}