{"id":516030,"date":"2025-07-02T15:04:06","date_gmt":"2025-07-02T13:04:06","guid":{"rendered":"https:\/\/lucacastelli.com\/prodotto\/stihl-legs-function-core-270\/"},"modified":"2025-07-02T15:04:06","modified_gmt":"2025-07-02T13:04:06","slug":"stihl-legs-function-core-270","status":"publish","type":"product","link":"https:\/\/lucacastelli.com\/fr\/produit\/stihl-legs-function-core-270\/","title":{"rendered":"STIHL LEGS FUNCTION Core 270\u00b0"},"content":{"rendered":"<p>Pour une utilisation occasionnelle avec une Tron\u00e7onneuses, il suffit de les porter par-dessus un pantalon de travail, de les attacher et de commencer \u00e0 travailler. Couleur anthracite et orange avec optique Jeans. Confort accru gr\u00e2ce aux bretelles \u00e9lastiques, l\u00e9g\u00e8ret\u00e9 et respirabilit\u00e9, logo STIHL r\u00e9fl\u00e9chissant \u00e0 droite, zone de protection \u00e9tendue contre les coupures.\/ppMati\u00e8re ext\u00e9rieure : 100 % polyester recycl\u00e9, mati\u00e8re ext\u00e9rieure noire : 55 % \u00e9lastomultiester T400\u00ae \/ 45 % polyester, doublure : 100 % polyester recycl\u00e9, protection contre les coupures : 100 % polyester recycl\u00e9<\/p>\n<p>Classe de protection contre les coupures 1<br \/>\nLongueur de la protection des jambes<\/p>\n","protected":false},"excerpt":{"rendered":"<p>Pour une utilisation occasionnelle avec une Tron\u00e7onneuses, il suffit de les porter par-dessus un pantalon de travail, de les attacher<\/p>\n","protected":false},"featured_media":436725,"template":"","meta":{"_seopress_robots_primary_cat":"none","_seopress_titles_title":"","_seopress_titles_desc":"","_seopress_robots_index":""},"product_brand":[3555],"product_cat":[81,1381],"product_tag":[3267],"class_list":{"0":"post-516030","1":"product","2":"type-product","3":"status-publish","4":"has-post-thumbnail","6":"product_brand-stihl-fr","7":"product_cat-vetements","8":"product_cat-vetements-de-travail","9":"product_tag-import-stihl-fr","10":"sws-gruppo-abb-libero-fr","11":"sws-conto-ricavi-merci-rivendita-abbigliamento-fr","12":"sws-gruppo-iva-iva81-fr","14":"first","15":"instock","16":"sale","17":"shipping-taxable","18":"purchasable","19":"product-type-variable"},"_links":{"self":[{"href":"https:\/\/lucacastelli.com\/fr\/wp-json\/wp\/v2\/product\/516030","targetHints":{"allow":["GET"]}}],"collection":[{"href":"https:\/\/lucacastelli.com\/fr\/wp-json\/wp\/v2\/product"}],"about":[{"href":"https:\/\/lucacastelli.com\/fr\/wp-json\/wp\/v2\/types\/product"}],"wp:featuredmedia":[{"embeddable":true,"href":"https:\/\/lucacastelli.com\/fr\/wp-json\/wp\/v2\/media\/436725"}],"wp:attachment":[{"href":"https:\/\/lucacastelli.com\/fr\/wp-json\/wp\/v2\/media?parent=516030"}],"wp:term":[{"taxonomy":"product_brand","embeddable":true,"href":"https:\/\/lucacastelli.com\/fr\/wp-json\/wp\/v2\/product_brand?post=516030"},{"taxonomy":"product_cat","embeddable":true,"href":"https:\/\/lucacastelli.com\/fr\/wp-json\/wp\/v2\/product_cat?post=516030"},{"taxonomy":"product_tag","embeddable":true,"href":"https:\/\/lucacastelli.com\/fr\/wp-json\/wp\/v2\/product_tag?post=516030"}],"curies":[{"name":"wp","href":"https:\/\/api.w.org\/{rel}","templated":true}]}}