{"id":515189,"date":"2025-07-02T13:09:14","date_gmt":"2025-07-02T11:09:14","guid":{"rendered":"https:\/\/lucacastelli.com\/prodotto\/pantalon-stihl-advance-flextec-dac1\/"},"modified":"2025-07-02T13:09:14","modified_gmt":"2025-07-02T11:09:14","slug":"pantalon-stihl-advance-flextec-dac1","status":"publish","type":"product","link":"https:\/\/lucacastelli.com\/fr\/produit\/pantalon-stihl-advance-flextec-dac1\/","title":{"rendered":"Pantalon STIHL ADVANCE FlexTEC dAc1"},"content":{"rendered":"<p>Pantalon r\u00e9sistant aux coupures pour les travaux forestiers professionnels et l&#8217;entretien des arbres. Excellent confort gr\u00e2ce \u00e0 la mati\u00e8re r\u00e9sistante aux coupures AVERTIC pro lite+, particuli\u00e8rement l\u00e9g\u00e8re et respirante, d\u00e9velopp\u00e9e exclusivement pour STIHL. Le tissu ext\u00e9rieur du pantalon est \u00e9lastique et garantit une plus grande libert\u00e9 de mouvement. Taille r\u00e9glable, ouvertures de ventilation zipp\u00e9es. Nombreuses poches zipp\u00e9es pratiques. Protection contre les tiques gr\u00e2ce \u00e0 une gu\u00eatre respirante. Mat\u00e9riaux robustes et d\u00e9perlants. Beaucoup en orange de s\u00e9curit\u00e9 et d\u00e9tails r\u00e9fl\u00e9chissants pour une bonne visibilit\u00e9.nbsp;Niveau de protection contre les coupures 1, conception A (EN ISO 11393)<\/p>\n<p>Classe de protection contre les coupures 1<\/p>\n","protected":false},"excerpt":{"rendered":"<p>Pantalon r\u00e9sistant aux coupures pour les travaux forestiers professionnels et l&#8217;entretien des arbres. Excellent confort gr\u00e2ce \u00e0 la mati\u00e8re r\u00e9sistante<\/p>\n","protected":false},"featured_media":514974,"template":"","meta":{"_seopress_robots_primary_cat":"none","_seopress_titles_title":"","_seopress_titles_desc":"","_seopress_robots_index":""},"product_brand":[3555],"product_cat":[81,1381],"product_tag":[3267],"class_list":{"0":"post-515189","1":"product","2":"type-product","3":"status-publish","4":"has-post-thumbnail","6":"product_brand-stihl-fr","7":"product_cat-vetements","8":"product_cat-vetements-de-travail","9":"product_tag-import-stihl-fr","10":"sws-conto-ricavi-merci-rivendita-abbigliamento-fr","11":"sws-gruppo-iva-iva81-fr","13":"first","14":"instock","15":"sale","16":"shipping-taxable","17":"purchasable","18":"product-type-variable"},"_links":{"self":[{"href":"https:\/\/lucacastelli.com\/fr\/wp-json\/wp\/v2\/product\/515189","targetHints":{"allow":["GET"]}}],"collection":[{"href":"https:\/\/lucacastelli.com\/fr\/wp-json\/wp\/v2\/product"}],"about":[{"href":"https:\/\/lucacastelli.com\/fr\/wp-json\/wp\/v2\/types\/product"}],"wp:featuredmedia":[{"embeddable":true,"href":"https:\/\/lucacastelli.com\/fr\/wp-json\/wp\/v2\/media\/514974"}],"wp:attachment":[{"href":"https:\/\/lucacastelli.com\/fr\/wp-json\/wp\/v2\/media?parent=515189"}],"wp:term":[{"taxonomy":"product_brand","embeddable":true,"href":"https:\/\/lucacastelli.com\/fr\/wp-json\/wp\/v2\/product_brand?post=515189"},{"taxonomy":"product_cat","embeddable":true,"href":"https:\/\/lucacastelli.com\/fr\/wp-json\/wp\/v2\/product_cat?post=515189"},{"taxonomy":"product_tag","embeddable":true,"href":"https:\/\/lucacastelli.com\/fr\/wp-json\/wp\/v2\/product_tag?post=515189"}],"curies":[{"name":"wp","href":"https:\/\/api.w.org\/{rel}","templated":true}]}}