{"id":515132,"date":"2025-07-12T13:57:30","date_gmt":"2025-07-12T11:57:30","guid":{"rendered":"https:\/\/lucacastelli.com\/prodotto\/chemise-fonctionnelle-stihl-advance-noire\/"},"modified":"2025-07-12T13:57:30","modified_gmt":"2025-07-12T11:57:30","slug":"chemise-fonctionnelle-stihl-advance-noire","status":"publish","type":"product","link":"https:\/\/lucacastelli.com\/fr\/produit\/chemise-fonctionnelle-stihl-advance-noire\/","title":{"rendered":"Chemise fonctionnelle &#8216;STIHL ADVANCE&#8217;, noire"},"content":{"rendered":"<p>V\u00eatements particuli\u00e8rement adapt\u00e9s au travail en ext\u00e9rieur dans la nature. Les parties int\u00e9gr\u00e9es sans coutures offrent une protection et un climat corporel id\u00e9al. Plusieurs couches int\u00e9gr\u00e9es assurent un bon transport de l&#8217;humidit\u00e9 et un s\u00e9chage rapide. Les fils d&#8217;argent int\u00e9gr\u00e9s neutralisent les odeurs.   <\/p>\n<p>&nbsp;<\/p>\n","protected":false},"excerpt":{"rendered":"<p>V\u00eatements particuli\u00e8rement adapt\u00e9s au travail en ext\u00e9rieur dans la nature. Les parties int\u00e9gr\u00e9es sans coutures offrent une protection et un<\/p>\n","protected":false},"featured_media":515008,"template":"","meta":{"_seopress_robots_primary_cat":"none","_seopress_titles_title":"","_seopress_titles_desc":"","_seopress_robots_index":""},"product_brand":[3366],"product_cat":[21,284],"product_tag":[3265],"class_list":{"0":"post-515132","1":"product","2":"type-product","3":"status-publish","4":"has-post-thumbnail","6":"product_brand-stihl","7":"product_cat-abbigliamento","8":"product_cat-abbigliamento-da-lavoro","9":"product_tag-import-stihl","10":"sws-conto-ricavi-merci-rivendita-abbigliamento-fr","11":"sws-gruppo-iva-iva81-fr","13":"first","14":"instock","15":"shipping-taxable","16":"purchasable","17":"product-type-variable"},"_links":{"self":[{"href":"https:\/\/lucacastelli.com\/fr\/wp-json\/wp\/v2\/product\/515132","targetHints":{"allow":["GET"]}}],"collection":[{"href":"https:\/\/lucacastelli.com\/fr\/wp-json\/wp\/v2\/product"}],"about":[{"href":"https:\/\/lucacastelli.com\/fr\/wp-json\/wp\/v2\/types\/product"}],"wp:featuredmedia":[{"embeddable":true,"href":"https:\/\/lucacastelli.com\/fr\/wp-json\/wp\/v2\/media\/515008"}],"wp:attachment":[{"href":"https:\/\/lucacastelli.com\/fr\/wp-json\/wp\/v2\/media?parent=515132"}],"wp:term":[{"taxonomy":"product_brand","embeddable":true,"href":"https:\/\/lucacastelli.com\/fr\/wp-json\/wp\/v2\/product_brand?post=515132"},{"taxonomy":"product_cat","embeddable":true,"href":"https:\/\/lucacastelli.com\/fr\/wp-json\/wp\/v2\/product_cat?post=515132"},{"taxonomy":"product_tag","embeddable":true,"href":"https:\/\/lucacastelli.com\/fr\/wp-json\/wp\/v2\/product_tag?post=515132"}],"curies":[{"name":"wp","href":"https:\/\/api.w.org\/{rel}","templated":true}]}}