{"id":515112,"date":"2025-07-02T12:56:13","date_gmt":"2025-07-02T10:56:13","guid":{"rendered":"https:\/\/lucacastelli.com\/prodotto\/pantalon-stihl-function-core\/"},"modified":"2025-08-06T09:57:04","modified_gmt":"2025-08-06T07:57:04","slug":"pantalon-stihl-function-core","status":"publish","type":"product","link":"https:\/\/lucacastelli.com\/fr\/produit\/pantalon-stihl-function-core\/","title":{"rendered":"Pantalon STIHL, FUNCTION Core"},"content":{"rendered":"<p>pM\u00e9lange de mat\u00e9riaux fonctionnels alliant libert\u00e9 de mouvement et confort. Le pantalon est l\u00e9ger et confortable. Climat corporel agr\u00e9able gr\u00e2ce \u00e0 la doublure int\u00e9rieure respirante et au mat\u00e9riau d&#8217;a\u00e9ration \u00e0 l&#8217;arri\u00e8re des cuisses. Protection lombaire, ceinture \u00e9lastique et poches pratiques. Des \u00e9l\u00e9ments r\u00e9fl\u00e9chissants et des inserts asym\u00e9triques en anthracite, noir et orange de signalisation conf\u00e8rent au pantalon un design remarquable. Mati\u00e8re partiellement compos\u00e9e de polyester recycl\u00e9.\/p<\/p>\n<p>Classe de protection contre les coupures 1<\/p>\n","protected":false},"excerpt":{"rendered":"<p>pM\u00e9lange de mat\u00e9riaux fonctionnels alliant libert\u00e9 de mouvement et confort. Le pantalon est l\u00e9ger et confortable. Climat corporel agr\u00e9able gr\u00e2ce<\/p>\n","protected":false},"featured_media":514947,"template":"","meta":{"_seopress_robots_primary_cat":"none","_seopress_titles_title":"","_seopress_titles_desc":"","_seopress_robots_index":""},"product_brand":[3555],"product_cat":[81,1381],"product_tag":[3267],"class_list":{"0":"post-515112","1":"product","2":"type-product","3":"status-publish","4":"has-post-thumbnail","6":"product_brand-stihl-fr","7":"product_cat-vetements","8":"product_cat-vetements-de-travail","9":"product_tag-import-stihl-fr","10":"sws-gruppo-abb-libero-fr","11":"sws-conto-ricavi-merci-rivendita-abbigliamento-fr","12":"sws-gruppo-iva-iva81-fr","14":"first","15":"instock","16":"sale","17":"shipping-taxable","18":"purchasable","19":"product-type-variable"},"_links":{"self":[{"href":"https:\/\/lucacastelli.com\/fr\/wp-json\/wp\/v2\/product\/515112","targetHints":{"allow":["GET"]}}],"collection":[{"href":"https:\/\/lucacastelli.com\/fr\/wp-json\/wp\/v2\/product"}],"about":[{"href":"https:\/\/lucacastelli.com\/fr\/wp-json\/wp\/v2\/types\/product"}],"wp:featuredmedia":[{"embeddable":true,"href":"https:\/\/lucacastelli.com\/fr\/wp-json\/wp\/v2\/media\/514947"}],"wp:attachment":[{"href":"https:\/\/lucacastelli.com\/fr\/wp-json\/wp\/v2\/media?parent=515112"}],"wp:term":[{"taxonomy":"product_brand","embeddable":true,"href":"https:\/\/lucacastelli.com\/fr\/wp-json\/wp\/v2\/product_brand?post=515112"},{"taxonomy":"product_cat","embeddable":true,"href":"https:\/\/lucacastelli.com\/fr\/wp-json\/wp\/v2\/product_cat?post=515112"},{"taxonomy":"product_tag","embeddable":true,"href":"https:\/\/lucacastelli.com\/fr\/wp-json\/wp\/v2\/product_tag?post=515112"}],"curies":[{"name":"wp","href":"https:\/\/api.w.org\/{rel}","templated":true}]}}