{"id":515052,"date":"2025-07-02T12:41:09","date_gmt":"2025-07-02T10:41:09","guid":{"rendered":"https:\/\/lucacastelli.com\/prodotto\/veste-stihl-advance-shelltec\/"},"modified":"2025-07-02T12:41:09","modified_gmt":"2025-07-02T10:41:09","slug":"veste-stihl-advance-shelltec","status":"publish","type":"product","link":"https:\/\/lucacastelli.com\/fr\/produit\/veste-stihl-advance-shelltec\/","title":{"rendered":"Veste STIHL, ADVANCE ShellTEC"},"content":{"rendered":"<p>Veste l\u00e9g\u00e8re, respirante et d\u00e9perlante pour les travaux forestiers, l&#8217;accrobranche, le jardinage et l&#8217;am\u00e9nagement paysager par temps frais. Les zones noires sont d\u00e9perlantes et laissent passer l&#8217;air, les zones orange sont imperm\u00e9ables et respirantes. Mati\u00e8re \u00e9lastique pour une grande libert\u00e9 de mouvement, ouvertures de ventilation zipp\u00e9es r\u00e9glables sous les bras. Coudes pr\u00e9form\u00e9s avec protection contre l&#8217;abrasion et les \u00e9pines. 2 poches poitrine et 2 poches lat\u00e9rales, une poche manche, toutes zipp\u00e9es. Excellente visibilit\u00e9 gr\u00e2ce \u00e0 la couleur orange haute visibilit\u00e9 et aux d\u00e9tails r\u00e9fl\u00e9chissants.     <\/p>\n<p>&nbsp;<\/p>\n<p>&nbsp;<\/p>\n","protected":false},"excerpt":{"rendered":"<p>Veste l\u00e9g\u00e8re, respirante et d\u00e9perlante pour les travaux forestiers, l&#8217;accrobranche, le jardinage et l&#8217;am\u00e9nagement paysager par temps frais. Les zones<\/p>\n","protected":false},"featured_media":514922,"template":"","meta":{"_seopress_robots_primary_cat":"none","_seopress_titles_title":"","_seopress_titles_desc":"","_seopress_robots_index":""},"product_brand":[3555],"product_cat":[81,1381],"product_tag":[3267],"class_list":{"0":"post-515052","1":"product","2":"type-product","3":"status-publish","4":"has-post-thumbnail","6":"product_brand-stihl-fr","7":"product_cat-vetements","8":"product_cat-vetements-de-travail","9":"product_tag-import-stihl-fr","10":"sws-conto-ricavi-merci-rivendita-abbigliamento-fr","11":"sws-gruppo-iva-iva81-fr","13":"first","14":"instock","15":"sale","16":"shipping-taxable","17":"purchasable","18":"product-type-variable"},"_links":{"self":[{"href":"https:\/\/lucacastelli.com\/fr\/wp-json\/wp\/v2\/product\/515052","targetHints":{"allow":["GET"]}}],"collection":[{"href":"https:\/\/lucacastelli.com\/fr\/wp-json\/wp\/v2\/product"}],"about":[{"href":"https:\/\/lucacastelli.com\/fr\/wp-json\/wp\/v2\/types\/product"}],"wp:featuredmedia":[{"embeddable":true,"href":"https:\/\/lucacastelli.com\/fr\/wp-json\/wp\/v2\/media\/514922"}],"wp:attachment":[{"href":"https:\/\/lucacastelli.com\/fr\/wp-json\/wp\/v2\/media?parent=515052"}],"wp:term":[{"taxonomy":"product_brand","embeddable":true,"href":"https:\/\/lucacastelli.com\/fr\/wp-json\/wp\/v2\/product_brand?post=515052"},{"taxonomy":"product_cat","embeddable":true,"href":"https:\/\/lucacastelli.com\/fr\/wp-json\/wp\/v2\/product_cat?post=515052"},{"taxonomy":"product_tag","embeddable":true,"href":"https:\/\/lucacastelli.com\/fr\/wp-json\/wp\/v2\/product_tag?post=515052"}],"curies":[{"name":"wp","href":"https:\/\/api.w.org\/{rel}","templated":true}]}}