{"id":515024,"date":"2025-07-02T12:07:57","date_gmt":"2025-07-02T10:07:57","guid":{"rendered":"https:\/\/lucacastelli.com\/prodotto\/gants-de-travail-stihl-dynamic-vent\/"},"modified":"2025-07-02T12:07:57","modified_gmt":"2025-07-02T10:07:57","slug":"gants-de-travail-stihl-dynamic-vent","status":"publish","type":"product","link":"https:\/\/lucacastelli.com\/fr\/produit\/gants-de-travail-stihl-dynamic-vent\/","title":{"rendered":"Gants de travail STIHL DYNAMIC Vent"},"content":{"rendered":"<p>Gants de travail confortables en cuir synth\u00e9tique noir avec Spandex\u00ae et n\u00e9opr\u00e8ne orange. Doigts avec ouvertures lat\u00e9rales pour la ventilation. Manchette souple en caoutchouc avec fermeture velcro.  <\/p>\n<p>&nbsp;<\/p>\n","protected":false},"excerpt":{"rendered":"<p>Gants de travail confortables en cuir synth\u00e9tique noir avec Spandex\u00ae et n\u00e9opr\u00e8ne orange. Doigts avec ouvertures lat\u00e9rales pour la ventilation.<\/p>\n","protected":false},"featured_media":424296,"template":"","meta":{"_seopress_robots_primary_cat":"none","_seopress_titles_title":"","_seopress_titles_desc":"","_seopress_robots_index":""},"product_brand":[3555],"product_cat":[81,1381],"product_tag":[3267],"class_list":{"0":"post-515024","1":"product","2":"type-product","3":"status-publish","4":"has-post-thumbnail","6":"product_brand-stihl-fr","7":"product_cat-vetements","8":"product_cat-vetements-de-travail","9":"product_tag-import-stihl-fr","10":"sws-conto-ricavi-merci-rivendita-abbigliamento-fr","11":"sws-gruppo-iva-iva81-fr","13":"first","14":"instock","15":"sale","16":"shipping-taxable","17":"purchasable","18":"product-type-variable"},"_links":{"self":[{"href":"https:\/\/lucacastelli.com\/fr\/wp-json\/wp\/v2\/product\/515024","targetHints":{"allow":["GET"]}}],"collection":[{"href":"https:\/\/lucacastelli.com\/fr\/wp-json\/wp\/v2\/product"}],"about":[{"href":"https:\/\/lucacastelli.com\/fr\/wp-json\/wp\/v2\/types\/product"}],"wp:featuredmedia":[{"embeddable":true,"href":"https:\/\/lucacastelli.com\/fr\/wp-json\/wp\/v2\/media\/424296"}],"wp:attachment":[{"href":"https:\/\/lucacastelli.com\/fr\/wp-json\/wp\/v2\/media?parent=515024"}],"wp:term":[{"taxonomy":"product_brand","embeddable":true,"href":"https:\/\/lucacastelli.com\/fr\/wp-json\/wp\/v2\/product_brand?post=515024"},{"taxonomy":"product_cat","embeddable":true,"href":"https:\/\/lucacastelli.com\/fr\/wp-json\/wp\/v2\/product_cat?post=515024"},{"taxonomy":"product_tag","embeddable":true,"href":"https:\/\/lucacastelli.com\/fr\/wp-json\/wp\/v2\/product_tag?post=515024"}],"curies":[{"name":"wp","href":"https:\/\/api.w.org\/{rel}","templated":true}]}}