{"id":515010,"date":"2025-07-02T12:31:45","date_gmt":"2025-07-02T10:31:45","guid":{"rendered":"https:\/\/lucacastelli.com\/prodotto\/bavette-et-entretoise-stihl-dynamic-durotec-dac1\/"},"modified":"2025-07-02T12:31:45","modified_gmt":"2025-07-02T10:31:45","slug":"bavette-et-entretoise-stihl-dynamic-durotec-dac1","status":"publish","type":"product","link":"https:\/\/lucacastelli.com\/fr\/produit\/bavette-et-entretoise-stihl-dynamic-durotec-dac1\/","title":{"rendered":"Bavette et entretoise STIHL, DYNAMIC DuroTEC dAc1"},"content":{"rendered":"<p>Salopette r\u00e9sistante aux coupures pour tous les travaux \u00e0 la tron\u00e7onneuse. Coupe optimale, \u00e9galement adapt\u00e9e aux femmes, gr\u00e2ce \u00e0 la Ceinture r\u00e9glable et au tissu extensible. Grand confort et respirabilit\u00e9. Protection robuste contre les \u00e9pines et les abrasions au niveau de la partie inf\u00e9rieure de la jambe. Dans les variantes de conception A, la protection contre les coupures est fix\u00e9e de mani\u00e8re \u00e9lastique \u00e0 la partie sup\u00e9rieure du pantalon pour une libert\u00e9 de mouvement optimale. Ouvertures d&#8217;a\u00e9ration zipp\u00e9es pour un climat corporel agr\u00e9able. Poches pratiques. Grandes surfaces en orange de s\u00e9curit\u00e9 et \u00e9l\u00e9ments r\u00e9fl\u00e9chissants pour une bonne visibilit\u00e9.nbsp;Mod\u00e8le A, Classe 1<\/p>\n<p>Classe de protection contre les coupures<\/p>\n","protected":false},"excerpt":{"rendered":"<p>Salopette r\u00e9sistante aux coupures pour tous les travaux \u00e0 la tron\u00e7onneuse. Coupe optimale, \u00e9galement adapt\u00e9e aux femmes, gr\u00e2ce \u00e0 la<\/p>\n","protected":false},"featured_media":514903,"template":"","meta":{"_seopress_robots_primary_cat":"none","_seopress_titles_title":"","_seopress_titles_desc":"","_seopress_robots_index":""},"product_brand":[3555],"product_cat":[81,1381],"product_tag":[3267],"class_list":{"0":"post-515010","1":"product","2":"type-product","3":"status-publish","4":"has-post-thumbnail","6":"product_brand-stihl-fr","7":"product_cat-vetements","8":"product_cat-vetements-de-travail","9":"product_tag-import-stihl-fr","10":"sws-conto-ricavi-merci-rivendita-abbigliamento-fr","11":"sws-gruppo-iva-iva81-fr","13":"first","14":"instock","15":"sale","16":"shipping-taxable","17":"purchasable","18":"product-type-variable"},"_links":{"self":[{"href":"https:\/\/lucacastelli.com\/fr\/wp-json\/wp\/v2\/product\/515010","targetHints":{"allow":["GET"]}}],"collection":[{"href":"https:\/\/lucacastelli.com\/fr\/wp-json\/wp\/v2\/product"}],"about":[{"href":"https:\/\/lucacastelli.com\/fr\/wp-json\/wp\/v2\/types\/product"}],"wp:featuredmedia":[{"embeddable":true,"href":"https:\/\/lucacastelli.com\/fr\/wp-json\/wp\/v2\/media\/514903"}],"wp:attachment":[{"href":"https:\/\/lucacastelli.com\/fr\/wp-json\/wp\/v2\/media?parent=515010"}],"wp:term":[{"taxonomy":"product_brand","embeddable":true,"href":"https:\/\/lucacastelli.com\/fr\/wp-json\/wp\/v2\/product_brand?post=515010"},{"taxonomy":"product_cat","embeddable":true,"href":"https:\/\/lucacastelli.com\/fr\/wp-json\/wp\/v2\/product_cat?post=515010"},{"taxonomy":"product_tag","embeddable":true,"href":"https:\/\/lucacastelli.com\/fr\/wp-json\/wp\/v2\/product_tag?post=515010"}],"curies":[{"name":"wp","href":"https:\/\/api.w.org\/{rel}","templated":true}]}}