{"id":514853,"date":"2025-07-02T11:27:28","date_gmt":"2025-07-02T09:27:28","guid":{"rendered":"https:\/\/lucacastelli.com\/prodotto\/pantalon-de-securite-et-davertissement-stihl-protect-ms\/"},"modified":"2025-07-02T11:27:28","modified_gmt":"2025-07-02T09:27:28","slug":"pantalon-de-securite-et-davertissement-stihl-protect-ms","status":"publish","type":"product","link":"https:\/\/lucacastelli.com\/fr\/produit\/pantalon-de-securite-et-davertissement-stihl-protect-ms\/","title":{"rendered":"Pantalon de s\u00e9curit\u00e9 et d&#8217;avertissement STIHL PROTECT MS"},"content":{"rendered":"<p>Pantalon de protection robuste en mat\u00e9riau mixte fonctionnel. Couleur orange de signalisation, jaune de signalisation et noir. Tissu ext\u00e9rieur et doublure : 100 % polyester. Mati\u00e8re robuste : 65 % polyester et 35 % coton. Mat\u00e9riau de ventilation \u00e0 l&#8217;arri\u00e8re de la cuisse, mat\u00e9riau robuste aux genoux et \u00e0 la partie inf\u00e9rieure des jambes. Deux poches lat\u00e9rales, une poche dorsale, une poche pour le m\u00e8tre, protection lombaire, bavette boutonnable avec poche et haut dos antihypothermique, protection contre la haute visibilit\u00e9 conform\u00e9ment \u00e0 la norme EN 20471 classe 2, protection contre les coupures conform\u00e9ment \u00e0 la norme EN 381, classe de protection 1 (= 20 m\/s), conception A. En attente de la certification de la valeur d&#8217;usage KWF.     <\/p>\n<p>&nbsp;<\/p>\n<p>&nbsp;<\/p>\n","protected":false},"excerpt":{"rendered":"<p>Pantalon de protection robuste en mat\u00e9riau mixte fonctionnel. Couleur orange de signalisation, jaune de signalisation et noir. Tissu ext\u00e9rieur et<\/p>\n","protected":false},"featured_media":514293,"template":"","meta":{"_seopress_robots_primary_cat":"none","_seopress_titles_title":"","_seopress_titles_desc":"","_seopress_robots_index":""},"product_brand":[3555],"product_cat":[81,1381],"product_tag":[3267],"class_list":{"0":"post-514853","1":"product","2":"type-product","3":"status-publish","4":"has-post-thumbnail","6":"product_brand-stihl-fr","7":"product_cat-vetements","8":"product_cat-vetements-de-travail","9":"product_tag-import-stihl-fr","10":"sws-conto-ricavi-merci-rivendita-abbigliamento-fr","11":"sws-gruppo-iva-iva81-fr","13":"first","14":"instock","15":"sale","16":"shipping-taxable","17":"purchasable","18":"product-type-variable"},"_links":{"self":[{"href":"https:\/\/lucacastelli.com\/fr\/wp-json\/wp\/v2\/product\/514853","targetHints":{"allow":["GET"]}}],"collection":[{"href":"https:\/\/lucacastelli.com\/fr\/wp-json\/wp\/v2\/product"}],"about":[{"href":"https:\/\/lucacastelli.com\/fr\/wp-json\/wp\/v2\/types\/product"}],"wp:featuredmedia":[{"embeddable":true,"href":"https:\/\/lucacastelli.com\/fr\/wp-json\/wp\/v2\/media\/514293"}],"wp:attachment":[{"href":"https:\/\/lucacastelli.com\/fr\/wp-json\/wp\/v2\/media?parent=514853"}],"wp:term":[{"taxonomy":"product_brand","embeddable":true,"href":"https:\/\/lucacastelli.com\/fr\/wp-json\/wp\/v2\/product_brand?post=514853"},{"taxonomy":"product_cat","embeddable":true,"href":"https:\/\/lucacastelli.com\/fr\/wp-json\/wp\/v2\/product_cat?post=514853"},{"taxonomy":"product_tag","embeddable":true,"href":"https:\/\/lucacastelli.com\/fr\/wp-json\/wp\/v2\/product_tag?post=514853"}],"curies":[{"name":"wp","href":"https:\/\/api.w.org\/{rel}","templated":true}]}}