{"id":514725,"date":"2025-07-25T09:01:06","date_gmt":"2025-07-25T07:01:06","guid":{"rendered":"https:\/\/lucacastelli.com\/prodotto\/pantalon-de-securite-stihl-fs-3protect\/"},"modified":"2025-07-25T09:01:06","modified_gmt":"2025-07-25T07:01:06","slug":"pantalon-de-securite-stihl-fs-3protect","status":"publish","type":"product","link":"https:\/\/lucacastelli.com\/fr\/produit\/pantalon-de-securite-stihl-fs-3protect\/","title":{"rendered":"Pantalon de s\u00e9curit\u00e9 STIHL FS 3PROTECT"},"content":{"rendered":"<p>Pantalon de coupe \u00e0 triple fonction : protection contre l&#8217;eau, les \u00e9pines et les chocs. Grande respirabilit\u00e9, tissu ext\u00e9rieur robuste de style vintage. Tige en coton et 18 % de tissu extensible durable. Zips de ventilation \u00e0 l&#8217;arri\u00e8re des cuisses. Deux poches zipp\u00e9es \u00e0 la taille, poche arri\u00e8re, poche m\u00e8tre \u00e0 droite. Poche sur la cuisse avec compartiment int\u00e9gr\u00e9 pour t\u00e9l\u00e9phone portable \u00e0 gauche. Les jambi\u00e8res FS avec protection des genoux pour les utilisations sp\u00e9ciales. Pas de points de compression avec la Ceinture, gr\u00e2ce aux bretelles et \u00e0 la construction sp\u00e9ciale.       <\/p>\n<p>&nbsp;<\/p>\n<p>&nbsp;<\/p>\n","protected":false},"excerpt":{"rendered":"<p>Pantalon de coupe \u00e0 triple fonction : protection contre l&#8217;eau, les \u00e9pines et les chocs. Grande respirabilit\u00e9, tissu ext\u00e9rieur robuste<\/p>\n","protected":false},"featured_media":514159,"template":"","meta":{"_seopress_robots_primary_cat":"none","_seopress_titles_title":"","_seopress_titles_desc":"","_seopress_robots_index":""},"product_brand":[3555],"product_cat":[81,1381],"product_tag":[3267],"class_list":{"0":"post-514725","1":"product","2":"type-product","3":"status-publish","4":"has-post-thumbnail","6":"product_brand-stihl-fr","7":"product_cat-vetements","8":"product_cat-vetements-de-travail","9":"product_tag-import-stihl-fr","10":"sws-conto-ricavi-merci-rivendita-abbigliamento-fr","11":"sws-gruppo-iva-iva81-fr","13":"first","14":"instock","15":"sale","16":"shipping-taxable","17":"purchasable","18":"product-type-variable"},"_links":{"self":[{"href":"https:\/\/lucacastelli.com\/fr\/wp-json\/wp\/v2\/product\/514725","targetHints":{"allow":["GET"]}}],"collection":[{"href":"https:\/\/lucacastelli.com\/fr\/wp-json\/wp\/v2\/product"}],"about":[{"href":"https:\/\/lucacastelli.com\/fr\/wp-json\/wp\/v2\/types\/product"}],"wp:featuredmedia":[{"embeddable":true,"href":"https:\/\/lucacastelli.com\/fr\/wp-json\/wp\/v2\/media\/514159"}],"wp:attachment":[{"href":"https:\/\/lucacastelli.com\/fr\/wp-json\/wp\/v2\/media?parent=514725"}],"wp:term":[{"taxonomy":"product_brand","embeddable":true,"href":"https:\/\/lucacastelli.com\/fr\/wp-json\/wp\/v2\/product_brand?post=514725"},{"taxonomy":"product_cat","embeddable":true,"href":"https:\/\/lucacastelli.com\/fr\/wp-json\/wp\/v2\/product_cat?post=514725"},{"taxonomy":"product_tag","embeddable":true,"href":"https:\/\/lucacastelli.com\/fr\/wp-json\/wp\/v2\/product_tag?post=514725"}],"curies":[{"name":"wp","href":"https:\/\/api.w.org\/{rel}","templated":true}]}}