{"id":514671,"date":"2025-07-25T11:36:05","date_gmt":"2025-07-25T09:36:05","guid":{"rendered":"https:\/\/lucacastelli.com\/prodotto\/pfanner-wooltec-janker-gris\/"},"modified":"2026-04-16T01:17:32","modified_gmt":"2026-04-15T23:17:32","slug":"pfanner-wooltec-janker-gris","status":"publish","type":"product","link":"https:\/\/lucacastelli.com\/fr\/produit\/pfanner-wooltec-janker-gris\/","title":{"rendered":"PFANNER Wooltec Janker gris"},"content":{"rendered":"<p>Ses propri\u00e9t\u00e9s silencieuses rendent le Wooltec Janker id\u00e9al pour la chasse, lorsqu\u2019il est primordial de se d\u00e9placer sans bruit. Le Wooltec Janker est \u00e9galement un compagnon parfait pour d\u2019autres activit\u00e9s de plein air. Il permet de conserver son confort sans perdre sa chaleur corporelle. Le col montant emp\u00eache l\u2019intrusion de salet\u00e9s et prot\u00e8ge davantage contre les rafales de vent. Le Wooltec Janker est compos\u00e9 \u00e0 100 % de laine m\u00e9rinos. Cette laine n\u2019absorbe pas les odeurs et ne gratte pas la peau. La fermeture \u00e9clair est en outre dot\u00e9e d\u2019une protection pour le menton afin d\u2019\u00e9viter les irritations. \u00c9quip\u00e9e d\u2019une poche pratique sur la manche et de notre poche de poitrine fonctionnelle qui repousse les ondes radio, cette veste est vraiment compl\u00e8te.<br \/>\n&#8211; Laine m\u00e9rinos de haute qualit\u00e9<br \/>\n&#8211; N\u2019absorbe pas les odeurs<br \/>\n&#8211; Renforts d\u00e9perlants aux \u00e9paules et aux coudes<br \/>\nSilencieuse<br \/>\n&#8211; 100 % sans membrane<br \/>\n&#8211; Poche de poitrine Zipp2Zipp\u00ae<br \/>\n&#8211; Mod\u00e8le noir avec capuche       <\/p>\n<p>&nbsp;<\/p>\n<p>Mat\u00e9riau :<br \/>\nTissu ext\u00e9rieur : 100 % laine m\u00e9rinos<br \/>\nDoublure : 100 % polyamide<\/p>\n","protected":false},"excerpt":{"rendered":"<p>Ses propri\u00e9t\u00e9s silencieuses rendent le Wooltec Janker id\u00e9al pour la chasse, lorsqu\u2019il est primordial de se d\u00e9placer sans bruit. Le<\/p>\n","protected":false},"featured_media":512084,"template":"","meta":{"_seopress_robots_primary_cat":"none","_seopress_titles_title":"","_seopress_titles_desc":"","_seopress_robots_index":""},"product_brand":[3669],"product_cat":[81,981,982],"product_tag":[],"class_list":{"0":"post-514671","1":"product","2":"type-product","3":"status-publish","4":"has-post-thumbnail","6":"product_brand-pfanner-fr","7":"product_cat-vetements","8":"product_cat-vetements-de-loisirs","9":"product_cat-vetements-pour-hommes","10":"sws-gruppo-no-gruppo-fr","11":"sws-conto-ricavi-merci-rivendita-abbigliamento-fr","12":"sws-gruppo-iva-iva81-fr","14":"first","15":"instock","16":"shipping-taxable","17":"purchasable","18":"product-type-variable","19":"has-default-attributes"},"_links":{"self":[{"href":"https:\/\/lucacastelli.com\/fr\/wp-json\/wp\/v2\/product\/514671","targetHints":{"allow":["GET"]}}],"collection":[{"href":"https:\/\/lucacastelli.com\/fr\/wp-json\/wp\/v2\/product"}],"about":[{"href":"https:\/\/lucacastelli.com\/fr\/wp-json\/wp\/v2\/types\/product"}],"wp:featuredmedia":[{"embeddable":true,"href":"https:\/\/lucacastelli.com\/fr\/wp-json\/wp\/v2\/media\/512084"}],"wp:attachment":[{"href":"https:\/\/lucacastelli.com\/fr\/wp-json\/wp\/v2\/media?parent=514671"}],"wp:term":[{"taxonomy":"product_brand","embeddable":true,"href":"https:\/\/lucacastelli.com\/fr\/wp-json\/wp\/v2\/product_brand?post=514671"},{"taxonomy":"product_cat","embeddable":true,"href":"https:\/\/lucacastelli.com\/fr\/wp-json\/wp\/v2\/product_cat?post=514671"},{"taxonomy":"product_tag","embeddable":true,"href":"https:\/\/lucacastelli.com\/fr\/wp-json\/wp\/v2\/product_tag?post=514671"}],"curies":[{"name":"wp","href":"https:\/\/api.w.org\/{rel}","templated":true}]}}