{"id":514597,"date":"2025-07-24T22:49:53","date_gmt":"2025-07-24T20:49:53","guid":{"rendered":"https:\/\/lucacastelli.com\/prodotto\/pfanner-canvas-shorts-gris-rouge\/"},"modified":"2026-04-16T01:18:15","modified_gmt":"2026-04-15T23:18:15","slug":"pfanner-canvas-shorts-gris-rouge","status":"publish","type":"product","link":"https:\/\/lucacastelli.com\/fr\/produit\/pfanner-canvas-shorts-gris-rouge\/","title":{"rendered":"PFANNER Canvas Shorts gris-rouge"},"content":{"rendered":"<p>Le short StretchZone\u00ae Canvas est parfait pour les journ\u00e9es chaudes et l&#8217;usage quotidien au travail. La technologie StretchZone\u00ae garantit un maintien optimal et une respirabilit\u00e9 maximale lors de toutes les activit\u00e9s. Le positionnement \u00e9tudi\u00e9 des poches pour l&#8217;usage quotidien, incluant une poche triple sp\u00e9ciale pour m\u00e8tre pliant, offre de l&#8217;espace pour tous les outils. Le short StretchZone\u00ae Canvas est \u00e9galement disponible en version pantalon long.<br \/>\n-Technologie StretchZone\u00ae<br \/>\n-Libert\u00e9 de mouvement maximale<br \/>\n-Poche triple pour m\u00e8tre ruban<br \/>\n-Gousset anti-d\u00e9chirure<br \/>\n-Int\u00e9rieur en flanelle<br \/>\n-Bandes r\u00e9fl\u00e9chissantes<br \/>\n-Ceinture \u00e9lastique continue   <\/p>\n<p>Mat\u00e9riau :<br \/>\nToile : 65 % PES, 35 % coton<br \/>\nTissu stretch : 90 % polyamide, 10 % \u00e9lasthanne<\/p>\n","protected":false},"excerpt":{"rendered":"<p>Le short StretchZone\u00ae Canvas est parfait pour les journ\u00e9es chaudes et l&#8217;usage quotidien au travail. La technologie StretchZone\u00ae garantit un<\/p>\n","protected":false},"featured_media":511994,"template":"","meta":{"_seopress_robots_primary_cat":"none","_seopress_titles_title":"","_seopress_titles_desc":"","_seopress_robots_index":""},"product_brand":[3669],"product_cat":[81,1381],"product_tag":[],"class_list":{"0":"post-514597","1":"product","2":"type-product","3":"status-publish","4":"has-post-thumbnail","6":"product_brand-pfanner-fr","7":"product_cat-vetements","8":"product_cat-vetements-de-travail","9":"sws-gruppo-no-gruppo-fr","10":"sws-conto-ricavi-merci-rivendita-abbigliamento-fr","11":"sws-gruppo-iva-iva81-fr","13":"first","14":"instock","15":"shipping-taxable","16":"purchasable","17":"product-type-variable","18":"has-default-attributes"},"_links":{"self":[{"href":"https:\/\/lucacastelli.com\/fr\/wp-json\/wp\/v2\/product\/514597","targetHints":{"allow":["GET"]}}],"collection":[{"href":"https:\/\/lucacastelli.com\/fr\/wp-json\/wp\/v2\/product"}],"about":[{"href":"https:\/\/lucacastelli.com\/fr\/wp-json\/wp\/v2\/types\/product"}],"wp:featuredmedia":[{"embeddable":true,"href":"https:\/\/lucacastelli.com\/fr\/wp-json\/wp\/v2\/media\/511994"}],"wp:attachment":[{"href":"https:\/\/lucacastelli.com\/fr\/wp-json\/wp\/v2\/media?parent=514597"}],"wp:term":[{"taxonomy":"product_brand","embeddable":true,"href":"https:\/\/lucacastelli.com\/fr\/wp-json\/wp\/v2\/product_brand?post=514597"},{"taxonomy":"product_cat","embeddable":true,"href":"https:\/\/lucacastelli.com\/fr\/wp-json\/wp\/v2\/product_cat?post=514597"},{"taxonomy":"product_tag","embeddable":true,"href":"https:\/\/lucacastelli.com\/fr\/wp-json\/wp\/v2\/product_tag?post=514597"}],"curies":[{"name":"wp","href":"https:\/\/api.w.org\/{rel}","templated":true}]}}