{"id":514576,"date":"2025-07-28T08:52:38","date_gmt":"2025-07-28T06:52:38","guid":{"rendered":"https:\/\/lucacastelli.com\/prodotto\/veste-advance-x-treem-de-stihl\/"},"modified":"2025-07-28T08:52:38","modified_gmt":"2025-07-28T06:52:38","slug":"veste-advance-x-treem-de-stihl","status":"publish","type":"product","link":"https:\/\/lucacastelli.com\/fr\/produit\/veste-advance-x-treem-de-stihl\/","title":{"rendered":"Veste ADVANCE X-TREEm de STIHL"},"content":{"rendered":"<p>D\u00e9velopp\u00e9e de mani\u00e8re totalement nouvelle avec de nombreux d\u00e9tails utiles : inserts hautement \u00e9lastiques en mati\u00e8re ProElast pour une libert\u00e9 de mouvement optimale et une activit\u00e9 respirante. Couleur noir, orange de signalisation et argent. Possibilit\u00e9 de fixer une protection pour la scie \u00e0 main. Manches amovibles, mat\u00e9riau d&#8217;\u00e9cartement des \u00e9paules et ouvertures d&#8217;a\u00e9ration r\u00e9glables pour un climat corporel agr\u00e9able. Protection contre l&#8217;usure gr\u00e2ce \u00e0 des points en c\u00e9ramique sur les coudes. Protection de l&#8217;\u00e9paule ext\u00e9rieure par des points DotGrip en relief. Haute visibilit\u00e9 gr\u00e2ce \u00e0 un pourcentage \u00e9lev\u00e9 d&#8217;orange de signalisation. Deux poches de poitrine, une poche int\u00e9rieure et une poche sur la manche. Certifi\u00e9 par le KWF pour sa valeur d&#8217;usage.        <\/p>\n<p>&nbsp;<\/p>\n","protected":false},"excerpt":{"rendered":"<p>D\u00e9velopp\u00e9e de mani\u00e8re totalement nouvelle avec de nombreux d\u00e9tails utiles : inserts hautement \u00e9lastiques en mati\u00e8re ProElast pour une libert\u00e9<\/p>\n","protected":false},"featured_media":438679,"template":"","meta":{"_seopress_robots_primary_cat":"none","_seopress_titles_title":"","_seopress_titles_desc":"","_seopress_robots_index":""},"product_brand":[3366],"product_cat":[21,284],"product_tag":[3265],"class_list":{"0":"post-514576","1":"product","2":"type-product","3":"status-publish","4":"has-post-thumbnail","6":"product_brand-stihl","7":"product_cat-abbigliamento","8":"product_cat-abbigliamento-da-lavoro","9":"product_tag-import-stihl","10":"sws-conto-ricavi-merci-rivendita-abbigliamento-fr","11":"sws-gruppo-iva-iva81-fr","13":"first","14":"instock","15":"sale","16":"shipping-taxable","17":"purchasable","18":"product-type-variable"},"_links":{"self":[{"href":"https:\/\/lucacastelli.com\/fr\/wp-json\/wp\/v2\/product\/514576","targetHints":{"allow":["GET"]}}],"collection":[{"href":"https:\/\/lucacastelli.com\/fr\/wp-json\/wp\/v2\/product"}],"about":[{"href":"https:\/\/lucacastelli.com\/fr\/wp-json\/wp\/v2\/types\/product"}],"wp:featuredmedia":[{"embeddable":true,"href":"https:\/\/lucacastelli.com\/fr\/wp-json\/wp\/v2\/media\/438679"}],"wp:attachment":[{"href":"https:\/\/lucacastelli.com\/fr\/wp-json\/wp\/v2\/media?parent=514576"}],"wp:term":[{"taxonomy":"product_brand","embeddable":true,"href":"https:\/\/lucacastelli.com\/fr\/wp-json\/wp\/v2\/product_brand?post=514576"},{"taxonomy":"product_cat","embeddable":true,"href":"https:\/\/lucacastelli.com\/fr\/wp-json\/wp\/v2\/product_cat?post=514576"},{"taxonomy":"product_tag","embeddable":true,"href":"https:\/\/lucacastelli.com\/fr\/wp-json\/wp\/v2\/product_tag?post=514576"}],"curies":[{"name":"wp","href":"https:\/\/api.w.org\/{rel}","templated":true}]}}